{"id":5290,"date":"2023-10-17T09:02:10","date_gmt":"2023-10-17T07:02:10","guid":{"rendered":"https:\/\/alucenter.lu\/?page_id=5290"},"modified":"2023-10-17T09:05:39","modified_gmt":"2023-10-17T07:05:39","slug":"autres-methodes-dassemblage","status":"publish","type":"page","link":"https:\/\/alucenter.lu\/index.php\/autres-methodes-dassemblage\/","title":{"rendered":"Autres M\u00e9thodes D\u2019assemblage"},"content":{"rendered":"\t\t<div data-elementor-type=\"wp-page\" data-elementor-id=\"5290\" class=\"elementor elementor-5290\">\n\t\t\t\t\t\t\t\t\t<section class=\"elementor-section elementor-top-section elementor-element elementor-element-625451f elementor-section-boxed elementor-section-height-default elementor-section-height-default\" data-id=\"625451f\" data-element_type=\"section\">\n\t\t\t\t\t\t<div class=\"elementor-container elementor-column-gap-no\">\n\t\t\t\t\t<div class=\"elementor-column elementor-col-50 elementor-top-column elementor-element elementor-element-4333d05 animated-fast elementor-invisible\" data-id=\"4333d05\" data-element_type=\"column\" data-settings=\"{&quot;background_background&quot;:&quot;classic&quot;,&quot;animation&quot;:&quot;opal-move-up&quot;}\">\n\t\t\t<div class=\"elementor-widget-wrap elementor-element-populated\">\n\t\t\t\t\t\t\t\t<div class=\"elementor-element elementor-element-51aa6ae elementor-tablet-align-center animated-fast elementor-invisible elementor-widget elementor-widget-heading\" data-id=\"51aa6ae\" data-element_type=\"widget\" data-settings=\"{&quot;_animation&quot;:&quot;opal-move-up&quot;}\" data-widget_type=\"heading.default\">\n\t\t\t\t<div class=\"elementor-widget-container\">\n\t\t\t<span class=\"sub-title\">Les principales mani\u00e8res d\u2019assembler l\u2019aluminium<\/span><h2 class=\"elementor-heading-title elementor-size-default\">Boulonnage, brasage et coin\u00e7age\n<\/h2>\t\t<\/div>\n\t\t\t\t<\/div>\n\t\t\t\t<div class=\"elementor-element elementor-element-dde6bb9 animated-fast elementor-invisible elementor-widget elementor-widget-text-editor\" data-id=\"dde6bb9\" data-element_type=\"widget\" data-settings=\"{&quot;_animation&quot;:&quot;opal-move-up&quot;}\" data-widget_type=\"text-editor.default\">\n\t\t\t\t<div class=\"elementor-widget-container\">\n\t\t\t        <div class=\"elementor-text-editor elementor-clearfix\"><p>Parmi les techniques les plus r\u00e9pandues pour assembler l\u2019aluminium, on retrouve notamment\u00a0:<\/p><\/div>\n        \t\t<\/div>\n\t\t\t\t<\/div>\n\t\t\t\t<div class=\"elementor-element elementor-element-874ca81 elementor-align-left elementor-widget elementor-widget-icon-list\" data-id=\"874ca81\" data-element_type=\"widget\" data-widget_type=\"icon-list.default\">\n\t\t\t\t<div class=\"elementor-widget-container\">\n\t\t\t        <ul class=\"elementor-icon-list-items\">\n                            <li class=\"elementor-icon-list-item\" >\n                                            <span class=\"elementor-icon-list-icon\">\n\t\t\t\t\t\t\t<i class=\"opal-icon-square-full\" aria-hidden=\"true\"><\/i>\n\t\t\t\t\t\t<\/span>\n                                        <span class=\"elementor-icon-list-text\">Le boulonnage qui consiste \u00e0 joindre plusieurs plaques avec des boulons en alliage d\u2019aluminium.<\/span>\n                                    <\/li>\n                            <li class=\"elementor-icon-list-item\" >\n                                            <span class=\"elementor-icon-list-icon\">\n\t\t\t\t\t\t\t<i class=\"opal-icon-square-full\" aria-hidden=\"true\"><\/i>\n\t\t\t\t\t\t<\/span>\n                                        <span class=\"elementor-icon-list-text\">Le brasage qui est une forme de soudure mais qui utilise un m\u00e9tal avec une temp\u00e9rature de fusion inf\u00e9rieure \u00e0 celle de l\u2019aluminium.<\/span>\n                                    <\/li>\n                            <li class=\"elementor-icon-list-item\" >\n                                            <span class=\"elementor-icon-list-icon\">\n\t\t\t\t\t\t\t<i class=\"opal-icon-square-full\" aria-hidden=\"true\"><\/i>\n\t\t\t\t\t\t<\/span>\n                                        <span class=\"elementor-icon-list-text\">Le coin\u00e7age est enfin une m\u00e9thode d\u2019assemblage permettant une moindre r\u00e9sistance et un d\u00e9sassemblement facile des pi\u00e8ces qui restent libres et amovibles.<\/span>\n                                    <\/li>\n                    <\/ul>\n        \t\t<\/div>\n\t\t\t\t<\/div>\n\t\t\t\t\t<\/div>\n\t\t<\/div>\n\t\t\t\t<div class=\"elementor-column elementor-col-50 elementor-top-column elementor-element elementor-element-a1af63f animated-fast elementor-invisible\" data-id=\"a1af63f\" data-element_type=\"column\" data-settings=\"{&quot;background_background&quot;:&quot;classic&quot;,&quot;animation&quot;:&quot;opal-move-up&quot;}\">\n\t\t\t<div class=\"elementor-widget-wrap elementor-element-populated\">\n\t\t\t\t\t\t\t\t<section class=\"elementor-section elementor-inner-section elementor-element elementor-element-4dda78d elementor-section-boxed elementor-section-height-default elementor-section-height-default\" data-id=\"4dda78d\" data-element_type=\"section\">\n\t\t\t\t\t\t<div class=\"elementor-container elementor-column-gap-default\">\n\t\t\t\t\t<div class=\"elementor-column elementor-col-100 elementor-inner-column elementor-element elementor-element-6011dd1\" data-id=\"6011dd1\" data-element_type=\"column\">\n\t\t\t<div class=\"elementor-widget-wrap elementor-element-populated\">\n\t\t\t\t\t\t\t\t<div class=\"elementor-element elementor-element-364a543 gallery-spacing-custom elementor-invisible elementor-widget elementor-widget-image-gallery\" data-id=\"364a543\" data-element_type=\"widget\" data-settings=\"{&quot;_animation&quot;:&quot;fadeIn&quot;}\" data-widget_type=\"image-gallery.default\">\n\t\t\t\t<div class=\"elementor-widget-container\">\n\t\t\t\t\t<div class=\"elementor-image-gallery\">\n\t\t\t<div id='gallery-1' class='gallery galleryid-5290 gallery-columns-2 gallery-size-large'><figure class='gallery-item'>\n\t\t\t<div class='gallery-icon landscape'>\n\t\t\t\t<img width=\"350\" height=\"233\" src=\"https:\/\/alucenter.lu\/wp-content\/uploads\/2020\/04\/soudure-atelier-alu.jpg\" class=\"attachment-large size-large\" alt=\"\" decoding=\"async\" loading=\"lazy\" srcset=\"https:\/\/alucenter.lu\/wp-content\/uploads\/2020\/04\/soudure-atelier-alu.jpg 350w, https:\/\/alucenter.lu\/wp-content\/uploads\/2020\/04\/soudure-atelier-alu-300x200.jpg 300w\" sizes=\"(max-width: 350px) 100vw, 350px\" \/>\n\t\t\t<\/div><\/figure><figure class='gallery-item'>\n\t\t\t<div class='gallery-icon landscape'>\n\t\t\t\t<img width=\"350\" height=\"233\" src=\"https:\/\/alucenter.lu\/wp-content\/uploads\/2020\/04\/soudure-aluminium-1.jpg\" class=\"attachment-large size-large\" alt=\"\" decoding=\"async\" loading=\"lazy\" srcset=\"https:\/\/alucenter.lu\/wp-content\/uploads\/2020\/04\/soudure-aluminium-1.jpg 350w, https:\/\/alucenter.lu\/wp-content\/uploads\/2020\/04\/soudure-aluminium-1-300x200.jpg 300w\" sizes=\"(max-width: 350px) 100vw, 350px\" \/>\n\t\t\t<\/div><\/figure>\n\t\t<\/div>\n\t\t<\/div>\n\t\t\t\t<\/div>\n\t\t\t\t<\/div>\n\t\t\t\t<div class=\"elementor-element elementor-element-6942fc7 gallery-spacing-custom elementor-invisible elementor-widget elementor-widget-image-gallery\" data-id=\"6942fc7\" data-element_type=\"widget\" data-settings=\"{&quot;_animation&quot;:&quot;fadeIn&quot;}\" data-widget_type=\"image-gallery.default\">\n\t\t\t\t<div class=\"elementor-widget-container\">\n\t\t\t\t\t<div class=\"elementor-image-gallery\">\n\t\t\t<div id='gallery-2' class='gallery galleryid-5290 gallery-columns-2 gallery-size-large'><figure class='gallery-item'>\n\t\t\t<div class='gallery-icon landscape'>\n\t\t\t\t<img width=\"350\" height=\"233\" src=\"https:\/\/alucenter.lu\/wp-content\/uploads\/2020\/04\/soudure-profile-aluminium.jpg\" class=\"attachment-large size-large\" alt=\"\" decoding=\"async\" loading=\"lazy\" srcset=\"https:\/\/alucenter.lu\/wp-content\/uploads\/2020\/04\/soudure-profile-aluminium.jpg 350w, https:\/\/alucenter.lu\/wp-content\/uploads\/2020\/04\/soudure-profile-aluminium-300x200.jpg 300w\" sizes=\"(max-width: 350px) 100vw, 350px\" \/>\n\t\t\t<\/div><\/figure><figure class='gallery-item'>\n\t\t\t<div class='gallery-icon landscape'>\n\t\t\t\t<img width=\"350\" height=\"233\" src=\"https:\/\/alucenter.lu\/wp-content\/uploads\/2020\/04\/soudure-tube-aluminium.jpg\" class=\"attachment-large size-large\" alt=\"\" decoding=\"async\" loading=\"lazy\" srcset=\"https:\/\/alucenter.lu\/wp-content\/uploads\/2020\/04\/soudure-tube-aluminium.jpg 350w, https:\/\/alucenter.lu\/wp-content\/uploads\/2020\/04\/soudure-tube-aluminium-300x200.jpg 300w\" sizes=\"(max-width: 350px) 100vw, 350px\" \/>\n\t\t\t<\/div><\/figure>\n\t\t<\/div>\n\t\t<\/div>\n\t\t\t\t<\/div>\n\t\t\t\t<\/div>\n\t\t\t\t\t<\/div>\n\t\t<\/div>\n\t\t\t\t\t\t\t<\/div>\n\t\t<\/section>\n\t\t\t\t\t<\/div>\n\t\t<\/div>\n\t\t\t\t\t\t\t<\/div>\n\t\t<\/section>\n\t\t\t\t<section class=\"elementor-section elementor-top-section elementor-element elementor-element-2dd194e elementor-section-boxed elementor-section-height-default elementor-section-height-default\" data-id=\"2dd194e\" data-element_type=\"section\">\n\t\t\t\t\t\t<div class=\"elementor-container elementor-column-gap-default\">\n\t\t\t\t\t<div class=\"elementor-column elementor-col-100 elementor-top-column elementor-element elementor-element-edc7035\" data-id=\"edc7035\" data-element_type=\"column\">\n\t\t\t<div class=\"elementor-widget-wrap\">\n\t\t\t\t\t\t\t\t\t<\/div>\n\t\t<\/div>\n\t\t\t\t\t\t\t<\/div>\n\t\t<\/section>\n\t\t\t\t<section class=\"elementor-section elementor-top-section elementor-element elementor-element-b20682b elementor-section-boxed elementor-section-height-default elementor-section-height-default\" data-id=\"b20682b\" data-element_type=\"section\">\n\t\t\t\t\t\t<div class=\"elementor-container elementor-column-gap-no\">\n\t\t\t\t\t<div class=\"elementor-column elementor-col-100 elementor-top-column elementor-element elementor-element-9023c68\" data-id=\"9023c68\" data-element_type=\"column\">\n\t\t\t<div class=\"elementor-widget-wrap elementor-element-populated\">\n\t\t\t\t\t\t\t\t<section class=\"elementor-section elementor-inner-section elementor-element elementor-element-828c5b4 elementor-section-boxed elementor-section-height-default elementor-section-height-default\" data-id=\"828c5b4\" data-element_type=\"section\">\n\t\t\t\t\t\t<div class=\"elementor-container elementor-column-gap-default\">\n\t\t\t\t\t<div class=\"elementor-column elementor-col-100 elementor-inner-column elementor-element elementor-element-1870901\" data-id=\"1870901\" data-element_type=\"column\">\n\t\t\t<div class=\"elementor-widget-wrap elementor-element-populated\">\n\t\t\t\t\t\t\t\t<div class=\"elementor-element elementor-element-6d4315e elementor-tablet-align-center animated-fast elementor-invisible elementor-widget elementor-widget-heading\" data-id=\"6d4315e\" data-element_type=\"widget\" data-settings=\"{&quot;_animation&quot;:&quot;opal-move-up&quot;}\" data-widget_type=\"heading.default\">\n\t\t\t\t<div class=\"elementor-widget-container\">\n\t\t\t<h2 class=\"elementor-heading-title elementor-size-default\">Collage et sertissage<\/h2>\t\t<\/div>\n\t\t\t\t<\/div>\n\t\t\t\t<div class=\"elementor-element elementor-element-2adb14b animated-fast elementor-invisible elementor-widget elementor-widget-text-editor\" data-id=\"2adb14b\" data-element_type=\"widget\" data-settings=\"{&quot;_animation&quot;:&quot;opal-move-up&quot;}\" data-widget_type=\"text-editor.default\">\n\t\t\t\t<div class=\"elementor-widget-container\">\n\t\t\t        <div class=\"elementor-text-editor elementor-clearfix\"><p>Deux autres m\u00e9thodes que l\u2019on utilise souvent pour assembler des pi\u00e8ces d\u2019aluminium sont le collage et le sertissage.<\/p><p>Le collage est une technique relativement r\u00e9cente qui consiste \u00e0 lier les plaques d\u2019aluminium avec de l\u2019adh\u00e9sif. Cette m\u00e9thode permet \u00e9galement de coller les \u00e9l\u00e9ments en aluminium avec d\u2019autres mat\u00e9riaux de nature diff\u00e9rente comme le bois, le verre ou l\u2019acier.<\/p><p>Le sertissage consiste quant \u00e0 lui \u00e0 replier le rebord d\u2019une ou plusieurs feuilles d\u2019aluminium dans le but de les assembler. Il est une bonne alternative au soudage si on souhaite \u00e9viter les d\u00e9fauts visuels des zones affect\u00e9es par la chaleur. Il est peu utilis\u00e9 dans le b\u00e2timent mais est souvent n\u00e9cessaire dans l\u2019industrie automobile.<\/p><\/div>\n        \t\t<\/div>\n\t\t\t\t<\/div>\n\t\t\t\t\t<\/div>\n\t\t<\/div>\n\t\t\t\t\t\t\t<\/div>\n\t\t<\/section>\n\t\t\t\t<div class=\"elementor-element elementor-element-84779d8 animated-fast elementor-widget-divider--separator-type-pattern elementor-widget-divider--view-line elementor-invisible elementor-widget elementor-widget-divider\" data-id=\"84779d8\" data-element_type=\"widget\" data-settings=\"{&quot;_animation&quot;:&quot;opal-move-up&quot;}\" data-widget_type=\"divider.default\">\n\t\t\t\t<div class=\"elementor-widget-container\">\n\t\t\t\t\t<div class=\"elementor-divider\" style=\"--divider-pattern-url: url(&quot;data:image\/svg+xml,%3Csvg xmlns=&#039;http:\/\/www.w3.org\/2000\/svg&#039; preserveAspectRatio=&#039;none&#039; overflow=&#039;visible&#039; height=&#039;100%&#039; viewBox=&#039;0 0 20 16&#039; fill=&#039;none&#039; stroke=&#039;black&#039; stroke-width=&#039;1.4&#039; stroke-linecap=&#039;square&#039; stroke-miterlimit=&#039;10&#039;%3E%3Cg transform=&#039;translate(-12.000000, 0)&#039;%3E%3Cpath d=&#039;M28,0L10,18&#039;\/%3E%3Cpath d=&#039;M18,0L0,18&#039;\/%3E%3Cpath d=&#039;M48,0L30,18&#039;\/%3E%3Cpath d=&#039;M38,0L20,18&#039;\/%3E%3C\/g%3E%3C\/svg%3E&quot;);\">\n\t\t\t<span class=\"elementor-divider-separator\">\n\t\t\t\t\t\t<\/span>\n\t\t<\/div>\n\t\t\t\t<\/div>\n\t\t\t\t<\/div>\n\t\t\t\t<div class=\"elementor-element elementor-element-d5d6aaf elementor-tablet-align-center animated-fast elementor-invisible elementor-widget elementor-widget-heading\" data-id=\"d5d6aaf\" data-element_type=\"widget\" data-settings=\"{&quot;_animation&quot;:&quot;opal-move-up&quot;}\" data-widget_type=\"heading.default\">\n\t\t\t\t<div class=\"elementor-widget-container\">\n\t\t\t<span class=\"sub-title\">L\u2019assemblage de l\u2019aluminium par rivetage<\/span><h2 class=\"elementor-heading-title elementor-size-default\">Rivetage et rivetage auto-per\u00e7ant<\/h2>\t\t<\/div>\n\t\t\t\t<\/div>\n\t\t\t\t<div class=\"elementor-element elementor-element-7ab7245 animated-fast elementor-invisible elementor-widget elementor-widget-text-editor\" data-id=\"7ab7245\" data-element_type=\"widget\" data-settings=\"{&quot;_animation&quot;:&quot;opal-move-up&quot;}\" data-widget_type=\"text-editor.default\">\n\t\t\t\t<div class=\"elementor-widget-container\">\n\t\t\t        <div class=\"elementor-text-editor elementor-clearfix\"><p>Enfin, deux autres m\u00e9thodes fr\u00e9quemment utilis\u00e9es pour assembler l\u2019aluminium sont le rivetage et le rivetage auto-per\u00e7ant.<\/p><p>Le syst\u00e8me de rivetage utilise des rivets d\u00e9form\u00e9s plastiquement dans le but de transmettre une pression et de maintenir les pi\u00e8ces ensemble.<\/p><p>Le rivetage auto-per\u00e7ant est un mode d\u2019assemblage g\u00e9n\u00e9ralement employ\u00e9 dans l\u2019industrie automobile et qui utilise un syst\u00e8me de retenue et un poin\u00e7on.<\/p><\/div>\n        \t\t<\/div>\n\t\t\t\t<\/div>\n\t\t\t\t\t<\/div>\n\t\t<\/div>\n\t\t\t\t\t\t\t<\/div>\n\t\t<\/section>\n\t\t\t\t<section class=\"elementor-section elementor-top-section elementor-element elementor-element-5b6ec38 elementor-section-boxed elementor-section-height-default elementor-section-height-default\" data-id=\"5b6ec38\" data-element_type=\"section\">\n\t\t\t\t\t\t<div class=\"elementor-container elementor-column-gap-default\">\n\t\t\t\t\t<div class=\"elementor-column elementor-col-100 elementor-top-column elementor-element elementor-element-6d40825 opal-box-clip\" data-id=\"6d40825\" data-element_type=\"column\" data-settings=\"{&quot;background_background&quot;:&quot;classic&quot;}\">\n\t\t\t<div class=\"elementor-widget-wrap elementor-element-populated\">\n\t\t\t\t\t<div class=\"elementor-background-overlay\"><\/div>\n\t\t\t\t\t\t\t\t<div class=\"elementor-element elementor-element-d46199c elementor-tablet-align-center animated-fast elementor-invisible elementor-widget elementor-widget-heading\" data-id=\"d46199c\" data-element_type=\"widget\" data-settings=\"{&quot;_animation&quot;:&quot;opal-move-up&quot;}\" data-widget_type=\"heading.default\">\n\t\t\t\t<div class=\"elementor-widget-container\">\n\t\t\t<span class=\"sub-title\">Alu center Luxembourg<\/span><h2 class=\"elementor-heading-title elementor-size-default\">Nos prestations d\u2019assemblage de l\u2019aluminium\n<\/h2>\t\t<\/div>\n\t\t\t\t<\/div>\n\t\t\t\t<div class=\"elementor-element elementor-element-37729f1 animated-fast elementor-invisible elementor-widget elementor-widget-text-editor\" data-id=\"37729f1\" data-element_type=\"widget\" data-settings=\"{&quot;_animation&quot;:&quot;opal-move-up&quot;}\" data-widget_type=\"text-editor.default\">\n\t\t\t\t<div class=\"elementor-widget-container\">\n\t\t\t        <div class=\"elementor-text-editor elementor-clearfix\"><h5>Notre savoir-faire au service de vos projets :<\/h5><p>Alu Center Luxembourg vous propose ses services professionnels pour la r\u00e9alisation de vos pi\u00e8ces d\u2019aluminium avec leur\u00a0d\u00e9coupe, leur\u00a0pliage\u00a0et bien entendu leur assemblage. Les techniques d\u2019assemblage que nous utilisons d\u00e9pendent en grande partie de la nature de vos besoins et des contraintes en terme d\u2019esth\u00e9tique et de dimension.<\/p><p>En fonction de vos projets, nous disposons bien entendu du mat\u00e9riel et de l\u2019outillage n\u00e9cessaire \u00e0 la mise en \u0153uvre de ces prestations pour vous garantir un travail de la meilleure qualit\u00e9.\u00a0N\u2019h\u00e9sitez pas \u00e0 nous contacter si vous souhaitez en savoir plus \u00e0 propos de nos prestations d\u2019assemblage.<\/p><\/div>\n        \t\t<\/div>\n\t\t\t\t<\/div>\n\t\t\t\t\t<\/div>\n\t\t<\/div>\n\t\t\t\t\t\t\t<\/div>\n\t\t<\/section>\n\t\t\t\t<section class=\"elementor-section elementor-top-section elementor-element elementor-element-40d60fb elementor-section-stretched elementor-section-height-min-height osf-vertical-line-active elementor-section-boxed elementor-section-height-default elementor-section-items-middle\" data-id=\"40d60fb\" data-element_type=\"section\" data-settings=\"{&quot;stretch_section&quot;:&quot;section-stretched&quot;,&quot;osf_section_vertical_line_switcher&quot;:&quot;active&quot;,&quot;background_background&quot;:&quot;classic&quot;}\">\n\t\t\t\t\t\t<div class=\"elementor-container elementor-column-gap-no\">\n\t\t\t\t\t<div class=\"elementor-column elementor-col-100 elementor-top-column elementor-element elementor-element-7236fd3\" data-id=\"7236fd3\" data-element_type=\"column\">\n\t\t\t<div class=\"elementor-widget-wrap elementor-element-populated\">\n\t\t\t\t\t\t\t\t<div class=\"elementor-element elementor-element-3883141 animated-fast elementor-invisible elementor-widget elementor-widget-heading\" data-id=\"3883141\" data-element_type=\"widget\" data-settings=\"{&quot;_animation&quot;:&quot;opal-move-up&quot;}\" data-widget_type=\"heading.default\">\n\t\t\t\t<div class=\"elementor-widget-container\">\n\t\t\t<h2 class=\"elementor-heading-title elementor-size-default\">Contactez-nous<\/h2>\t\t<\/div>\n\t\t\t\t<\/div>\n\t\t\t\t<div class=\"elementor-element elementor-element-4390221 animated-fast elementor-invisible elementor-widget elementor-widget-text-editor\" data-id=\"4390221\" data-element_type=\"widget\" data-settings=\"{&quot;_animation&quot;:&quot;opal-move-up&quot;}\" data-widget_type=\"text-editor.default\">\n\t\t\t\t<div class=\"elementor-widget-container\">\n\t\t\t        <div class=\"elementor-text-editor elementor-clearfix\"><p>Si vous souhaitez recevoir\u00a0un devis d\u00e9taill\u00e9 pour une mission pr\u00e9cise <br \/>ou en savoir davantage \u00e0 propos de nos prestations.<br \/>Nous serons ravis de vous apporter notre expertise.<\/p><\/div>\n        \t\t<\/div>\n\t\t\t\t<\/div>\n\t\t\t\t<div class=\"elementor-element elementor-element-a678b9b animated-fast elementor-button-primary elementor-invisible elementor-widget elementor-widget-button\" data-id=\"a678b9b\" data-element_type=\"widget\" data-settings=\"{&quot;_animation&quot;:&quot;opal-move-up&quot;}\" data-widget_type=\"button.default\">\n\t\t\t\t<div class=\"elementor-widget-container\">\n\t\t\t        <div class=\"elementor-button-wrapper\">\n            <a href=\"https:\/\/alucenter.lu\/index.php\/contact\/\" class=\"elementor-button-link elementor-button elementor-size-md\" role=\"button\">\n                \t\t<span class=\"elementor-button-content-wrapper\">\n\t\t\t\t\t\t<span class=\"elementor-button-icon elementor-align-icon-right\">\n\t\t\t\t\t\t\t\t\t<i class=\"opal-icon-long-arrow-right\" aria-hidden=\"true\"><\/i>\n\t\t\t\t\t\t\t<\/span>\n\t\t\t\t\t\t<span class=\"elementor-button-text\">Formulaire de contact<\/span>\n\t\t<\/span>\n\t\t            <\/a>\n        <\/div>\n        \t\t<\/div>\n\t\t\t\t<\/div>\n\t\t\t\t\t<\/div>\n\t\t<\/div>\n\t\t\t\t\t\t\t<\/div>\n\t\t<\/section>\n\t\t\t\t\t\t\t<\/div>\n\t\t","protected":false},"excerpt":{"rendered":"<p>Les principales mani\u00e8res d\u2019assembler l\u2019aluminium Boulonnage, brasage et coin\u00e7age Parmi les techniques les plus r\u00e9pandues pour assembler l\u2019aluminium, on retrouve notamment\u00a0: Le boulonnage qui consiste \u00e0 joindre plusieurs plaques avec des boulons en alliage d\u2019aluminium. Le brasage qui est une forme de soudure mais qui utilise un m\u00e9tal avec une temp\u00e9rature de fusion inf\u00e9rieure \u00e0 &hellip; <\/p>\n<p class=\"link-more\"><a href=\"https:\/\/alucenter.lu\/index.php\/autres-methodes-dassemblage\/\" class=\"more-link\">Read More <i class=\"opal-icon-long-arrow-right\"><\/i><span class=\"screen-reader-text\"> \u00ab\u00a0Autres M\u00e9thodes D\u2019assemblage\u00a0\u00bb<\/span><\/a><\/p>\n","protected":false},"author":1,"featured_media":0,"parent":0,"menu_order":0,"comment_status":"closed","ping_status":"closed","template":"","meta":{"inline_featured_image":false,"footnotes":""},"aioseo_notices":[],"_links":{"self":[{"href":"https:\/\/alucenter.lu\/index.php\/wp-json\/wp\/v2\/pages\/5290"}],"collection":[{"href":"https:\/\/alucenter.lu\/index.php\/wp-json\/wp\/v2\/pages"}],"about":[{"href":"https:\/\/alucenter.lu\/index.php\/wp-json\/wp\/v2\/types\/page"}],"author":[{"embeddable":true,"href":"https:\/\/alucenter.lu\/index.php\/wp-json\/wp\/v2\/users\/1"}],"replies":[{"embeddable":true,"href":"https:\/\/alucenter.lu\/index.php\/wp-json\/wp\/v2\/comments?post=5290"}],"version-history":[{"count":4,"href":"https:\/\/alucenter.lu\/index.php\/wp-json\/wp\/v2\/pages\/5290\/revisions"}],"predecessor-version":[{"id":5294,"href":"https:\/\/alucenter.lu\/index.php\/wp-json\/wp\/v2\/pages\/5290\/revisions\/5294"}],"wp:attachment":[{"href":"https:\/\/alucenter.lu\/index.php\/wp-json\/wp\/v2\/media?parent=5290"}],"curies":[{"name":"wp","href":"https:\/\/api.w.org\/{rel}","templated":true}]}}