{"id":4856,"date":"2020-05-06T10:36:15","date_gmt":"2020-05-06T08:36:15","guid":{"rendered":"https:\/\/alucenter.lu\/?page_id=4856"},"modified":"2020-07-03T00:25:10","modified_gmt":"2020-07-02T22:25:10","slug":"mentions-legales-cookies","status":"publish","type":"page","link":"https:\/\/alucenter.lu\/index.php\/mentions-legales-cookies\/","title":{"rendered":"Mentions l\u00e9gales &#038; cookies"},"content":{"rendered":"\t\t<div data-elementor-type=\"wp-post\" data-elementor-id=\"4856\" class=\"elementor elementor-4856\">\n\t\t\t\t\t\t\t\t\t<section class=\"elementor-section elementor-top-section elementor-element elementor-element-e6811c5 elementor-section-boxed elementor-section-height-default elementor-section-height-default\" data-id=\"e6811c5\" data-element_type=\"section\">\n\t\t\t\t\t\t<div class=\"elementor-container elementor-column-gap-default\">\n\t\t\t\t\t<div class=\"elementor-column elementor-col-100 elementor-top-column elementor-element elementor-element-977aedd\" data-id=\"977aedd\" data-element_type=\"column\">\n\t\t\t<div class=\"elementor-widget-wrap elementor-element-populated\">\n\t\t\t\t\t\t\t\t<div class=\"elementor-element elementor-element-eec65ad animated-fast elementor-invisible elementor-widget elementor-widget-text-editor\" data-id=\"eec65ad\" data-element_type=\"widget\" data-settings=\"{&quot;_animation&quot;:&quot;opal-move-up&quot;}\" data-widget_type=\"text-editor.default\">\n\t\t\t\t<div class=\"elementor-widget-container\">\n\t\t\t        <div class=\"elementor-text-editor elementor-clearfix\"><p><b>ARTICLE 1 : Objet<br \/><\/b>Ces conditions g\u00e9n\u00e9rales d\u2019utilisations encadrent juridiquement les modalit\u00e9s de mise \u00e0 disposition des services et<br \/>informations du site www.alucenter.lu et leur utilisation par les visiteurs. Elles doivent donc \u00eatre accept\u00e9es par tout<br \/>utilisateur navigant sur ce site. Le simple acc\u00e8s \u00e0 ce site entraine l\u2019acceptation des conditions g\u00e9n\u00e9rales ci-dessous.<br \/>Evolve S.A. se r\u00e9serve \u00e9galement le droit de modifier \u00e0 tout moment les pr\u00e9sentes conditions g\u00e9n\u00e9rales d\u2019utilisation.<\/p><p><b>ARTICLE 2 : Mentions l\u00e9gales<br \/><\/b>Editeur du site www.alucenter.lu Soci\u00e9t\u00e9 Evolve S.A., LU 25 51 85 22 situ\u00e9 4, Chemin des Douaniers,\u00a09647 Doncols.<br \/>H\u00e9bergeur du site www.alucenter.lu : OVHCloud situ\u00e9 2 Rue Kellermann \u00e0 59100 Roubaix.<\/p><p><b>ARTICLE 3 : D\u00e9finitions<br \/><\/b>Est d\u00e9fini comme utilisateur toute personne qui consulte le site et ses informations.<br \/>Est d\u00e9fini comme contenu utilisateur les donn\u00e9es transmises par l\u2019utilisateur sur le site.<\/p><p><b>ARTICLE 4 : acc\u00e8s aux services<br \/><\/b>Le site permet l\u2019acc\u00e8s aux \u00e9l\u00e9ments suivants par l\u2019utilisateur :<br \/>&#8211; Articles informatifs.<br \/>&#8211; Formulaire de contact.<br \/>&#8211; Informations sur les produits.<br \/>Le site www.alucenter.lu est accessible gratuitement \u00e0 tous les utilisateurs disposant d\u2019un acc\u00e8s \u00e0 Internet. Cependant,<br \/>les frais de mat\u00e9riel informatique, logiciels et de connexion Internet permettant cet acc\u00e8s sont \u00e0 la seule charge de<br \/>l\u2019utilisateur.<br \/>Les dysfonctionnements \u00e9ventuels dus \u00e0 un probl\u00e8me de r\u00e9seau ou de serveur ne sont pas de la responsabilit\u00e9 de<br \/>www.alucenter.lu. D\u2019autre part, une interruption du service ou sa modification peut avoir lieu sans pr\u00e9avis et ne peut<br \/>en aucun cas donner lieu \u00e0 une demande d\u2019indemnisation de la part de l\u2019utilisateur. <br \/>L\u2019utilisateur peut prendre contact avec le gestionnaire du site par l\u2019adresse \u00e9lectronique suivante info@alucenter.lu.<\/p><p><b>ARTICLE 5 : Propri\u00e9t\u00e9 intellectuelle<br \/><\/b>L\u2019ensemble des contenus de ce site ainsi que les images et logos sont la propri\u00e9t\u00e9 exclusive de Evolve S.A. et<br \/>b\u00e9n\u00e9ficient d\u2019une protection l\u00e9gale des droits d\u2019auteur.<br \/>Une autorisation pr\u00e9alable est donc n\u00e9cessaire si l\u2019utilisateur souhaite reproduire, publier ou copier les contenus du<br \/>site. Ce dernier prend \u00e9galement l\u2019engagement de n\u2019utiliser ces contenus qu\u2019\u00e0 titre priv\u00e9 et \u00e0 ne pas les utiliser \u00e0 une fin<br \/>commerciale.<\/p><p><b>ARTICLE 6 : R\u00e8glement G\u00e9n\u00e9ral sur la Protection des Donn\u00e9es<br \/><\/b>Vous disposez des droits suivants concernant vos Informations Personnelles, que vous pouvez exercer en nous \u00e9crivant<br \/>\u00e0 l\u2019adresse postale mentionn\u00e9e au point 1 ou en remplissant le formulaire ci-dessous.<br \/>1. Droit d\u2019acc\u00e8s et de communication des donn\u00e9es<br \/>Vous avez la facult\u00e9 d\u2019acc\u00e9der aux Informations Personnelles qui vous concernent.<br \/>Cependant, en raison de l\u2019obligation de s\u00e9curit\u00e9 et de confidentialit\u00e9 dans le traitement des donn\u00e9es \u00e0 caract\u00e8re<br \/>personnel qui incombe \u00e0 Evolve S.A., vous \u00eates inform\u00e9 que votre demande sera trait\u00e9e sous r\u00e9serve que vous<br \/>rapportiez la preuve de votre identit\u00e9, notamment par la production d\u2019un scan de votre titre d\u2019identit\u00e9 valide (en cas de<br \/>demande par notre formulaire \u00e9lectronique d\u00e9di\u00e9) ou d\u2019une photocopie sign\u00e9e de votre titre d\u2019identit\u00e9 valide (en cas de<br \/>demande adress\u00e9e par \u00e9crit).<br \/>Evolve S.A. vous informe qu\u2019il sera en droit, le cas \u00e9ch\u00e9ant, de s\u2019opposer aux demandes manifestement abusives (de<br \/>par leur nombre, leur caract\u00e8re r\u00e9p\u00e9titif ou syst\u00e9matique).<br \/>Si vous d\u00e9sirez exercer votre droit d\u2019acc\u00e8s, vous pouvez par le biais d\u2019une demande \u00e9crite \u00e0 l\u2019adresse postale<br \/>mentionn\u00e9e ci-dessus. Vous pouvez aussi exercer cette demande de mani\u00e8re \u00e9lectronique par l\u2019interm\u00e9diaire du<br \/>formulaire mis \u00e0 votre disposition au bas de cette page.<br \/>2. Droit de rectification des donn\u00e9es<br \/>Au titre de ce droit, la l\u00e9gislation vous habilite \u00e0 demander la rectification, la mise \u00e0 jour, le verrouillage ou encore<br \/>l\u2019effacement des donn\u00e9es vous concernant qui peuvent s\u2019av\u00e9rer le cas \u00e9ch\u00e9ant inexactes, erron\u00e9es, incompl\u00e8tes ou<br \/>obsol\u00e8tes.<br \/>Vous pouvez \u00e9galement d\u00e9finir des directives g\u00e9n\u00e9rales et particuli\u00e8res relatives au sort des donn\u00e9es \u00e0 caract\u00e8re<br \/>personnel apr\u00e8s votre d\u00e9c\u00e8s. Le cas \u00e9ch\u00e9ant, les h\u00e9ritiers d\u2019une personne d\u00e9c\u00e9d\u00e9e peuvent exiger de prendre en<br \/>consid\u00e9ration le d\u00e9c\u00e8s de leur proche et\/ou de proc\u00e9der aux mises \u00e0 jour n\u00e9cessaires.<br \/>Si vous d\u00e9sirez exercer votre droit de rectification, pour votre propre compte ou pour le compte de l\u2019un de vos proches<br \/>d\u00e9c\u00e9d\u00e9, vous pouvez le faire par le biais d\u2019une demande \u00e9crite \u00e0 l\u2019adresse postale mentionn\u00e9e ci-dessus. Vous pouvez<br \/>aussi exercer cette demande de mani\u00e8re \u00e9lectronique par l\u2019interm\u00e9diaire du formulaire mis \u00e0 votre disposition au bas<br \/>de cette page. <br \/>3. Droit d\u2019opposition<br \/>L\u2019exercice de ce droit n\u2019est possible que dans l\u2019une des deux situations suivantes :<br \/>1. Lorsque l\u2019exercice de ce droit est fond\u00e9 sur des motifs l\u00e9gitimes ; ou<br \/>2. Lorsque l\u2019exercice de ce droit vise \u00e0 faire obstacle \u00e0 ce que les donn\u00e9es recueillies soient utilis\u00e9es \u00e0 des fins de<br \/>prospection commerciale.<br \/>Si vous d\u00e9sirez exercer votre droit d\u2019opposition, vous pouvez le faire par le biais d\u2019une demande \u00e9crite adress\u00e9e \u00e0<br \/>l\u2019adresse postale indiqu\u00e9e ci-dessus. Vous pouvez aussi exercer cette demande de mani\u00e8re \u00e9lectronique par<br \/>l\u2019interm\u00e9diaire du formulaire mis \u00e0 votre disposition au bas de cette page.<br \/>Pour plus de d\u00e9tails, consultez le site de l\u2019Autorit\u00e9 de Protection des Donn\u00e9es (APD)<br \/><a href=\"https:\/\/cnpd.public.lu\/\">https:\/\/cnpd.public.lu<\/a><\/p><p><b>ARTICLE 7 : Donn\u00e9es personnelles et confidentialit\u00e9<br \/><\/b>1. Donn\u00e9es Personnelles<br \/>Vous avez la possibilit\u00e9 de naviguer sur le site www.alucenter.lu sans communiquer d\u2019information personnelle.<br \/>Cependant, si vous refusez de communiquer certaine informations personnelles lorsque vous utilisez le formulaire de<br \/>contact, la soci\u00e9t\u00e9 Evolve S.A. pourrait ne pas pouvoir donner suite \u00e0 votre demande. En communicant ces donn\u00e9es,<br \/>vous acceptez qu\u2019elles soient trait\u00e9es par la soci\u00e9t\u00e9 Evolve S.A. afin de r\u00e9pondre \u00e0 votre demande.<br \/>En conformit\u00e9 avec le R\u00e8glement G\u00e9n\u00e9ral sur la Protection des Donn\u00e9es adopt\u00e9 le 14 avril 2016 par le Parlement<br \/>Europ\u00e9en, Evolve S.A. vous communique les informations suivantes :<br \/>\u2022 Responsable de traitement : Soci\u00e9t\u00e9 Evolve S.A. situ\u00e9e 4, Chemin des Douaniers \u00e0 9647 Doncols &#8211; T\u00e9l : +352 26 95 01 69, email : info@alucenter.lu<br \/>\u2022 Traitement des donn\u00e9es personnelles : La soci\u00e9t\u00e9 Evolve S.A. peut utiliser vos donn\u00e9es personnelles afin de<br \/>vous fournir les informations demand\u00e9es comme la r\u00e9ponse au formulaire de contact pr\u00e9sent sur le site ou afin<br \/>de recueillir des informations pouvant permettre une am\u00e9lioration de son site par le biais des cookies.<br \/>\u2022 Destinataires des donn\u00e9es : La soci\u00e9t\u00e9 Evolve S.A. est le seul destinataire de vos donn\u00e9es personnelles et<br \/>s\u2019engage \u00e0 ne pas les transmettre \u00e0 un tiers. La soci\u00e9t\u00e9 s\u2019engage \u00e9galement \u00e0 ne pas revendre vos donn\u00e9es<br \/>personnelles \u00e0 des fins commerciales.<br \/>\u2022 Conservation des donn\u00e9es : La soci\u00e9t\u00e9 Evolve S.A. conserve vos informations personnelles durant le temps<br \/>n\u00e9cessaire \u00e0 la finalit\u00e9 de votre demande.<br \/>2. Droit d\u2019acc\u00e8s aux donn\u00e9es personnelles :<br \/>Vous disposez bien entendu de diff\u00e9rents droits au sujet de vos informations personnelles dont :<br \/>\u2022 Un droit d\u2019acc\u00e8s aux informations qui vous concernent sous r\u00e9serve de prouver votre identit\u00e9 en fournissant<br \/>une copie de pi\u00e8ce d\u2019identit\u00e9 valide et ce, afin de respecter la confidentialit\u00e9 dans le traitement des donn\u00e9es.<br \/>\u2022 Un droit de modification des donn\u00e9es dans le cadre d\u2019une rectification, mise \u00e0 jour, verrouillage ou suppression<br \/>de vos informations. Il est \u00e9galement possible de d\u00e9finir les r\u00e8gles \u00e0 appliquer \u00e0 vos donn\u00e9es personnelles apr\u00e8s<br \/>votre d\u00e9c\u00e8s. Dans le cas contraire, vos h\u00e9ritiers peuvent proc\u00e9der aux modifications n\u00e9cessaires.<br \/>\u2022 Un droit d\u2019opposition fond\u00e9 sur des motifs l\u00e9gitimes ou ayant pour but d\u2019emp\u00eacher l\u2019utilisation de vos donn\u00e9es<br \/>\u00e0 des fins commerciales. <br \/>Vous pouvez exercer l\u2019ensemble de ces droits en utilisant le formulaire de contact du site ou en nous \u00e9crivant \u00e0 4, Chemin des Douaniers \u00e0 9647 Doncols.<br \/>Evolve S.A. s\u2019engage par ailleurs \u00e0 respecter et \u00e0 r\u00e9pondre \u00e0 vos demandes d\u2019acc\u00e8s, de modification ou d\u2019opposition<br \/>\u00e0 vos donn\u00e9es personnelles dans un d\u00e9lai inf\u00e9rieur \u00e0 un mois \u00e0 partir de la r\u00e9ception de votre demande.<br \/>3. En cas de litige :<br \/>En cas de litige avec la soci\u00e9t\u00e9 Evolve S.A. concernant le non-respect de ses obligations au sujet de vos informations<br \/>personnelles, il vous est possible d\u2019adresser une plainte aux autorit\u00e9s comp\u00e9tentes.<br \/>4. Politique relative aux Cookies :<br \/>Lors de votre premi\u00e8re visite sur le site www.alucenter.lu, un message vous informe de l\u2019utilisation de cookies afin de<br \/>stocker certaines informations de navigation. Nous vous informons ici des diff\u00e9rents cookies pr\u00e9sents sur notre site web<br \/>ainsi que leur finalit\u00e9 et la mani\u00e8re dont vous pouvez les param\u00e9trer.<br \/>Evolve S.A. est ainsi en mesure d\u2019installer sur le disque dur de votre terminal un cookie visant \u00e0 am\u00e9liorer la qualit\u00e9<br \/>de votre navigation sur ce site web. Ces cookies sont de petits logiciels permettant de reconna\u00eetre votre ordinateur,<br \/>votre tablette ou votre smartphone afin d\u2019am\u00e9liorer votre exp\u00e9rience lors des prochaines visites. Ils ne permettent<br \/>cependant pas de vous identifier personnellement ni de transmettre les informations recueillies \u00e0 un tiers except\u00e9 en<br \/>cas de consentement de votre part ou lorsque cela fait l\u2019objet d\u2019une demande l\u00e9gale sur ordre d\u2019un tribunal ou d\u2019une<br \/>autorit\u00e9 administrative ou judiciaire.<br \/>Il vous est bien entendu possible d\u2019accepter ou de refuser l\u2019utilisation des cookies \u00e0 tout moment. Apr\u00e8s apparition de la<br \/>banni\u00e8re pr\u00e9sent\u00e9e lors de votre premi\u00e8re visite et qui vous informe de votre autorisation \u00e0 l\u2019utilisation de cookies, le<br \/>simple fait de naviguer sur les \u00e9l\u00e9ments de ce site fait office d\u2019acceptation.<br \/>Voici le d\u00e9tail des cookies pouvant \u00eatre utilis\u00e9s par ce site et qui exigent ou non votre consentement :<br \/>\u2022 Les cookies sans consentement conformes aux recommandations de la Commission de Protection de la Vie<br \/>Priv\u00e9e ne sont utiles qu\u2019au bon fonctionnement du site internet et ont pour seule finalit\u00e9 de permettre ou<br \/>am\u00e9liorer la communication par voir \u00e9lectronique. Il peut s\u2019agir de cookies de session, d\u2019authentification, de<br \/>session d\u2019\u00e9quilibrage de charge ou de cookies de personnalisation de votre interface. Ils sont soumis \u00e0 la<br \/>politique de Evolve S.A. par qui ils sont \u00e9mis et g\u00e9r\u00e9s.<br \/>\u2022 Les cookies avec accord pr\u00e9alable sont \u00e9mis par des tiers et sont dits \u00ab persistants \u00bb car ils restent sur votre<br \/>terminal jusqu\u2019\u00e0 leur effacement ou leur expiration. Il peut s\u2019agir de cookies de mesure d\u2019audience qui<br \/>concernent la fr\u00e9quentation et l\u2019utilisation des \u00e9l\u00e9ments du site. Ces cookies servent \u00e0 am\u00e9liorer l\u2019ergonomie du<br \/>site web www.alucenter.lu qui utilise un outil de mesure d\u2019audience.<br \/>Vous avez la possibilit\u00e9 de param\u00e9trer les cookies \u00e0 partir de votre navigateur Internet en modifiant les param\u00e8tres<br \/>standards pour les rejeter de mani\u00e8re syst\u00e9matique ou pour permettre l\u2019utilisation d\u2019une partie seulement de ces<br \/>cookies selon le type d\u2019\u00e9metteur. Toutefois, le rejet des cookies sur votre terminal peut alt\u00e9rer votre exp\u00e9rience<br \/>d\u2019utilisateur et restreindre votre acc\u00e8s \u00e0 certains services ou fonctionnalit\u00e9s du site. Dans un tel cas, Evolve S.A. ne<br \/>saurait \u00eatre tenu pour responsable des cons\u00e9quences quant \u00e0 la qualit\u00e9 de votre navigation.<br \/>Vous pouvez \u00e9galement, depuis votre navigateur, supprimer les cookies d\u00e9j\u00e0 pr\u00e9sents sur votre terminal ou de vous<br \/>informer des nouveaux cookies pouvant \u00eatre install\u00e9s sur celui-ci. Bien que ces param\u00e9trages n\u2019entament en rien la<br \/>qualit\u00e9 de votre navigation, ils vous feront perdre le b\u00e9n\u00e9fice des cookies.<br \/>Selon le type de navigateur que vous utilisez, vous pouvez utiliser les liens suivants pour modifier vos param\u00e8tres de<br \/>gestion des cookies : <br \/>Chrome : https:\/\/support.google.com\/chrome\/answer\/95647?hl=fr<br \/>Firefox : https:\/\/support.mozilla.org\/fr\/kb\/activer-desactiver-cookies<br \/>Internet Explorer : https:\/\/support.microsoft.com\/fr-fr\/help\/17442\/windows-internet-explorer-delete-managecookies#ie=ie-11<br \/>Opera : http:\/\/help.opera.com\/Windows\/10.20\/fr\/cookies.html<br \/>Safari : https:\/\/support.apple.com\/kb\/PH21411?viewlocale=fr_FR&amp;locale=fr_FR<\/p><p><b>ARTICLE 8 : Responsabilit\u00e9 et force majeure<br \/><\/b>Les informations communiqu\u00e9es sur ce site ne sont pas garanties en ce qui concerne la fiabilit\u00e9 des sources. Elles sont<br \/>pr\u00e9sent\u00e9es \u00e0 titre informatif et l\u2019utilisateur est le seul responsable de l\u2019utilisation qu\u2019il en fait.<br \/>Toute utilisation du service par l\u2019utilisateur qui aurait pour cons\u00e9quence des dommages fera l\u2019objet d\u2019une indemnisation<br \/>au profit du site.<br \/>Le site ne pourra \u00eatre tenu pour responsable en cas d\u2019intervention d\u2019un tiers entra\u00eenant une perte de s\u00e9curit\u00e9 des<br \/>donn\u00e9es personnelles transmises par l\u2019utilisateur.<\/p><p><b>ARTICLE 9 : \u00c9volution du contrat<br \/><\/b>A tout moment, www.alucenter.lu se r\u00e9serve un droit de modification et de suppression des informations pr\u00e9sent\u00e9es.<\/p><p><b>ARTICLE 10 : Dur\u00e9e<br \/><\/b>Les pr\u00e9sentes conditions g\u00e9n\u00e9rales d\u2019utilisation sont ind\u00e9termin\u00e9es dans le temps et produisent leurs effets d\u00e8s le d\u00e9but<br \/>de l\u2019utilisation du service par l\u2019utilisateur.<\/p><p><b>ARTICLE 11 : Droit applicable et juridiction comp\u00e9tente<br \/><\/b>La l\u00e9gislation luxembourgeoise s&rsquo;applique au pr\u00e9sent contrat. En cas d&rsquo;absence de r\u00e9solution amiable d&rsquo;un litige n\u00e9 entre les parties,<br \/>seuls les tribunaux luxembourgeois sont comp\u00e9tents.<\/p><p><b>Cookies (Pop Up)<br \/><\/b>Utilisation des cookies<br \/>Notre site utilise des cookies et des technologies similaires pour nous permettre de promouvoir nos services et<br \/>am\u00e9liorer votre exp\u00e9rience de navigation. Si vous continuez \u00e0 utiliser notre site Web, vous acceptez notre utilisation de<br \/>cookies.<\/p><\/div>\n        \t\t<\/div>\n\t\t\t\t<\/div>\n\t\t\t\t\t<\/div>\n\t\t<\/div>\n\t\t\t\t\t\t\t<\/div>\n\t\t<\/section>\n\t\t\t\t\t\t\t<\/div>\n\t\t","protected":false},"excerpt":{"rendered":"<p>ARTICLE 1 : ObjetCes conditions g\u00e9n\u00e9rales d\u2019utilisations encadrent juridiquement les modalit\u00e9s de mise \u00e0 disposition des services etinformations du site www.alucenter.lu et leur utilisation par les visiteurs. Elles doivent donc \u00eatre accept\u00e9es par toututilisateur navigant sur ce site. Le simple acc\u00e8s \u00e0 ce site entraine l\u2019acceptation des conditions g\u00e9n\u00e9rales ci-dessous.Evolve S.A. se r\u00e9serve \u00e9galement le &hellip; <\/p>\n<p class=\"link-more\"><a href=\"https:\/\/alucenter.lu\/index.php\/mentions-legales-cookies\/\" class=\"more-link\">Read More <i class=\"opal-icon-long-arrow-right\"><\/i><span class=\"screen-reader-text\"> \u00ab\u00a0Mentions l\u00e9gales &#038; cookies\u00a0\u00bb<\/span><\/a><\/p>\n","protected":false},"author":1,"featured_media":0,"parent":0,"menu_order":0,"comment_status":"closed","ping_status":"closed","template":"page-elementor.php","meta":{"inline_featured_image":false,"footnotes":""},"aioseo_notices":[],"_links":{"self":[{"href":"https:\/\/alucenter.lu\/index.php\/wp-json\/wp\/v2\/pages\/4856"}],"collection":[{"href":"https:\/\/alucenter.lu\/index.php\/wp-json\/wp\/v2\/pages"}],"about":[{"href":"https:\/\/alucenter.lu\/index.php\/wp-json\/wp\/v2\/types\/page"}],"author":[{"embeddable":true,"href":"https:\/\/alucenter.lu\/index.php\/wp-json\/wp\/v2\/users\/1"}],"replies":[{"embeddable":true,"href":"https:\/\/alucenter.lu\/index.php\/wp-json\/wp\/v2\/comments?post=4856"}],"version-history":[{"count":11,"href":"https:\/\/alucenter.lu\/index.php\/wp-json\/wp\/v2\/pages\/4856\/revisions"}],"predecessor-version":[{"id":5224,"href":"https:\/\/alucenter.lu\/index.php\/wp-json\/wp\/v2\/pages\/4856\/revisions\/5224"}],"wp:attachment":[{"href":"https:\/\/alucenter.lu\/index.php\/wp-json\/wp\/v2\/media?parent=4856"}],"curies":[{"name":"wp","href":"https:\/\/api.w.org\/{rel}","templated":true}]}}