{"id":4710,"date":"2020-04-21T15:47:28","date_gmt":"2020-04-21T13:47:28","guid":{"rendered":"http:\/\/alucenter.lu\/?page_id=4710"},"modified":"2020-07-03T00:43:30","modified_gmt":"2020-07-02T22:43:30","slug":"nos-prestations-en-pliage-daluminium","status":"publish","type":"page","link":"https:\/\/alucenter.lu\/index.php\/nos-prestations-en-pliage-daluminium\/","title":{"rendered":"Nos prestations en pliage d\u2019aluminium"},"content":{"rendered":"\t\t<div data-elementor-type=\"wp-post\" data-elementor-id=\"4710\" class=\"elementor elementor-4710\">\n\t\t\t\t\t\t\t\t\t<section class=\"elementor-section elementor-top-section elementor-element elementor-element-e6811c5 elementor-section-boxed elementor-section-height-default elementor-section-height-default\" data-id=\"e6811c5\" data-element_type=\"section\">\n\t\t\t\t\t\t<div class=\"elementor-container elementor-column-gap-default\">\n\t\t\t\t\t<div class=\"elementor-column elementor-col-100 elementor-top-column elementor-element elementor-element-977aedd\" data-id=\"977aedd\" data-element_type=\"column\">\n\t\t\t<div class=\"elementor-widget-wrap elementor-element-populated\">\n\t\t\t\t\t\t\t\t<div class=\"elementor-element elementor-element-b63de5d elementor-tablet-align-center animated-fast elementor-invisible elementor-widget elementor-widget-heading\" data-id=\"b63de5d\" data-element_type=\"widget\" data-settings=\"{&quot;_animation&quot;:&quot;opal-move-up&quot;}\" data-widget_type=\"heading.default\">\n\t\t\t\t<div class=\"elementor-widget-container\">\n\t\t\t<span class=\"sub-title\">Le pliage de l\u2019aluminium selon vos besoins<\/span><h2 class=\"elementor-heading-title elementor-size-default\">Des pi\u00e8ces d\u2019aluminium \u00e0 la mesure de vos projets\n<\/h2>\t\t<\/div>\n\t\t\t\t<\/div>\n\t\t\t\t<section class=\"elementor-section elementor-inner-section elementor-element elementor-element-213d0d0 elementor-section-boxed elementor-section-height-default elementor-section-height-default\" data-id=\"213d0d0\" data-element_type=\"section\">\n\t\t\t\t\t\t<div class=\"elementor-container elementor-column-gap-default\">\n\t\t\t\t\t<div class=\"elementor-column elementor-col-100 elementor-inner-column elementor-element elementor-element-8fe01b4\" data-id=\"8fe01b4\" data-element_type=\"column\">\n\t\t\t<div class=\"elementor-widget-wrap elementor-element-populated\">\n\t\t\t\t\t\t\t\t<div class=\"elementor-element elementor-element-eec65ad animated-fast elementor-invisible elementor-widget elementor-widget-text-editor\" data-id=\"eec65ad\" data-element_type=\"widget\" data-settings=\"{&quot;_animation&quot;:&quot;opal-move-up&quot;}\" data-widget_type=\"text-editor.default\">\n\t\t\t\t<div class=\"elementor-widget-container\">\n\t\t\t        <div class=\"elementor-text-editor elementor-clearfix\"><p>Les professionnels du b\u00e2timent ont souvent besoin de l\u2019aluminium dans le cadre de leurs chantiers. C\u2019est la raison pour laquelle\u00a0Alu Center Luxembourg, en tant que sp\u00e9cialiste de ce mat\u00e9riau, vous propose de l\u2019aluminium de qualit\u00e9 mais aussi des\u00a0prestations de pliage de l\u2019aluminium\u00a0selon vos besoins et vos attentes.<\/p><p>Si vous avez des besoins sp\u00e9cifiques, nous sommes en mesure de r\u00e9aliser toutes les pi\u00e8ces d\u2019aluminium demand\u00e9es et sur-mesure pour coller \u00e0 vos contraintes techniques. Nous proposons \u00e9galement des pi\u00e8ces d\u2019aluminium pr\u00e9form\u00e9es aux dimensions les plus fr\u00e9quemment utilis\u00e9es.<\/p><\/div>\n        \t\t<\/div>\n\t\t\t\t<\/div>\n\t\t\t\t\t<\/div>\n\t\t<\/div>\n\t\t\t\t\t\t\t<\/div>\n\t\t<\/section>\n\t\t\t\t<section class=\"elementor-section elementor-inner-section elementor-element elementor-element-8f1c568 elementor-section-boxed elementor-section-height-default elementor-section-height-default\" data-id=\"8f1c568\" data-element_type=\"section\">\n\t\t\t\t\t\t<div class=\"elementor-container elementor-column-gap-default\">\n\t\t\t\t\t<div class=\"elementor-column elementor-col-50 elementor-inner-column elementor-element elementor-element-e2cdbd6\" data-id=\"e2cdbd6\" data-element_type=\"column\">\n\t\t\t<div class=\"elementor-widget-wrap elementor-element-populated\">\n\t\t\t\t\t\t\t\t<div class=\"elementor-element elementor-element-741356f elementor-tablet-align-center animated-fast elementor-invisible elementor-widget elementor-widget-heading\" data-id=\"741356f\" data-element_type=\"widget\" data-settings=\"{&quot;_animation&quot;:&quot;opal-move-up&quot;}\" data-widget_type=\"heading.default\">\n\t\t\t\t<div class=\"elementor-widget-container\">\n\t\t\t<h2 class=\"elementor-heading-title elementor-size-default\">Un travail professionnel et un outillage adapt\u00e9<\/h2>\t\t<\/div>\n\t\t\t\t<\/div>\n\t\t\t\t<div class=\"elementor-element elementor-element-1f74e71 animated-fast elementor-invisible elementor-widget elementor-widget-text-editor\" data-id=\"1f74e71\" data-element_type=\"widget\" data-settings=\"{&quot;_animation&quot;:&quot;opal-move-up&quot;}\" data-widget_type=\"text-editor.default\">\n\t\t\t\t<div class=\"elementor-widget-container\">\n\t\t\t        <div class=\"elementor-text-editor elementor-clearfix\"><p>Pour vous garantir un travail de pliage de qualit\u00e9 de vos pi\u00e8ces en aluminium,\u00a0Alu Center Luxembourg n\u2019a rien laiss\u00e9 au hasard. Les pliages sont ainsi r\u00e9alis\u00e9s par une \u00e9quipe d\u2019artisans professionnels et sp\u00e9cialistes de l\u2019aluminium qui mettront tout leur savoir-faire au service de vos projets.<\/p><p>\u00a0<\/p><\/div>\n        \t\t<\/div>\n\t\t\t\t<\/div>\n\t\t\t\t\t<\/div>\n\t\t<\/div>\n\t\t\t\t<div class=\"elementor-column elementor-col-50 elementor-inner-column elementor-element elementor-element-ddfc736\" data-id=\"ddfc736\" data-element_type=\"column\">\n\t\t\t<div class=\"elementor-widget-wrap elementor-element-populated\">\n\t\t\t\t\t\t\t\t<div class=\"elementor-element elementor-element-43e25e4 gallery-spacing-custom elementor-widget elementor-widget-image-gallery\" data-id=\"43e25e4\" data-element_type=\"widget\" data-widget_type=\"image-gallery.default\">\n\t\t\t\t<div class=\"elementor-widget-container\">\n\t\t\t\t\t<div class=\"elementor-image-gallery\">\n\t\t\t<div id='gallery-1' class='gallery galleryid-4710 gallery-columns-2 gallery-size-large'><figure class='gallery-item'>\n\t\t\t<div class='gallery-icon landscape'>\n\t\t\t\t<a data-elementor-open-lightbox=\"yes\" data-elementor-lightbox-slideshow=\"43e25e4\" data-elementor-lightbox-title=\"pliage-panneaux-aluminium\" data-e-action-hash=\"#elementor-action%3Aaction%3Dlightbox%26settings%3DeyJpZCI6NDcxNSwidXJsIjoiaHR0cHM6XC9cL2FsdWNlbnRlci5sdVwvd3AtY29udGVudFwvdXBsb2Fkc1wvMjAyMFwvMDRcL3BsaWFnZS1wYW5uZWF1eC1hbHVtaW5pdW0uanBnIiwic2xpZGVzaG93IjoiNDNlMjVlNCJ9\" href='https:\/\/alucenter.lu\/wp-content\/uploads\/2020\/04\/pliage-panneaux-aluminium.jpg'><img width=\"350\" height=\"233\" src=\"https:\/\/alucenter.lu\/wp-content\/uploads\/2020\/04\/pliage-panneaux-aluminium.jpg\" class=\"attachment-large size-large\" alt=\"\" decoding=\"async\" loading=\"lazy\" srcset=\"https:\/\/alucenter.lu\/wp-content\/uploads\/2020\/04\/pliage-panneaux-aluminium.jpg 350w, https:\/\/alucenter.lu\/wp-content\/uploads\/2020\/04\/pliage-panneaux-aluminium-300x200.jpg 300w\" sizes=\"(max-width: 350px) 100vw, 350px\" \/><\/a>\n\t\t\t<\/div><\/figure><figure class='gallery-item'>\n\t\t\t<div class='gallery-icon landscape'>\n\t\t\t\t<a data-elementor-open-lightbox=\"yes\" data-elementor-lightbox-slideshow=\"43e25e4\" data-elementor-lightbox-title=\"pliage-tole-machine-aluminium\" data-e-action-hash=\"#elementor-action%3Aaction%3Dlightbox%26settings%3DeyJpZCI6NDcxNiwidXJsIjoiaHR0cHM6XC9cL2FsdWNlbnRlci5sdVwvd3AtY29udGVudFwvdXBsb2Fkc1wvMjAyMFwvMDRcL3BsaWFnZS10b2xlLW1hY2hpbmUtYWx1bWluaXVtLmpwZyIsInNsaWRlc2hvdyI6IjQzZTI1ZTQifQ%3D%3D\" href='https:\/\/alucenter.lu\/wp-content\/uploads\/2020\/04\/pliage-tole-machine-aluminium.jpg'><img width=\"350\" height=\"233\" src=\"https:\/\/alucenter.lu\/wp-content\/uploads\/2020\/04\/pliage-tole-machine-aluminium.jpg\" class=\"attachment-large size-large\" alt=\"\" decoding=\"async\" loading=\"lazy\" srcset=\"https:\/\/alucenter.lu\/wp-content\/uploads\/2020\/04\/pliage-tole-machine-aluminium.jpg 350w, https:\/\/alucenter.lu\/wp-content\/uploads\/2020\/04\/pliage-tole-machine-aluminium-300x200.jpg 300w\" sizes=\"(max-width: 350px) 100vw, 350px\" \/><\/a>\n\t\t\t<\/div><\/figure>\n\t\t<\/div>\n\t\t<\/div>\n\t\t\t\t<\/div>\n\t\t\t\t<\/div>\n\t\t\t\t\t<\/div>\n\t\t<\/div>\n\t\t\t\t\t\t\t<\/div>\n\t\t<\/section>\n\t\t\t\t\t<\/div>\n\t\t<\/div>\n\t\t\t\t\t\t\t<\/div>\n\t\t<\/section>\n\t\t\t\t<section class=\"elementor-section elementor-top-section elementor-element elementor-element-ca12a22 elementor-section-boxed elementor-section-height-default elementor-section-height-default\" data-id=\"ca12a22\" data-element_type=\"section\">\n\t\t\t\t\t\t<div class=\"elementor-container elementor-column-gap-default\">\n\t\t\t\t\t<div class=\"elementor-column elementor-col-100 elementor-top-column elementor-element elementor-element-5c3188d\" data-id=\"5c3188d\" data-element_type=\"column\">\n\t\t\t<div class=\"elementor-widget-wrap elementor-element-populated\">\n\t\t\t\t\t\t\t\t<div class=\"elementor-element elementor-element-2b87696 elementor-widget elementor-widget-text-editor\" data-id=\"2b87696\" data-element_type=\"widget\" data-widget_type=\"text-editor.default\">\n\t\t\t\t<div class=\"elementor-widget-container\">\n\t\t\t        <div class=\"elementor-text-editor elementor-clearfix\"><p>De plus,\u00a0Alu Center Luxembourg dispose de tout le mat\u00e9riel n\u00e9cessaire pour r\u00e9aliser un pliage professionnel de l\u2019aluminium avec des machines modernes et un outillage de pointe qui lui permet de r\u00e9pondre efficacement \u00e0 toutes vos demandes et \u00e0 toutes vos exigences.<\/p><\/div>\n        \t\t<\/div>\n\t\t\t\t<\/div>\n\t\t\t\t<div class=\"elementor-element elementor-element-9d7cfde animated-fast elementor-widget-divider--separator-type-pattern elementor-widget-divider--view-line elementor-invisible elementor-widget elementor-widget-divider\" data-id=\"9d7cfde\" data-element_type=\"widget\" data-settings=\"{&quot;_animation&quot;:&quot;opal-move-up&quot;}\" data-widget_type=\"divider.default\">\n\t\t\t\t<div class=\"elementor-widget-container\">\n\t\t\t\t\t<div class=\"elementor-divider\" style=\"--divider-pattern-url: url(&quot;data:image\/svg+xml,%3Csvg xmlns=&#039;http:\/\/www.w3.org\/2000\/svg&#039; preserveAspectRatio=&#039;none&#039; overflow=&#039;visible&#039; height=&#039;100%&#039; viewBox=&#039;0 0 20 16&#039; fill=&#039;none&#039; stroke=&#039;black&#039; stroke-width=&#039;1.4&#039; stroke-linecap=&#039;square&#039; stroke-miterlimit=&#039;10&#039;%3E%3Cg transform=&#039;translate(-12.000000, 0)&#039;%3E%3Cpath d=&#039;M28,0L10,18&#039;\/%3E%3Cpath d=&#039;M18,0L0,18&#039;\/%3E%3Cpath d=&#039;M48,0L30,18&#039;\/%3E%3Cpath d=&#039;M38,0L20,18&#039;\/%3E%3C\/g%3E%3C\/svg%3E&quot;);\">\n\t\t\t<span class=\"elementor-divider-separator\">\n\t\t\t\t\t\t<\/span>\n\t\t<\/div>\n\t\t\t\t<\/div>\n\t\t\t\t<\/div>\n\t\t\t\t<div class=\"elementor-element elementor-element-1fdedb3 elementor-tablet-align-center animated-fast elementor-invisible elementor-widget elementor-widget-heading\" data-id=\"1fdedb3\" data-element_type=\"widget\" data-settings=\"{&quot;_animation&quot;:&quot;opal-move-up&quot;}\" data-widget_type=\"heading.default\">\n\t\t\t\t<div class=\"elementor-widget-container\">\n\t\t\t<span class=\"sub-title\">Alucenter : Le sp\u00e9cialiste du pliage d\u2019aluminium<\/span><h2 class=\"elementor-heading-title elementor-size-default\">Une prestation de qualit\u00e9 pour toutes vos pi\u00e8ces\n<\/h2>\t\t<\/div>\n\t\t\t\t<\/div>\n\t\t\t\t<div class=\"elementor-element elementor-element-70c065e animated-fast elementor-invisible elementor-widget elementor-widget-text-editor\" data-id=\"70c065e\" data-element_type=\"widget\" data-settings=\"{&quot;_animation&quot;:&quot;opal-move-up&quot;}\" data-widget_type=\"text-editor.default\">\n\t\t\t\t<div class=\"elementor-widget-container\">\n\t\t\t        <div class=\"elementor-text-editor elementor-clearfix\"><p>Alu Center Luxembourg est un v\u00e9ritable sp\u00e9cialiste de l\u2019aluminium et de son utilisation professionnelle. Quels que soient vos besoins, les artisans de notre entreprise sont en mesure de vous conseiller sur les solutions \u00e0 votre port\u00e9e et de mettre en \u0153uvre leur exp\u00e9rience et leur savoir-faire pour cr\u00e9er les \u00e9l\u00e9ments en aluminium qui correspondent \u00e0 vos attentes gr\u00e2ce \u00e0 un mat\u00e9riel hautement technologique et pr\u00e9cis.<\/p><p>Vous avez ainsi la garantie d\u2019un travail de la meilleure qualit\u00e9 pour des \u00e9l\u00e9ments en aluminium solides et \u00e0 la forme et dimension pr\u00e9cise.<\/p><\/div>\n        \t\t<\/div>\n\t\t\t\t<\/div>\n\t\t\t\t\t<\/div>\n\t\t<\/div>\n\t\t\t\t\t\t\t<\/div>\n\t\t<\/section>\n\t\t\t\t<section class=\"elementor-section elementor-top-section elementor-element elementor-element-c34cb68 elementor-section-boxed elementor-section-height-default elementor-section-height-default\" data-id=\"c34cb68\" data-element_type=\"section\">\n\t\t\t\t\t\t<div class=\"elementor-container elementor-column-gap-default\">\n\t\t\t\t\t<div class=\"elementor-column elementor-col-100 elementor-top-column elementor-element elementor-element-31e8419 opal-box-clip\" data-id=\"31e8419\" data-element_type=\"column\" data-settings=\"{&quot;background_background&quot;:&quot;classic&quot;}\">\n\t\t\t<div class=\"elementor-widget-wrap elementor-element-populated\">\n\t\t\t\t\t<div class=\"elementor-background-overlay\"><\/div>\n\t\t\t\t\t\t\t\t<div class=\"elementor-element elementor-element-20d234f elementor-tablet-align-center animated-fast elementor-invisible elementor-widget elementor-widget-heading\" data-id=\"20d234f\" data-element_type=\"widget\" data-settings=\"{&quot;_animation&quot;:&quot;opal-move-up&quot;}\" data-widget_type=\"heading.default\">\n\t\t\t\t<div class=\"elementor-widget-container\">\n\t\t\t<span class=\"sub-title\">Alu Center Luxembourg<\/span><h2 class=\"elementor-heading-title elementor-size-default\">Nos services compl\u00e9mentaires pour l\u2019aluminium\n<\/h2>\t\t<\/div>\n\t\t\t\t<\/div>\n\t\t\t\t<div class=\"elementor-element elementor-element-d71c439 animated-fast elementor-invisible elementor-widget elementor-widget-text-editor\" data-id=\"d71c439\" data-element_type=\"widget\" data-settings=\"{&quot;_animation&quot;:&quot;opal-move-up&quot;}\" data-widget_type=\"text-editor.default\">\n\t\t\t\t<div class=\"elementor-widget-container\">\n\t\t\t        <div class=\"elementor-text-editor elementor-clearfix\"><h5>Toutes les prestations dont vous avez besoin :<\/h5><p>En tant qu\u2019entreprise sp\u00e9cialis\u00e9e dans l\u2019aluminium,\u00a0Alu Center Luxembourg ne propose pas uniquement un service de pliage de ce mat\u00e9riau. Il peut en effet vous proposer \u00e9galement des \u00e9l\u00e9ments de menuiserie en aluminium, des plaques d\u2019aluminium brutes ou encore des services compl\u00e9mentaires de\u00a0d\u00e9coupe,\u00a0soudure\u00a0ou\u00a0peinture d\u2019aluminium.<\/p><p>Vous trouverez donc aupr\u00e8s de notre entreprise une r\u00e9ponse compl\u00e8te \u00e0 tous vos besoins en aluminium.<\/p><\/div>\n        \t\t<\/div>\n\t\t\t\t<\/div>\n\t\t\t\t\t<\/div>\n\t\t<\/div>\n\t\t\t\t\t\t\t<\/div>\n\t\t<\/section>\n\t\t\t\t<section class=\"elementor-section elementor-top-section elementor-element elementor-element-17a93015 elementor-section-stretched elementor-section-height-min-height osf-vertical-line-active elementor-section-boxed elementor-section-height-default elementor-section-items-middle\" data-id=\"17a93015\" data-element_type=\"section\" data-settings=\"{&quot;stretch_section&quot;:&quot;section-stretched&quot;,&quot;osf_section_vertical_line_switcher&quot;:&quot;active&quot;,&quot;background_background&quot;:&quot;classic&quot;}\">\n\t\t\t\t\t\t<div class=\"elementor-container elementor-column-gap-no\">\n\t\t\t\t\t<div class=\"elementor-column elementor-col-100 elementor-top-column elementor-element elementor-element-1908aeb6\" data-id=\"1908aeb6\" data-element_type=\"column\">\n\t\t\t<div class=\"elementor-widget-wrap elementor-element-populated\">\n\t\t\t\t\t\t\t\t<div class=\"elementor-element elementor-element-750d3b7d animated-fast elementor-invisible elementor-widget elementor-widget-heading\" data-id=\"750d3b7d\" data-element_type=\"widget\" data-settings=\"{&quot;_animation&quot;:&quot;opal-move-up&quot;}\" data-widget_type=\"heading.default\">\n\t\t\t\t<div class=\"elementor-widget-container\">\n\t\t\t<h2 class=\"elementor-heading-title elementor-size-default\">Contactez-nous<\/h2>\t\t<\/div>\n\t\t\t\t<\/div>\n\t\t\t\t<div class=\"elementor-element elementor-element-61f02fb7 animated-fast elementor-invisible elementor-widget elementor-widget-text-editor\" data-id=\"61f02fb7\" data-element_type=\"widget\" data-settings=\"{&quot;_animation&quot;:&quot;opal-move-up&quot;}\" data-widget_type=\"text-editor.default\">\n\t\t\t\t<div class=\"elementor-widget-container\">\n\t\t\t        <div class=\"elementor-text-editor elementor-clearfix\"><p>Si vous souhaitez recevoir\u00a0un devis d\u00e9taill\u00e9 pour une mission pr\u00e9cise <br \/>ou en savoir davantage \u00e0 propos de nos prestations.<br \/>Nous serons ravis de vous apporter notre expertise.<\/p><\/div>\n        \t\t<\/div>\n\t\t\t\t<\/div>\n\t\t\t\t<div class=\"elementor-element elementor-element-179f2f40 animated-fast elementor-button-primary elementor-invisible elementor-widget elementor-widget-button\" data-id=\"179f2f40\" data-element_type=\"widget\" data-settings=\"{&quot;_animation&quot;:&quot;opal-move-up&quot;}\" data-widget_type=\"button.default\">\n\t\t\t\t<div class=\"elementor-widget-container\">\n\t\t\t        <div class=\"elementor-button-wrapper\">\n            <a href=\"https:\/\/alucenter.lu\/index.php\/contact\/\" class=\"elementor-button-link elementor-button elementor-size-md\" role=\"button\">\n                \t\t<span class=\"elementor-button-content-wrapper\">\n\t\t\t\t\t\t<span class=\"elementor-button-icon elementor-align-icon-right\">\n\t\t\t\t\t\t\t\t\t<i class=\"opal-icon-long-arrow-right\" aria-hidden=\"true\"><\/i>\n\t\t\t\t\t\t\t<\/span>\n\t\t\t\t\t\t<span class=\"elementor-button-text\">Formulaire de contact<\/span>\n\t\t<\/span>\n\t\t            <\/a>\n        <\/div>\n        \t\t<\/div>\n\t\t\t\t<\/div>\n\t\t\t\t\t<\/div>\n\t\t<\/div>\n\t\t\t\t\t\t\t<\/div>\n\t\t<\/section>\n\t\t\t\t\t\t\t<\/div>\n\t\t","protected":false},"excerpt":{"rendered":"<p>Le pliage de l\u2019aluminium selon vos besoins Des pi\u00e8ces d\u2019aluminium \u00e0 la mesure de vos projets Les professionnels du b\u00e2timent ont souvent besoin de l\u2019aluminium dans le cadre de leurs chantiers. C\u2019est la raison pour laquelle\u00a0Alu Center Luxembourg, en tant que sp\u00e9cialiste de ce mat\u00e9riau, vous propose de l\u2019aluminium de qualit\u00e9 mais aussi des\u00a0prestations de &hellip; <\/p>\n<p class=\"link-more\"><a href=\"https:\/\/alucenter.lu\/index.php\/nos-prestations-en-pliage-daluminium\/\" class=\"more-link\">Read More <i class=\"opal-icon-long-arrow-right\"><\/i><span class=\"screen-reader-text\"> \u00ab\u00a0Nos prestations en pliage d\u2019aluminium\u00a0\u00bb<\/span><\/a><\/p>\n","protected":false},"author":1,"featured_media":0,"parent":0,"menu_order":0,"comment_status":"closed","ping_status":"closed","template":"page-elementor.php","meta":{"inline_featured_image":false,"footnotes":""},"aioseo_notices":[],"_links":{"self":[{"href":"https:\/\/alucenter.lu\/index.php\/wp-json\/wp\/v2\/pages\/4710"}],"collection":[{"href":"https:\/\/alucenter.lu\/index.php\/wp-json\/wp\/v2\/pages"}],"about":[{"href":"https:\/\/alucenter.lu\/index.php\/wp-json\/wp\/v2\/types\/page"}],"author":[{"embeddable":true,"href":"https:\/\/alucenter.lu\/index.php\/wp-json\/wp\/v2\/users\/1"}],"replies":[{"embeddable":true,"href":"https:\/\/alucenter.lu\/index.php\/wp-json\/wp\/v2\/comments?post=4710"}],"version-history":[{"count":11,"href":"https:\/\/alucenter.lu\/index.php\/wp-json\/wp\/v2\/pages\/4710\/revisions"}],"predecessor-version":[{"id":5094,"href":"https:\/\/alucenter.lu\/index.php\/wp-json\/wp\/v2\/pages\/4710\/revisions\/5094"}],"wp:attachment":[{"href":"https:\/\/alucenter.lu\/index.php\/wp-json\/wp\/v2\/media?parent=4710"}],"curies":[{"name":"wp","href":"https:\/\/api.w.org\/{rel}","templated":true}]}}