{"id":4698,"date":"2020-04-21T15:22:18","date_gmt":"2020-04-21T13:22:18","guid":{"rendered":"http:\/\/alucenter.lu\/?page_id=4698"},"modified":"2020-07-03T00:14:51","modified_gmt":"2020-07-02T22:14:51","slug":"nos-prestations-en-soudage-daluminium","status":"publish","type":"page","link":"https:\/\/alucenter.lu\/index.php\/nos-prestations-en-soudage-daluminium\/","title":{"rendered":"Nos prestations en soudage d\u2019aluminium"},"content":{"rendered":"\t\t<div data-elementor-type=\"wp-post\" data-elementor-id=\"4698\" class=\"elementor elementor-4698\">\n\t\t\t\t\t\t\t\t\t<section class=\"elementor-section elementor-top-section elementor-element elementor-element-72e38bd elementor-section-boxed elementor-section-height-default elementor-section-height-default\" data-id=\"72e38bd\" data-element_type=\"section\">\n\t\t\t\t\t\t<div class=\"elementor-container elementor-column-gap-no\">\n\t\t\t\t\t<div class=\"elementor-column elementor-col-50 elementor-top-column elementor-element elementor-element-25c16e7 animated-fast elementor-invisible\" data-id=\"25c16e7\" data-element_type=\"column\" data-settings=\"{&quot;background_background&quot;:&quot;classic&quot;,&quot;animation&quot;:&quot;opal-move-up&quot;}\">\n\t\t\t<div class=\"elementor-widget-wrap elementor-element-populated\">\n\t\t\t\t\t\t\t\t<div class=\"elementor-element elementor-element-b63de5d elementor-tablet-align-center animated-fast elementor-invisible elementor-widget elementor-widget-heading\" data-id=\"b63de5d\" data-element_type=\"widget\" data-settings=\"{&quot;_animation&quot;:&quot;opal-move-up&quot;}\" data-widget_type=\"heading.default\">\n\t\t\t\t<div class=\"elementor-widget-container\">\n\t\t\t<span class=\"sub-title\">Nos solutions de soudage de l\u2019aluminium<\/span><h2 class=\"elementor-heading-title elementor-size-default\">Soudage robotis\u00e9 ou manuel :\n<\/h2>\t\t<\/div>\n\t\t\t\t<\/div>\n\t\t\t\t<div class=\"elementor-element elementor-element-eec65ad animated-fast elementor-invisible elementor-widget elementor-widget-text-editor\" data-id=\"eec65ad\" data-element_type=\"widget\" data-settings=\"{&quot;_animation&quot;:&quot;opal-move-up&quot;}\" data-widget_type=\"text-editor.default\">\n\t\t\t\t<div class=\"elementor-widget-container\">\n\t\t\t        <div class=\"elementor-text-editor elementor-clearfix\"><p>Alu Center Luxembourg dispose pour ses prestations de soudage de l\u2019aluminium d\u2019un atelier \u00e9quip\u00e9 de mat\u00e9riel professionnel qui lui permet de r\u00e9aliser des\u00a0soudures\u00a0d\u2019excellente qualit\u00e9. Le soudage de vos pi\u00e8ces en aluminium peut ainsi \u00eatre r\u00e9alis\u00e9 de mani\u00e8re m\u00e9canique gr\u00e2ce \u00e0 nos machines modernes et perfectionn\u00e9es ou manuellement pour les pi\u00e8ces demandant une attention toute particuli\u00e8re et une plus grande minutie.<\/p><p>Vous avez ainsi la garantie d\u2019un travail soign\u00e9 qui r\u00e9pond \u00e0 vos besoins et d\u2019obtenir des \u00e9l\u00e9ments en aluminium soud\u00e9s de la meilleure qualit\u00e9.<\/p><\/div>\n        \t\t<\/div>\n\t\t\t\t<\/div>\n\t\t\t\t<div class=\"elementor-element elementor-element-1fdedb3 elementor-tablet-align-center animated-fast elementor-invisible elementor-widget elementor-widget-heading\" data-id=\"1fdedb3\" data-element_type=\"widget\" data-settings=\"{&quot;_animation&quot;:&quot;opal-move-up&quot;}\" data-widget_type=\"heading.default\">\n\t\t\t\t<div class=\"elementor-widget-container\">\n\t\t\t<h2 class=\"elementor-heading-title elementor-size-default\">Qualit\u00e9, d\u00e9lais et volumes de soudage d\u2019aluminium :\n<\/h2>\t\t<\/div>\n\t\t\t\t<\/div>\n\t\t\t\t<div class=\"elementor-element elementor-element-70c065e animated-fast elementor-invisible elementor-widget elementor-widget-text-editor\" data-id=\"70c065e\" data-element_type=\"widget\" data-settings=\"{&quot;_animation&quot;:&quot;opal-move-up&quot;}\" data-widget_type=\"text-editor.default\">\n\t\t\t\t<div class=\"elementor-widget-container\">\n\t\t\t        <div class=\"elementor-text-editor elementor-clearfix\"><p>Gr\u00e2ce \u00e0 son savoir-faire et \u00e0 son exp\u00e9rience dans le domaine de l\u2019aluminium,\u00a0Alu Center Luxembourg vous offre un service de soudage de haute qualit\u00e9 et r\u00e9alis\u00e9e par des artisans professionnels et passionn\u00e9s.<\/p><p>Bien entendu, nous nous engageons \u00e0 respecter les d\u00e9lais annonc\u00e9s et \u00e0 traiter vos demandes dans les plus brefs d\u00e9lais afin de vous permettre de gagner un maximum de temps sur vos chantiers.<\/p><p>De la m\u00eame mani\u00e8re, nous sommes en mesure de r\u00e9aliser la soudure d\u2019un \u00e9l\u00e9ment d\u2019aluminium seul comme de traiter des volumes plus importants.<\/p><\/div>\n        \t\t<\/div>\n\t\t\t\t<\/div>\n\t\t\t\t\t<\/div>\n\t\t<\/div>\n\t\t\t\t<div class=\"elementor-column elementor-col-50 elementor-top-column elementor-element elementor-element-8c361dc animated-fast elementor-invisible\" data-id=\"8c361dc\" data-element_type=\"column\" data-settings=\"{&quot;background_background&quot;:&quot;classic&quot;,&quot;animation&quot;:&quot;opal-move-up&quot;}\">\n\t\t\t<div class=\"elementor-widget-wrap elementor-element-populated\">\n\t\t\t\t\t\t\t\t<section class=\"elementor-section elementor-inner-section elementor-element elementor-element-ad8ac20 elementor-section-boxed elementor-section-height-default elementor-section-height-default\" data-id=\"ad8ac20\" data-element_type=\"section\">\n\t\t\t\t\t\t<div class=\"elementor-container elementor-column-gap-default\">\n\t\t\t\t\t<div class=\"elementor-column elementor-col-100 elementor-inner-column elementor-element elementor-element-58de803\" data-id=\"58de803\" data-element_type=\"column\">\n\t\t\t<div class=\"elementor-widget-wrap elementor-element-populated\">\n\t\t\t\t\t\t\t\t<div class=\"elementor-element elementor-element-e632eb7 gallery-spacing-custom elementor-invisible elementor-widget elementor-widget-image-gallery\" data-id=\"e632eb7\" data-element_type=\"widget\" data-settings=\"{&quot;_animation&quot;:&quot;fadeIn&quot;}\" data-widget_type=\"image-gallery.default\">\n\t\t\t\t<div class=\"elementor-widget-container\">\n\t\t\t\t\t<div class=\"elementor-image-gallery\">\n\t\t\t<div id='gallery-1' class='gallery galleryid-4698 gallery-columns-1 gallery-size-large'><figure class='gallery-item'>\n\t\t\t<div class='gallery-icon landscape'>\n\t\t\t\t<img width=\"350\" height=\"233\" src=\"https:\/\/alucenter.lu\/wp-content\/uploads\/2020\/04\/soudure-atelier-aluminium.jpg\" class=\"attachment-large size-large\" alt=\"\" decoding=\"async\" loading=\"lazy\" srcset=\"https:\/\/alucenter.lu\/wp-content\/uploads\/2020\/04\/soudure-atelier-aluminium.jpg 350w, https:\/\/alucenter.lu\/wp-content\/uploads\/2020\/04\/soudure-atelier-aluminium-300x200.jpg 300w\" sizes=\"(max-width: 350px) 100vw, 350px\" \/>\n\t\t\t<\/div><\/figure><figure class='gallery-item'>\n\t\t\t<div class='gallery-icon landscape'>\n\t\t\t\t<img width=\"350\" height=\"233\" src=\"https:\/\/alucenter.lu\/wp-content\/uploads\/2020\/04\/soudure-aluminium-2.jpg\" class=\"attachment-large size-large\" alt=\"\" decoding=\"async\" loading=\"lazy\" srcset=\"https:\/\/alucenter.lu\/wp-content\/uploads\/2020\/04\/soudure-aluminium-2.jpg 350w, https:\/\/alucenter.lu\/wp-content\/uploads\/2020\/04\/soudure-aluminium-2-300x200.jpg 300w\" sizes=\"(max-width: 350px) 100vw, 350px\" \/>\n\t\t\t<\/div><\/figure><figure class='gallery-item'>\n\t\t\t<div class='gallery-icon landscape'>\n\t\t\t\t<img width=\"350\" height=\"233\" src=\"https:\/\/alucenter.lu\/wp-content\/uploads\/2020\/04\/soudure-tube-aluminium-1.jpg\" class=\"attachment-large size-large\" alt=\"\" decoding=\"async\" loading=\"lazy\" srcset=\"https:\/\/alucenter.lu\/wp-content\/uploads\/2020\/04\/soudure-tube-aluminium-1.jpg 350w, https:\/\/alucenter.lu\/wp-content\/uploads\/2020\/04\/soudure-tube-aluminium-1-300x200.jpg 300w\" sizes=\"(max-width: 350px) 100vw, 350px\" \/>\n\t\t\t<\/div><\/figure>\n\t\t<\/div>\n\t\t<\/div>\n\t\t\t\t<\/div>\n\t\t\t\t<\/div>\n\t\t\t\t\t<\/div>\n\t\t<\/div>\n\t\t\t\t\t\t\t<\/div>\n\t\t<\/section>\n\t\t\t\t\t<\/div>\n\t\t<\/div>\n\t\t\t\t\t\t\t<\/div>\n\t\t<\/section>\n\t\t\t\t<section class=\"elementor-section elementor-top-section elementor-element elementor-element-e6811c5 elementor-section-boxed elementor-section-height-default elementor-section-height-default\" data-id=\"e6811c5\" data-element_type=\"section\">\n\t\t\t\t\t\t<div class=\"elementor-container elementor-column-gap-default\">\n\t\t\t\t\t<div class=\"elementor-column elementor-col-100 elementor-top-column elementor-element elementor-element-977aedd\" data-id=\"977aedd\" data-element_type=\"column\">\n\t\t\t<div class=\"elementor-widget-wrap elementor-element-populated\">\n\t\t\t\t\t\t\t\t<div class=\"elementor-element elementor-element-9d7cfde animated-fast elementor-widget-divider--separator-type-pattern elementor-widget-divider--view-line elementor-invisible elementor-widget elementor-widget-divider\" data-id=\"9d7cfde\" data-element_type=\"widget\" data-settings=\"{&quot;_animation&quot;:&quot;opal-move-up&quot;}\" data-widget_type=\"divider.default\">\n\t\t\t\t<div class=\"elementor-widget-container\">\n\t\t\t\t\t<div class=\"elementor-divider\" style=\"--divider-pattern-url: url(&quot;data:image\/svg+xml,%3Csvg xmlns=&#039;http:\/\/www.w3.org\/2000\/svg&#039; preserveAspectRatio=&#039;none&#039; overflow=&#039;visible&#039; height=&#039;100%&#039; viewBox=&#039;0 0 20 16&#039; fill=&#039;none&#039; stroke=&#039;black&#039; stroke-width=&#039;1.4&#039; stroke-linecap=&#039;square&#039; stroke-miterlimit=&#039;10&#039;%3E%3Cg transform=&#039;translate(-12.000000, 0)&#039;%3E%3Cpath d=&#039;M28,0L10,18&#039;\/%3E%3Cpath d=&#039;M18,0L0,18&#039;\/%3E%3Cpath d=&#039;M48,0L30,18&#039;\/%3E%3Cpath d=&#039;M38,0L20,18&#039;\/%3E%3C\/g%3E%3C\/svg%3E&quot;);\">\n\t\t\t<span class=\"elementor-divider-separator\">\n\t\t\t\t\t\t<\/span>\n\t\t<\/div>\n\t\t\t\t<\/div>\n\t\t\t\t<\/div>\n\t\t\t\t<div class=\"elementor-element elementor-element-e0c8165 elementor-tablet-align-center animated-fast elementor-invisible elementor-widget elementor-widget-heading\" data-id=\"e0c8165\" data-element_type=\"widget\" data-settings=\"{&quot;_animation&quot;:&quot;opal-move-up&quot;}\" data-widget_type=\"heading.default\">\n\t\t\t\t<div class=\"elementor-widget-container\">\n\t\t\t<span class=\"sub-title\">Les atouts d\u2019Alu Center Luxembourg pour le soudage de l\u2019aluminium<\/span><h2 class=\"elementor-heading-title elementor-size-default\">Faites confiance \u00e0 une entreprise sp\u00e9cialis\u00e9e dans l\u2019aluminium :\n<\/h2>\t\t<\/div>\n\t\t\t\t<\/div>\n\t\t\t\t<div class=\"elementor-element elementor-element-f6f86aa animated-fast elementor-invisible elementor-widget elementor-widget-text-editor\" data-id=\"f6f86aa\" data-element_type=\"widget\" data-settings=\"{&quot;_animation&quot;:&quot;opal-move-up&quot;}\" data-widget_type=\"text-editor.default\">\n\t\t\t\t<div class=\"elementor-widget-container\">\n\t\t\t        <div class=\"elementor-text-editor elementor-clearfix\"><p>Le\u00a0soudage de l\u2019aluminium\u00a0est une technique \u00e0 part qui diff\u00e8re beaucoup des\u00a0techniques de soudage\u00a0des autres m\u00e9taux. C\u2019est pourquoi il est pr\u00e9f\u00e9rable de faire appel \u00e0 une entreprise uniquement sp\u00e9cialis\u00e9e dans le mat\u00e9riau pour vos besoins en soudage.<\/p><p>Alu Center Luxembourg est actuellement l\u2019un des plus grands sp\u00e9cialistes de l\u2019aluminium au Luxembourg et a fait du travail de l\u2019aluminium son c\u0153ur de m\u00e9tier. Cette sp\u00e9cialisation vous assure des prestations de soudage de la meilleure qualit\u00e9 et une capacit\u00e9 \u00e0 r\u00e9pondre \u00e0 tous vos besoins et contraintes sans aucune limite et dans les meilleurs d\u00e9lais.<\/p><p>N\u2019h\u00e9sitez pas \u00e0 contacter notre entreprise pour en savoir plus \u00e0 propos de notre expertise et trouver des r\u00e9ponses pr\u00e9cises \u00e0 vos attentes.<\/p><\/div>\n        \t\t<\/div>\n\t\t\t\t<\/div>\n\t\t\t\t\t<\/div>\n\t\t<\/div>\n\t\t\t\t\t\t\t<\/div>\n\t\t<\/section>\n\t\t\t\t<section class=\"elementor-section elementor-top-section elementor-element elementor-element-c34cb68 elementor-section-boxed elementor-section-height-default elementor-section-height-default\" data-id=\"c34cb68\" data-element_type=\"section\">\n\t\t\t\t\t\t<div class=\"elementor-container elementor-column-gap-default\">\n\t\t\t\t\t<div class=\"elementor-column elementor-col-100 elementor-top-column elementor-element elementor-element-31e8419 opal-box-clip\" data-id=\"31e8419\" data-element_type=\"column\" data-settings=\"{&quot;background_background&quot;:&quot;classic&quot;}\">\n\t\t\t<div class=\"elementor-widget-wrap elementor-element-populated\">\n\t\t\t\t\t<div class=\"elementor-background-overlay\"><\/div>\n\t\t\t\t\t\t\t\t<div class=\"elementor-element elementor-element-20d234f elementor-tablet-align-center animated-fast elementor-invisible elementor-widget elementor-widget-heading\" data-id=\"20d234f\" data-element_type=\"widget\" data-settings=\"{&quot;_animation&quot;:&quot;opal-move-up&quot;}\" data-widget_type=\"heading.default\">\n\t\t\t\t<div class=\"elementor-widget-container\">\n\t\t\t<span class=\"sub-title\">Alu center<\/span><h2 class=\"elementor-heading-title elementor-size-default\">Alucenter et ses autres services pour l\u2019aluminium\n<\/h2>\t\t<\/div>\n\t\t\t\t<\/div>\n\t\t\t\t<div class=\"elementor-element elementor-element-d71c439 animated-fast elementor-invisible elementor-widget elementor-widget-text-editor\" data-id=\"d71c439\" data-element_type=\"widget\" data-settings=\"{&quot;_animation&quot;:&quot;opal-move-up&quot;}\" data-widget_type=\"text-editor.default\">\n\t\t\t\t<div class=\"elementor-widget-container\">\n\t\t\t        <div class=\"elementor-text-editor elementor-clearfix\"><h5>Tout ce dont vous avez besoin pour vos \u00e9l\u00e9ments en aluminium :<\/h5><p>En plus de vous proposer des\u00a0services de soudage de l\u2019aluminium, la soci\u00e9t\u00e9\u00a0Alu Center Luxembourg met tout en \u0153uvre pour traiter l\u2019ensemble de vos besoins dans ce domaine. En tant que professionnel de l\u2019aluminium, Alu Center Luxembourg est ainsi en mesure de vous fournir toutes les pi\u00e8ces courantes d\u2019aluminium dont vous avez besoin pour vos constructions ou r\u00e9novations mais \u00e9galement de r\u00e9aliser toute demande particuli\u00e8re comme la confection d\u2019\u00e9l\u00e9ments sur-mesure.<\/p><p>Parmi les prestations propos\u00e9es, on retrouve notamment des services de\u00a0d\u00e9coupe,\u00a0pliage\u00a0ou encore\u00a0peinture\u00a0de l\u2019aluminium.<\/p><\/div>\n        \t\t<\/div>\n\t\t\t\t<\/div>\n\t\t\t\t\t<\/div>\n\t\t<\/div>\n\t\t\t\t\t\t\t<\/div>\n\t\t<\/section>\n\t\t\t\t<section class=\"elementor-section elementor-top-section elementor-element elementor-element-17a93015 elementor-section-stretched elementor-section-height-min-height osf-vertical-line-active elementor-section-boxed elementor-section-height-default elementor-section-items-middle\" data-id=\"17a93015\" data-element_type=\"section\" data-settings=\"{&quot;stretch_section&quot;:&quot;section-stretched&quot;,&quot;osf_section_vertical_line_switcher&quot;:&quot;active&quot;,&quot;background_background&quot;:&quot;classic&quot;}\">\n\t\t\t\t\t\t<div class=\"elementor-container elementor-column-gap-no\">\n\t\t\t\t\t<div class=\"elementor-column elementor-col-100 elementor-top-column elementor-element elementor-element-1908aeb6\" data-id=\"1908aeb6\" data-element_type=\"column\">\n\t\t\t<div class=\"elementor-widget-wrap elementor-element-populated\">\n\t\t\t\t\t\t\t\t<div class=\"elementor-element elementor-element-750d3b7d animated-fast elementor-invisible elementor-widget elementor-widget-heading\" data-id=\"750d3b7d\" data-element_type=\"widget\" data-settings=\"{&quot;_animation&quot;:&quot;opal-move-up&quot;}\" data-widget_type=\"heading.default\">\n\t\t\t\t<div class=\"elementor-widget-container\">\n\t\t\t<h2 class=\"elementor-heading-title elementor-size-default\">Contactez-nous<\/h2>\t\t<\/div>\n\t\t\t\t<\/div>\n\t\t\t\t<div class=\"elementor-element elementor-element-61f02fb7 animated-fast elementor-invisible elementor-widget elementor-widget-text-editor\" data-id=\"61f02fb7\" data-element_type=\"widget\" data-settings=\"{&quot;_animation&quot;:&quot;opal-move-up&quot;}\" data-widget_type=\"text-editor.default\">\n\t\t\t\t<div class=\"elementor-widget-container\">\n\t\t\t        <div class=\"elementor-text-editor elementor-clearfix\"><p>Si vous souhaitez recevoir\u00a0un devis d\u00e9taill\u00e9 pour une mission pr\u00e9cise <br \/>ou en savoir davantage \u00e0 propos de nos prestations.<br \/>Nous serons ravis de vous apporter notre expertise.<\/p><\/div>\n        \t\t<\/div>\n\t\t\t\t<\/div>\n\t\t\t\t<div class=\"elementor-element elementor-element-179f2f40 animated-fast elementor-button-primary elementor-invisible elementor-widget elementor-widget-button\" data-id=\"179f2f40\" data-element_type=\"widget\" data-settings=\"{&quot;_animation&quot;:&quot;opal-move-up&quot;}\" data-widget_type=\"button.default\">\n\t\t\t\t<div class=\"elementor-widget-container\">\n\t\t\t        <div class=\"elementor-button-wrapper\">\n            <a href=\"https:\/\/alucenter.lu\/index.php\/contact\/\" class=\"elementor-button-link elementor-button elementor-size-md\" role=\"button\">\n                \t\t<span class=\"elementor-button-content-wrapper\">\n\t\t\t\t\t\t<span class=\"elementor-button-icon elementor-align-icon-right\">\n\t\t\t\t\t\t\t\t\t<i class=\"opal-icon-long-arrow-right\" aria-hidden=\"true\"><\/i>\n\t\t\t\t\t\t\t<\/span>\n\t\t\t\t\t\t<span class=\"elementor-button-text\">Formulaire de contact<\/span>\n\t\t<\/span>\n\t\t            <\/a>\n        <\/div>\n        \t\t<\/div>\n\t\t\t\t<\/div>\n\t\t\t\t\t<\/div>\n\t\t<\/div>\n\t\t\t\t\t\t\t<\/div>\n\t\t<\/section>\n\t\t\t\t\t\t\t<\/div>\n\t\t","protected":false},"excerpt":{"rendered":"<p>Nos solutions de soudage de l\u2019aluminium Soudage robotis\u00e9 ou manuel : Alu Center Luxembourg dispose pour ses prestations de soudage de l\u2019aluminium d\u2019un atelier \u00e9quip\u00e9 de mat\u00e9riel professionnel qui lui permet de r\u00e9aliser des\u00a0soudures\u00a0d\u2019excellente qualit\u00e9. Le soudage de vos pi\u00e8ces en aluminium peut ainsi \u00eatre r\u00e9alis\u00e9 de mani\u00e8re m\u00e9canique gr\u00e2ce \u00e0 nos machines modernes et &hellip; <\/p>\n<p class=\"link-more\"><a href=\"https:\/\/alucenter.lu\/index.php\/nos-prestations-en-soudage-daluminium\/\" class=\"more-link\">Read More <i class=\"opal-icon-long-arrow-right\"><\/i><span class=\"screen-reader-text\"> \u00ab\u00a0Nos prestations en soudage d\u2019aluminium\u00a0\u00bb<\/span><\/a><\/p>\n","protected":false},"author":1,"featured_media":0,"parent":0,"menu_order":0,"comment_status":"closed","ping_status":"closed","template":"page-elementor.php","meta":{"inline_featured_image":false,"footnotes":""},"aioseo_notices":[],"_links":{"self":[{"href":"https:\/\/alucenter.lu\/index.php\/wp-json\/wp\/v2\/pages\/4698"}],"collection":[{"href":"https:\/\/alucenter.lu\/index.php\/wp-json\/wp\/v2\/pages"}],"about":[{"href":"https:\/\/alucenter.lu\/index.php\/wp-json\/wp\/v2\/types\/page"}],"author":[{"embeddable":true,"href":"https:\/\/alucenter.lu\/index.php\/wp-json\/wp\/v2\/users\/1"}],"replies":[{"embeddable":true,"href":"https:\/\/alucenter.lu\/index.php\/wp-json\/wp\/v2\/comments?post=4698"}],"version-history":[{"count":13,"href":"https:\/\/alucenter.lu\/index.php\/wp-json\/wp\/v2\/pages\/4698\/revisions"}],"predecessor-version":[{"id":5075,"href":"https:\/\/alucenter.lu\/index.php\/wp-json\/wp\/v2\/pages\/4698\/revisions\/5075"}],"wp:attachment":[{"href":"https:\/\/alucenter.lu\/index.php\/wp-json\/wp\/v2\/media?parent=4698"}],"curies":[{"name":"wp","href":"https:\/\/api.w.org\/{rel}","templated":true}]}}