{"id":4667,"date":"2020-04-20T17:30:18","date_gmt":"2020-04-20T15:30:18","guid":{"rendered":"http:\/\/alucenter.lu\/?page_id=4667"},"modified":"2020-07-03T00:42:01","modified_gmt":"2020-07-02T22:42:01","slug":"les-techniques-de-soudage","status":"publish","type":"page","link":"https:\/\/alucenter.lu\/index.php\/les-techniques-de-soudage\/","title":{"rendered":"Les techniques de soudage"},"content":{"rendered":"\t\t<div data-elementor-type=\"wp-post\" data-elementor-id=\"4667\" class=\"elementor elementor-4667\">\n\t\t\t\t\t\t\t\t\t<section class=\"elementor-section elementor-top-section elementor-element elementor-element-72e38bd elementor-section-boxed elementor-section-height-default elementor-section-height-default\" data-id=\"72e38bd\" data-element_type=\"section\">\n\t\t\t\t\t\t<div class=\"elementor-container elementor-column-gap-no\">\n\t\t\t\t\t<div class=\"elementor-column elementor-col-50 elementor-top-column elementor-element elementor-element-25c16e7 animated-fast elementor-invisible\" data-id=\"25c16e7\" data-element_type=\"column\" data-settings=\"{&quot;background_background&quot;:&quot;classic&quot;,&quot;animation&quot;:&quot;opal-move-up&quot;}\">\n\t\t\t<div class=\"elementor-widget-wrap elementor-element-populated\">\n\t\t\t\t\t\t\t\t<div class=\"elementor-element elementor-element-b63de5d elementor-tablet-align-center animated-fast elementor-invisible elementor-widget elementor-widget-heading\" data-id=\"b63de5d\" data-element_type=\"widget\" data-settings=\"{&quot;_animation&quot;:&quot;opal-move-up&quot;}\" data-widget_type=\"heading.default\">\n\t\t\t\t<div class=\"elementor-widget-container\">\n\t\t\t<span class=\"sub-title\">Deux principales techniques pour souder l\u2019aluminium<\/span><h2 class=\"elementor-heading-title elementor-size-default\">Le soudage TIG de l\u2019aluminium :\n<\/h2>\t\t<\/div>\n\t\t\t\t<\/div>\n\t\t\t\t<div class=\"elementor-element elementor-element-eec65ad animated-fast elementor-invisible elementor-widget elementor-widget-text-editor\" data-id=\"eec65ad\" data-element_type=\"widget\" data-settings=\"{&quot;_animation&quot;:&quot;opal-move-up&quot;}\" data-widget_type=\"text-editor.default\">\n\t\t\t\t<div class=\"elementor-widget-container\">\n\t\t\t        <div class=\"elementor-text-editor elementor-clearfix\"><p>L\u2019une des techniques de\u00a0soudage de l\u2019aluminium\u00a0les plus populaires est sans doute la technique de soudage TIG qui utilise le courant alternatif. Il permet d\u2019assembler des \u00e9l\u00e9ments de 1 \u00e0 4 mm avec la n\u00e9cessit\u00e9 d\u2019utiliser un m\u00e9tal d\u2019apport suppl\u00e9mentaire lorsque l\u2019\u00e9paisseur d\u00e9passe 2 mm.<\/p><p>Au-del\u00e0 d\u2019une \u00e9paisseur de 2 mm, le soudage TIG n\u2019est plus adapt\u00e9 sauf lorsqu\u2019il est effectu\u00e9 avec des g\u00e9n\u00e9rateurs de tr\u00e8s grande puissance.<\/p><\/div>\n        \t\t<\/div>\n\t\t\t\t<\/div>\n\t\t\t\t<div class=\"elementor-element elementor-element-741356f elementor-tablet-align-center animated-fast elementor-invisible elementor-widget elementor-widget-heading\" data-id=\"741356f\" data-element_type=\"widget\" data-settings=\"{&quot;_animation&quot;:&quot;opal-move-up&quot;}\" data-widget_type=\"heading.default\">\n\t\t\t\t<div class=\"elementor-widget-container\">\n\t\t\t<h2 class=\"elementor-heading-title elementor-size-default\">Le soudage MIG de l\u2019aluminium :\n<\/h2>\t\t<\/div>\n\t\t\t\t<\/div>\n\t\t\t\t\t<\/div>\n\t\t<\/div>\n\t\t\t\t<div class=\"elementor-column elementor-col-50 elementor-top-column elementor-element elementor-element-8c361dc animated-fast elementor-invisible\" data-id=\"8c361dc\" data-element_type=\"column\" data-settings=\"{&quot;background_background&quot;:&quot;classic&quot;,&quot;animation&quot;:&quot;opal-move-up&quot;}\">\n\t\t\t<div class=\"elementor-widget-wrap elementor-element-populated\">\n\t\t\t\t\t\t\t\t<section class=\"elementor-section elementor-inner-section elementor-element elementor-element-ad8ac20 elementor-section-boxed elementor-section-height-default elementor-section-height-default\" data-id=\"ad8ac20\" data-element_type=\"section\">\n\t\t\t\t\t\t<div class=\"elementor-container elementor-column-gap-default\">\n\t\t\t\t\t<div class=\"elementor-column elementor-col-100 elementor-inner-column elementor-element elementor-element-58de803\" data-id=\"58de803\" data-element_type=\"column\">\n\t\t\t<div class=\"elementor-widget-wrap elementor-element-populated\">\n\t\t\t\t\t\t\t\t<div class=\"elementor-element elementor-element-e632eb7 gallery-spacing-custom elementor-invisible elementor-widget elementor-widget-image-gallery\" data-id=\"e632eb7\" data-element_type=\"widget\" data-settings=\"{&quot;_animation&quot;:&quot;fadeIn&quot;}\" data-widget_type=\"image-gallery.default\">\n\t\t\t\t<div class=\"elementor-widget-container\">\n\t\t\t\t\t<div class=\"elementor-image-gallery\">\n\t\t\t<div id='gallery-1' class='gallery galleryid-4667 gallery-columns-2 gallery-size-large'><figure class='gallery-item'>\n\t\t\t<div class='gallery-icon landscape'>\n\t\t\t\t<img width=\"350\" height=\"233\" src=\"https:\/\/alucenter.lu\/wp-content\/uploads\/2020\/04\/soudure-aluminium.jpg\" class=\"attachment-large size-large\" alt=\"\" decoding=\"async\" loading=\"lazy\" srcset=\"https:\/\/alucenter.lu\/wp-content\/uploads\/2020\/04\/soudure-aluminium.jpg 350w, https:\/\/alucenter.lu\/wp-content\/uploads\/2020\/04\/soudure-aluminium-300x200.jpg 300w\" sizes=\"(max-width: 350px) 100vw, 350px\" \/>\n\t\t\t<\/div><\/figure><figure class='gallery-item'>\n\t\t\t<div class='gallery-icon landscape'>\n\t\t\t\t<img width=\"600\" height=\"400\" src=\"https:\/\/alucenter.lu\/wp-content\/uploads\/2020\/04\/technique-soudure-aluminium.jpg\" class=\"attachment-large size-large\" alt=\"\" decoding=\"async\" loading=\"lazy\" srcset=\"https:\/\/alucenter.lu\/wp-content\/uploads\/2020\/04\/technique-soudure-aluminium.jpg 720w, https:\/\/alucenter.lu\/wp-content\/uploads\/2020\/04\/technique-soudure-aluminium-300x200.jpg 300w, https:\/\/alucenter.lu\/wp-content\/uploads\/2020\/04\/technique-soudure-aluminium-700x467.jpg 700w\" sizes=\"(max-width: 600px) 100vw, 600px\" \/>\n\t\t\t<\/div><\/figure>\n\t\t<\/div>\n\t\t<\/div>\n\t\t\t\t<\/div>\n\t\t\t\t<\/div>\n\t\t\t\t<div class=\"elementor-element elementor-element-41d7ad8 gallery-spacing-custom elementor-invisible elementor-widget elementor-widget-image-gallery\" data-id=\"41d7ad8\" data-element_type=\"widget\" data-settings=\"{&quot;_animation&quot;:&quot;fadeIn&quot;}\" data-widget_type=\"image-gallery.default\">\n\t\t\t\t<div class=\"elementor-widget-container\">\n\t\t\t\t\t<div class=\"elementor-image-gallery\">\n\t\t\t<div id='gallery-2' class='gallery galleryid-4667 gallery-columns-2 gallery-size-large'><figure class='gallery-item'>\n\t\t\t<div class='gallery-icon landscape'>\n\t\t\t\t<img width=\"350\" height=\"233\" src=\"https:\/\/alucenter.lu\/wp-content\/uploads\/2020\/04\/technique-soudure-angle-aluminium.jpg\" class=\"attachment-large size-large\" alt=\"\" decoding=\"async\" loading=\"lazy\" srcset=\"https:\/\/alucenter.lu\/wp-content\/uploads\/2020\/04\/technique-soudure-angle-aluminium.jpg 350w, https:\/\/alucenter.lu\/wp-content\/uploads\/2020\/04\/technique-soudure-angle-aluminium-300x200.jpg 300w\" sizes=\"(max-width: 350px) 100vw, 350px\" \/>\n\t\t\t<\/div><\/figure><figure class='gallery-item'>\n\t\t\t<div class='gallery-icon landscape'>\n\t\t\t\t<img width=\"350\" height=\"233\" src=\"https:\/\/alucenter.lu\/wp-content\/uploads\/2020\/04\/technique-soudure-rond-aluminium.jpg\" class=\"attachment-large size-large\" alt=\"\" decoding=\"async\" loading=\"lazy\" srcset=\"https:\/\/alucenter.lu\/wp-content\/uploads\/2020\/04\/technique-soudure-rond-aluminium.jpg 350w, https:\/\/alucenter.lu\/wp-content\/uploads\/2020\/04\/technique-soudure-rond-aluminium-300x200.jpg 300w\" sizes=\"(max-width: 350px) 100vw, 350px\" \/>\n\t\t\t<\/div><\/figure>\n\t\t<\/div>\n\t\t<\/div>\n\t\t\t\t<\/div>\n\t\t\t\t<\/div>\n\t\t\t\t\t<\/div>\n\t\t<\/div>\n\t\t\t\t\t\t\t<\/div>\n\t\t<\/section>\n\t\t\t\t\t<\/div>\n\t\t<\/div>\n\t\t\t\t\t\t\t<\/div>\n\t\t<\/section>\n\t\t\t\t<section class=\"elementor-section elementor-top-section elementor-element elementor-element-e6811c5 elementor-section-boxed elementor-section-height-default elementor-section-height-default\" data-id=\"e6811c5\" data-element_type=\"section\">\n\t\t\t\t\t\t<div class=\"elementor-container elementor-column-gap-default\">\n\t\t\t\t\t<div class=\"elementor-column elementor-col-100 elementor-top-column elementor-element elementor-element-977aedd\" data-id=\"977aedd\" data-element_type=\"column\">\n\t\t\t<div class=\"elementor-widget-wrap elementor-element-populated\">\n\t\t\t\t\t\t\t\t<section class=\"elementor-section elementor-inner-section elementor-element elementor-element-3c3c0c1 elementor-section-boxed elementor-section-height-default elementor-section-height-default\" data-id=\"3c3c0c1\" data-element_type=\"section\">\n\t\t\t\t\t\t<div class=\"elementor-container elementor-column-gap-default\">\n\t\t\t\t\t<div class=\"elementor-column elementor-col-100 elementor-inner-column elementor-element elementor-element-779894a\" data-id=\"779894a\" data-element_type=\"column\">\n\t\t\t<div class=\"elementor-widget-wrap elementor-element-populated\">\n\t\t\t\t\t\t\t\t<div class=\"elementor-element elementor-element-70c065e animated-fast elementor-invisible elementor-widget elementor-widget-text-editor\" data-id=\"70c065e\" data-element_type=\"widget\" data-settings=\"{&quot;_animation&quot;:&quot;opal-move-up&quot;}\" data-widget_type=\"text-editor.default\">\n\t\t\t\t<div class=\"elementor-widget-container\">\n\t\t\t        <div class=\"elementor-text-editor elementor-clearfix\"><p>Le soudage MIG est la deuxi\u00e8me m\u00e9thode utilis\u00e9e pour assembler l\u2019aluminium et concerne principalement les \u00e9paisseurs sup\u00e9rieures \u00e0 3 mm. Ce type de soudage demande une grande ma\u00eetrise et un mat\u00e9riel adapt\u00e9 et performant \u00e9tant donn\u00e9 que la souplesse du fil d\u2019aluminium peut poser un probl\u00e8me de d\u00e9vidage. Il faut notamment utiliser un fil de gros diam\u00e8tre avec un g\u00e9n\u00e9rateur puissant et les \u00e9l\u00e9ments en aluminium doivent \u00eatre consciencieusement nettoy\u00e9s avant assemblage.<\/p><\/div>\n        \t\t<\/div>\n\t\t\t\t<\/div>\n\t\t\t\t\t<\/div>\n\t\t<\/div>\n\t\t\t\t\t\t\t<\/div>\n\t\t<\/section>\n\t\t\t\t<div class=\"elementor-element elementor-element-9d7cfde animated-fast elementor-widget-divider--separator-type-pattern elementor-widget-divider--view-line elementor-invisible elementor-widget elementor-widget-divider\" data-id=\"9d7cfde\" data-element_type=\"widget\" data-settings=\"{&quot;_animation&quot;:&quot;opal-move-up&quot;}\" data-widget_type=\"divider.default\">\n\t\t\t\t<div class=\"elementor-widget-container\">\n\t\t\t\t\t<div class=\"elementor-divider\" style=\"--divider-pattern-url: url(&quot;data:image\/svg+xml,%3Csvg xmlns=&#039;http:\/\/www.w3.org\/2000\/svg&#039; preserveAspectRatio=&#039;none&#039; overflow=&#039;visible&#039; height=&#039;100%&#039; viewBox=&#039;0 0 20 16&#039; fill=&#039;none&#039; stroke=&#039;black&#039; stroke-width=&#039;1.4&#039; stroke-linecap=&#039;square&#039; stroke-miterlimit=&#039;10&#039;%3E%3Cg transform=&#039;translate(-12.000000, 0)&#039;%3E%3Cpath d=&#039;M28,0L10,18&#039;\/%3E%3Cpath d=&#039;M18,0L0,18&#039;\/%3E%3Cpath d=&#039;M48,0L30,18&#039;\/%3E%3Cpath d=&#039;M38,0L20,18&#039;\/%3E%3C\/g%3E%3C\/svg%3E&quot;);\">\n\t\t\t<span class=\"elementor-divider-separator\">\n\t\t\t\t\t\t<\/span>\n\t\t<\/div>\n\t\t\t\t<\/div>\n\t\t\t\t<\/div>\n\t\t\t\t<div class=\"elementor-element elementor-element-1fdedb3 elementor-tablet-align-center animated-fast elementor-invisible elementor-widget elementor-widget-heading\" data-id=\"1fdedb3\" data-element_type=\"widget\" data-settings=\"{&quot;_animation&quot;:&quot;opal-move-up&quot;}\" data-widget_type=\"heading.default\">\n\t\t\t\t<div class=\"elementor-widget-container\">\n\t\t\t<span class=\"sub-title\">Des comp\u00e9tences indispensables pour le soudage de l\u2019aluminium :<\/span><h2 class=\"elementor-heading-title elementor-size-default\">Equipements et pr\u00e9-requis pour le soudage de l\u2019aluminium :\n<\/h2>\t\t<\/div>\n\t\t\t\t<\/div>\n\t\t\t\t<div class=\"elementor-element elementor-element-f6f86aa animated-fast elementor-invisible elementor-widget elementor-widget-text-editor\" data-id=\"f6f86aa\" data-element_type=\"widget\" data-settings=\"{&quot;_animation&quot;:&quot;opal-move-up&quot;}\" data-widget_type=\"text-editor.default\">\n\t\t\t\t<div class=\"elementor-widget-container\">\n\t\t\t        <div class=\"elementor-text-editor elementor-clearfix\"><p>Souder de l\u2019aluminium\u00a0est une op\u00e9ration bien plus complexe que le soudage d\u2019autres mat\u00e9riaux comme l\u2019acier et ce, \u00e0 cause des caract\u00e9ristiques de ce m\u00e9tal. Notamment, la temp\u00e9rature de fusion est ici bien inf\u00e9rieure de celle d\u2019un arc de soudage.<\/p><p>Le soudage MIG de l\u2019aluminium utilise notamment l\u2019argon ou un m\u00e9lange d\u2019argon et d\u2019h\u00e9lium afin d\u2019\u00e9viter une r\u00e9action avec le m\u00e9tal fondu. Il faut de plus rompre la couche d\u2019alumine qui recouvre l\u2019aluminium et qui fond quant \u00e0 elle \u00e0 2500\u00b0.<\/p><p>Enfin, pour souder de l\u2019aluminium, il faut aussi tenir compte du faible \u00e9cart de temp\u00e9rature entrainant le passage de l\u2019\u00e9tat solide \u00e0 l\u2019\u00e9tat liquide de l\u2019aluminium et qui demande donc une tr\u00e8s grande ma\u00eetrise.<\/p><\/div>\n        \t\t<\/div>\n\t\t\t\t<\/div>\n\t\t\t\t\t<\/div>\n\t\t<\/div>\n\t\t\t\t\t\t\t<\/div>\n\t\t<\/section>\n\t\t\t\t<section class=\"elementor-section elementor-top-section elementor-element elementor-element-c34cb68 elementor-section-boxed elementor-section-height-default elementor-section-height-default\" data-id=\"c34cb68\" data-element_type=\"section\">\n\t\t\t\t\t\t<div class=\"elementor-container elementor-column-gap-default\">\n\t\t\t\t\t<div class=\"elementor-column elementor-col-100 elementor-top-column elementor-element elementor-element-31e8419 opal-box-clip\" data-id=\"31e8419\" data-element_type=\"column\" data-settings=\"{&quot;background_background&quot;:&quot;classic&quot;}\">\n\t\t\t<div class=\"elementor-widget-wrap elementor-element-populated\">\n\t\t\t\t\t<div class=\"elementor-background-overlay\"><\/div>\n\t\t\t\t\t\t\t\t<div class=\"elementor-element elementor-element-20d234f elementor-tablet-align-center animated-fast elementor-invisible elementor-widget elementor-widget-heading\" data-id=\"20d234f\" data-element_type=\"widget\" data-settings=\"{&quot;_animation&quot;:&quot;opal-move-up&quot;}\" data-widget_type=\"heading.default\">\n\t\t\t\t<div class=\"elementor-widget-container\">\n\t\t\t<span class=\"sub-title\">Alu Center Luxembourg<\/span><h2 class=\"elementor-heading-title elementor-size-default\">Le soudage de l\u2019aluminium chez Alu Center Luxembourg<\/h2>\t\t<\/div>\n\t\t\t\t<\/div>\n\t\t\t\t<div class=\"elementor-element elementor-element-d71c439 animated-fast elementor-invisible elementor-widget elementor-widget-text-editor\" data-id=\"d71c439\" data-element_type=\"widget\" data-settings=\"{&quot;_animation&quot;:&quot;opal-move-up&quot;}\" data-widget_type=\"text-editor.default\">\n\t\t\t\t<div class=\"elementor-widget-container\">\n\t\t\t        <div class=\"elementor-text-editor elementor-clearfix\"><h5>Un mat\u00e9riel de qualit\u00e9 et des professionnels du soudage :<\/h5><p>Pour l\u2019assemblage de vos pi\u00e8ces d\u2019aluminium ou la cr\u00e9ation d\u2019\u00e9l\u00e9ments en aluminium sur-mesure pour vos chantiers et projets,\u00a0Alu Center Luxembourg vous propose ses\u00a0prestations de soudage\u00a0professionnel. Nous disposons en effet d\u2019un outillage professionnel adapt\u00e9 \u00e0 ces\u00a0techniques de soudage\u00a0et le savoir-faire n\u00e9cessaire \u00e0 la ma\u00eetrise de ces op\u00e9rations.<\/p><\/div>\n        \t\t<\/div>\n\t\t\t\t<\/div>\n\t\t\t\t\t<\/div>\n\t\t<\/div>\n\t\t\t\t\t\t\t<\/div>\n\t\t<\/section>\n\t\t\t\t<section class=\"elementor-section elementor-top-section elementor-element elementor-element-17a93015 elementor-section-stretched elementor-section-height-min-height osf-vertical-line-active elementor-section-boxed elementor-section-height-default elementor-section-items-middle\" data-id=\"17a93015\" data-element_type=\"section\" data-settings=\"{&quot;stretch_section&quot;:&quot;section-stretched&quot;,&quot;osf_section_vertical_line_switcher&quot;:&quot;active&quot;,&quot;background_background&quot;:&quot;classic&quot;}\">\n\t\t\t\t\t\t<div class=\"elementor-container elementor-column-gap-no\">\n\t\t\t\t\t<div class=\"elementor-column elementor-col-100 elementor-top-column elementor-element elementor-element-1908aeb6\" data-id=\"1908aeb6\" data-element_type=\"column\">\n\t\t\t<div class=\"elementor-widget-wrap elementor-element-populated\">\n\t\t\t\t\t\t\t\t<div class=\"elementor-element elementor-element-750d3b7d animated-fast elementor-invisible elementor-widget elementor-widget-heading\" data-id=\"750d3b7d\" data-element_type=\"widget\" data-settings=\"{&quot;_animation&quot;:&quot;opal-move-up&quot;}\" data-widget_type=\"heading.default\">\n\t\t\t\t<div class=\"elementor-widget-container\">\n\t\t\t<h2 class=\"elementor-heading-title elementor-size-default\">Contactez-nous<\/h2>\t\t<\/div>\n\t\t\t\t<\/div>\n\t\t\t\t<div class=\"elementor-element elementor-element-61f02fb7 animated-fast elementor-invisible elementor-widget elementor-widget-text-editor\" data-id=\"61f02fb7\" data-element_type=\"widget\" data-settings=\"{&quot;_animation&quot;:&quot;opal-move-up&quot;}\" data-widget_type=\"text-editor.default\">\n\t\t\t\t<div class=\"elementor-widget-container\">\n\t\t\t        <div class=\"elementor-text-editor elementor-clearfix\"><p>Si vous souhaitez recevoir\u00a0un devis d\u00e9taill\u00e9 pour une mission pr\u00e9cise <br \/>ou en savoir davantage \u00e0 propos de nos prestations.<br \/>Nous serons ravis de vous apporter notre expertise.<\/p><\/div>\n        \t\t<\/div>\n\t\t\t\t<\/div>\n\t\t\t\t<div class=\"elementor-element elementor-element-179f2f40 animated-fast elementor-button-primary elementor-invisible elementor-widget elementor-widget-button\" data-id=\"179f2f40\" data-element_type=\"widget\" data-settings=\"{&quot;_animation&quot;:&quot;opal-move-up&quot;}\" data-widget_type=\"button.default\">\n\t\t\t\t<div class=\"elementor-widget-container\">\n\t\t\t        <div class=\"elementor-button-wrapper\">\n            <a href=\"https:\/\/alucenter.lu\/index.php\/contact\/\" class=\"elementor-button-link elementor-button elementor-size-md\" role=\"button\">\n                \t\t<span class=\"elementor-button-content-wrapper\">\n\t\t\t\t\t\t<span class=\"elementor-button-icon elementor-align-icon-right\">\n\t\t\t\t\t\t\t\t\t<i class=\"opal-icon-long-arrow-right\" aria-hidden=\"true\"><\/i>\n\t\t\t\t\t\t\t<\/span>\n\t\t\t\t\t\t<span class=\"elementor-button-text\">Formulaire de contact<\/span>\n\t\t<\/span>\n\t\t            <\/a>\n        <\/div>\n        \t\t<\/div>\n\t\t\t\t<\/div>\n\t\t\t\t\t<\/div>\n\t\t<\/div>\n\t\t\t\t\t\t\t<\/div>\n\t\t<\/section>\n\t\t\t\t\t\t\t<\/div>\n\t\t","protected":false},"excerpt":{"rendered":"<p>Deux principales techniques pour souder l\u2019aluminium Le soudage TIG de l\u2019aluminium : L\u2019une des techniques de\u00a0soudage de l\u2019aluminium\u00a0les plus populaires est sans doute la technique de soudage TIG qui utilise le courant alternatif. Il permet d\u2019assembler des \u00e9l\u00e9ments de 1 \u00e0 4 mm avec la n\u00e9cessit\u00e9 d\u2019utiliser un m\u00e9tal d\u2019apport suppl\u00e9mentaire lorsque l\u2019\u00e9paisseur d\u00e9passe 2 &hellip; <\/p>\n<p class=\"link-more\"><a href=\"https:\/\/alucenter.lu\/index.php\/les-techniques-de-soudage\/\" class=\"more-link\">Read More <i class=\"opal-icon-long-arrow-right\"><\/i><span class=\"screen-reader-text\"> \u00ab\u00a0Les techniques de soudage\u00a0\u00bb<\/span><\/a><\/p>\n","protected":false},"author":1,"featured_media":0,"parent":0,"menu_order":0,"comment_status":"closed","ping_status":"closed","template":"page-elementor.php","meta":{"inline_featured_image":false,"footnotes":""},"aioseo_notices":[],"_links":{"self":[{"href":"https:\/\/alucenter.lu\/index.php\/wp-json\/wp\/v2\/pages\/4667"}],"collection":[{"href":"https:\/\/alucenter.lu\/index.php\/wp-json\/wp\/v2\/pages"}],"about":[{"href":"https:\/\/alucenter.lu\/index.php\/wp-json\/wp\/v2\/types\/page"}],"author":[{"embeddable":true,"href":"https:\/\/alucenter.lu\/index.php\/wp-json\/wp\/v2\/users\/1"}],"replies":[{"embeddable":true,"href":"https:\/\/alucenter.lu\/index.php\/wp-json\/wp\/v2\/comments?post=4667"}],"version-history":[{"count":19,"href":"https:\/\/alucenter.lu\/index.php\/wp-json\/wp\/v2\/pages\/4667\/revisions"}],"predecessor-version":[{"id":5092,"href":"https:\/\/alucenter.lu\/index.php\/wp-json\/wp\/v2\/pages\/4667\/revisions\/5092"}],"wp:attachment":[{"href":"https:\/\/alucenter.lu\/index.php\/wp-json\/wp\/v2\/media?parent=4667"}],"curies":[{"name":"wp","href":"https:\/\/api.w.org\/{rel}","templated":true}]}}