{"id":4498,"date":"2020-04-17T18:12:35","date_gmt":"2020-04-17T16:12:35","guid":{"rendered":"http:\/\/alucenter.lu\/?page_id=4498"},"modified":"2021-04-27T15:19:39","modified_gmt":"2021-04-27T13:19:39","slug":"actualites","status":"publish","type":"page","link":"https:\/\/alucenter.lu\/index.php\/actualites\/","title":{"rendered":"Actualit\u00e9s"},"content":{"rendered":"\t\t<div data-elementor-type=\"wp-page\" data-elementor-id=\"4498\" class=\"elementor elementor-4498\">\n\t\t\t\t\t\t\t\t\t<section class=\"elementor-section elementor-top-section elementor-element elementor-element-23d54d1 elementor-section-full_width elementor-section-height-default elementor-section-height-default\" data-id=\"23d54d1\" data-element_type=\"section\">\n\t\t\t\t\t\t<div class=\"elementor-container elementor-column-gap-default\">\n\t\t\t\t\t<div class=\"elementor-column elementor-col-100 elementor-top-column elementor-element elementor-element-c24e617\" data-id=\"c24e617\" data-element_type=\"column\">\n\t\t\t<div class=\"elementor-widget-wrap elementor-element-populated\">\n\t\t\t\t\t\t\t\t<div class=\"elementor-element elementor-element-a20bc28 elementor-widget elementor-widget-opal-post-grid\" data-id=\"a20bc28\" data-element_type=\"widget\" data-widget_type=\"opal-post-grid.default\">\n\t\t\t\t<div class=\"elementor-widget-container\">\n\t\t\t        <div class=\"elementor-post-wrapper post-style-4\">\n            <div class=\"row\" data-elementor-columns=\"3\" data-elementor-columns-tablet=\"1\" data-elementor-columns-mobile=\"1\">\n\n                <article class=\"column-item post-style-4\">\n    <div class=\"post-inner\">\n\n        <div class=\"post-thumbnail\">\n                            <a href=\"https:\/\/alucenter.lu\/index.php\/2021\/11\/05\/avantages-de-lencadrement-en-aluminium\/\">\n                    <img loading=\"lazy\" width=\"380\" height=\"390\" src=\"https:\/\/alucenter.lu\/wp-content\/uploads\/2021\/11\/encadrement-en-aluminium-380x390.jpg\" class=\"attachment-konstruktic-featured-image-large size-konstruktic-featured-image-large wp-post-image\" alt=\"\" decoding=\"async\" \/>                <\/a>\n                    <\/div><!-- .post-thumbnail -->\n\n\n        <div class=\"post-content\">\n            <div class=\"entry-header\">\n                <h4 class=\"entry-title\"><a href=\"https:\/\/alucenter.lu\/index.php\/2021\/11\/05\/avantages-de-lencadrement-en-aluminium\/\">Avantages de l\u2019encadrement en aluminium<\/a><\/h4>\n                <div class=\"entry-meta\">\n                    <div class=\"meta-inner\"><span class=\"posted-on\"><a href=\"https:\/\/alucenter.lu\/index.php\/2021\/11\/05\/avantages-de-lencadrement-en-aluminium\/\" rel=\"bookmark\"><time class=\"entry-date published\" datetime=\"2021-11-05T12:19:50+01:00\">5 novembre 2021<\/time><time class=\"updated\" datetime=\"2021-11-05T13:52:48+01:00\">5 novembre 2021<\/time><\/a><\/span><\/div>                <\/div>\n            <\/div>\n        <\/div>\n    <\/div>\n<\/article><article class=\"column-item post-style-4\">\n    <div class=\"post-inner\">\n\n        <div class=\"post-thumbnail\">\n                            <a href=\"https:\/\/alucenter.lu\/index.php\/2021\/07\/05\/le-traitement-thermique-de-laluminium\/\">\n                    <img loading=\"lazy\" width=\"600\" height=\"390\" src=\"https:\/\/alucenter.lu\/wp-content\/uploads\/2020\/11\/traitement-thermique-600x390.jpg\" class=\"attachment-konstruktic-featured-image-large size-konstruktic-featured-image-large wp-post-image\" alt=\"\" decoding=\"async\" \/>                <\/a>\n                    <\/div><!-- .post-thumbnail -->\n\n\n        <div class=\"post-content\">\n            <div class=\"entry-header\">\n                <h4 class=\"entry-title\"><a href=\"https:\/\/alucenter.lu\/index.php\/2021\/07\/05\/le-traitement-thermique-de-laluminium\/\">Le traitement thermique de l\u2019aluminium<\/a><\/h4>\n                <div class=\"entry-meta\">\n                    <div class=\"meta-inner\"><span class=\"posted-on\"><a href=\"https:\/\/alucenter.lu\/index.php\/2021\/07\/05\/le-traitement-thermique-de-laluminium\/\" rel=\"bookmark\"><time class=\"entry-date published\" datetime=\"2021-07-05T17:12:21+02:00\">5 juillet 2021<\/time><time class=\"updated\" datetime=\"2021-08-17T13:53:42+02:00\">17 ao\u00fbt 2021<\/time><\/a><\/span><\/div>                <\/div>\n            <\/div>\n        <\/div>\n    <\/div>\n<\/article><article class=\"column-item post-style-4\">\n    <div class=\"post-inner\">\n\n        <div class=\"post-thumbnail\">\n                            <a href=\"https:\/\/alucenter.lu\/index.php\/2021\/02\/11\/laluminium-perfore-une-nouvelle-tendance-en-architecture\/\">\n                    <img loading=\"lazy\" width=\"600\" height=\"390\" src=\"https:\/\/alucenter.lu\/wp-content\/uploads\/2020\/11\/alu-perfor\u00e92-600x390.jpg\" class=\"attachment-konstruktic-featured-image-large size-konstruktic-featured-image-large wp-post-image\" alt=\"\" decoding=\"async\" \/>                <\/a>\n                    <\/div><!-- .post-thumbnail -->\n\n\n        <div class=\"post-content\">\n            <div class=\"entry-header\">\n                <h4 class=\"entry-title\"><a href=\"https:\/\/alucenter.lu\/index.php\/2021\/02\/11\/laluminium-perfore-une-nouvelle-tendance-en-architecture\/\">L\u2019aluminium perfor\u00e9 : Une nouvelle tendance en architecture<\/a><\/h4>\n                <div class=\"entry-meta\">\n                    <div class=\"meta-inner\"><span class=\"posted-on\"><a href=\"https:\/\/alucenter.lu\/index.php\/2021\/02\/11\/laluminium-perfore-une-nouvelle-tendance-en-architecture\/\" rel=\"bookmark\"><time class=\"entry-date published\" datetime=\"2021-02-11T11:22:04+01:00\">11 f\u00e9vrier 2021<\/time><time class=\"updated\" datetime=\"2021-08-17T13:53:02+02:00\">17 ao\u00fbt 2021<\/time><\/a><\/span><\/div>                <\/div>\n            <\/div>\n        <\/div>\n    <\/div>\n<\/article><article class=\"column-item post-style-4\">\n    <div class=\"post-inner\">\n\n        <div class=\"post-thumbnail\">\n                            <a href=\"https:\/\/alucenter.lu\/index.php\/2020\/12\/16\/le-profile-alu-et-ses-usages-en-batiment\/\">\n                    <img loading=\"lazy\" width=\"600\" height=\"390\" src=\"https:\/\/alucenter.lu\/wp-content\/uploads\/2020\/06\/profil\u00e9-alu-600x390.jpg\" class=\"attachment-konstruktic-featured-image-large size-konstruktic-featured-image-large wp-post-image\" alt=\"\" decoding=\"async\" \/>                <\/a>\n                    <\/div><!-- .post-thumbnail -->\n\n\n        <div class=\"post-content\">\n            <div class=\"entry-header\">\n                <h4 class=\"entry-title\"><a href=\"https:\/\/alucenter.lu\/index.php\/2020\/12\/16\/le-profile-alu-et-ses-usages-en-batiment\/\">Le profil\u00e9 alu et ses usages en b\u00e2timent<\/a><\/h4>\n                <div class=\"entry-meta\">\n                    <div class=\"meta-inner\"><span class=\"posted-on\"><a href=\"https:\/\/alucenter.lu\/index.php\/2020\/12\/16\/le-profile-alu-et-ses-usages-en-batiment\/\" rel=\"bookmark\"><time class=\"entry-date published\" datetime=\"2020-12-16T13:12:21+01:00\">16 d\u00e9cembre 2020<\/time><time class=\"updated\" datetime=\"2021-04-01T20:28:10+02:00\">1 avril 2021<\/time><\/a><\/span><\/div>                <\/div>\n            <\/div>\n        <\/div>\n    <\/div>\n<\/article><article class=\"column-item post-style-4\">\n    <div class=\"post-inner\">\n\n        <div class=\"post-thumbnail\">\n                            <a href=\"https:\/\/alucenter.lu\/index.php\/2020\/11\/20\/le-materiau-ideal-pour-des-menuiseries-sur-mesure\/\">\n                    <img loading=\"lazy\" width=\"600\" height=\"390\" src=\"https:\/\/alucenter.lu\/wp-content\/uploads\/2020\/05\/profil-alu-600x390.png\" class=\"attachment-konstruktic-featured-image-large size-konstruktic-featured-image-large wp-post-image\" alt=\"\" decoding=\"async\" \/>                <\/a>\n                    <\/div><!-- .post-thumbnail -->\n\n\n        <div class=\"post-content\">\n            <div class=\"entry-header\">\n                <h4 class=\"entry-title\"><a href=\"https:\/\/alucenter.lu\/index.php\/2020\/11\/20\/le-materiau-ideal-pour-des-menuiseries-sur-mesure\/\">Le mat\u00e9riau id\u00e9al pour des menuiseries sur-mesure<\/a><\/h4>\n                <div class=\"entry-meta\">\n                    <div class=\"meta-inner\"><span class=\"posted-on\"><a href=\"https:\/\/alucenter.lu\/index.php\/2020\/11\/20\/le-materiau-ideal-pour-des-menuiseries-sur-mesure\/\" rel=\"bookmark\"><time class=\"entry-date published\" datetime=\"2020-11-20T15:03:34+01:00\">20 novembre 2020<\/time><time class=\"updated\" datetime=\"2021-04-01T20:28:32+02:00\">1 avril 2021<\/time><\/a><\/span><\/div>                <\/div>\n            <\/div>\n        <\/div>\n    <\/div>\n<\/article><article class=\"column-item post-style-4\">\n    <div class=\"post-inner\">\n\n        <div class=\"post-thumbnail\">\n                            <a href=\"https:\/\/alucenter.lu\/index.php\/2020\/10\/14\/les-tuyaux-en-aluminium\/\">\n                    <img loading=\"lazy\" width=\"600\" height=\"390\" src=\"https:\/\/alucenter.lu\/wp-content\/uploads\/2020\/04\/tuyaux-alu-600x390.jpg\" class=\"attachment-konstruktic-featured-image-large size-konstruktic-featured-image-large wp-post-image\" alt=\"\" decoding=\"async\" \/>                <\/a>\n                    <\/div><!-- .post-thumbnail -->\n\n\n        <div class=\"post-content\">\n            <div class=\"entry-header\">\n                <h4 class=\"entry-title\"><a href=\"https:\/\/alucenter.lu\/index.php\/2020\/10\/14\/les-tuyaux-en-aluminium\/\">Les tuyaux en aluminium<\/a><\/h4>\n                <div class=\"entry-meta\">\n                    <div class=\"meta-inner\"><span class=\"posted-on\"><a href=\"https:\/\/alucenter.lu\/index.php\/2020\/10\/14\/les-tuyaux-en-aluminium\/\" rel=\"bookmark\"><time class=\"entry-date published\" datetime=\"2020-10-14T13:08:55+02:00\">14 octobre 2020<\/time><time class=\"updated\" datetime=\"2021-04-01T20:28:52+02:00\">1 avril 2021<\/time><\/a><\/span><\/div>                <\/div>\n            <\/div>\n        <\/div>\n    <\/div>\n<\/article><article class=\"column-item post-style-4\">\n    <div class=\"post-inner\">\n\n        <div class=\"post-thumbnail\">\n                            <a href=\"https:\/\/alucenter.lu\/index.php\/2020\/09\/17\/une-renovation-efficace-avec-laluminium\/\">\n                    <img loading=\"lazy\" width=\"600\" height=\"390\" src=\"https:\/\/alucenter.lu\/wp-content\/uploads\/2020\/03\/une-renovatione-efficace-avec-l-aluminium-600x390.jpg\" class=\"attachment-konstruktic-featured-image-large size-konstruktic-featured-image-large wp-post-image\" alt=\"\" decoding=\"async\" \/>                <\/a>\n                    <\/div><!-- .post-thumbnail -->\n\n\n        <div class=\"post-content\">\n            <div class=\"entry-header\">\n                <h4 class=\"entry-title\"><a href=\"https:\/\/alucenter.lu\/index.php\/2020\/09\/17\/une-renovation-efficace-avec-laluminium\/\">Une r\u00e9novation efficace avec l\u2019aluminium<\/a><\/h4>\n                <div class=\"entry-meta\">\n                    <div class=\"meta-inner\"><span class=\"posted-on\"><a href=\"https:\/\/alucenter.lu\/index.php\/2020\/09\/17\/une-renovation-efficace-avec-laluminium\/\" rel=\"bookmark\"><time class=\"entry-date published\" datetime=\"2020-09-17T01:32:42+02:00\">17 septembre 2020<\/time><time class=\"updated\" datetime=\"2021-04-01T20:29:01+02:00\">1 avril 2021<\/time><\/a><\/span><\/div>                <\/div>\n            <\/div>\n        <\/div>\n    <\/div>\n<\/article><article class=\"column-item post-style-4\">\n    <div class=\"post-inner\">\n\n        <div class=\"post-thumbnail\">\n                            <a href=\"https:\/\/alucenter.lu\/index.php\/2020\/08\/18\/une-construction-moderne-grace-aux-menuiseries-en-aluminium\/\">\n                    <img loading=\"lazy\" width=\"600\" height=\"390\" src=\"https:\/\/alucenter.lu\/wp-content\/uploads\/2020\/04\/une-construction-moderne-grace-aux-menuiseries-en-aluminium-600x390.jpg\" class=\"attachment-konstruktic-featured-image-large size-konstruktic-featured-image-large wp-post-image\" alt=\"\" decoding=\"async\" \/>                <\/a>\n                    <\/div><!-- .post-thumbnail -->\n\n\n        <div class=\"post-content\">\n            <div class=\"entry-header\">\n                <h4 class=\"entry-title\"><a href=\"https:\/\/alucenter.lu\/index.php\/2020\/08\/18\/une-construction-moderne-grace-aux-menuiseries-en-aluminium\/\">Une construction moderne gr\u00e2ce aux menuiseries en aluminium<\/a><\/h4>\n                <div class=\"entry-meta\">\n                    <div class=\"meta-inner\"><span class=\"posted-on\"><a href=\"https:\/\/alucenter.lu\/index.php\/2020\/08\/18\/une-construction-moderne-grace-aux-menuiseries-en-aluminium\/\" rel=\"bookmark\"><time class=\"entry-date published\" datetime=\"2020-08-18T12:33:45+02:00\">18 ao\u00fbt 2020<\/time><time class=\"updated\" datetime=\"2021-04-01T20:29:21+02:00\">1 avril 2021<\/time><\/a><\/span><\/div>                <\/div>\n            <\/div>\n        <\/div>\n    <\/div>\n<\/article><article class=\"column-item post-style-4\">\n    <div class=\"post-inner\">\n\n        <div class=\"post-thumbnail\">\n                            <a href=\"https:\/\/alucenter.lu\/index.php\/2020\/07\/16\/les-differents-alliages-daluminium-et-leurs-proprietes\/\">\n                    <img loading=\"lazy\" width=\"600\" height=\"390\" src=\"https:\/\/alucenter.lu\/wp-content\/uploads\/2020\/04\/alliage_aluminium-600x390.jpg\" class=\"attachment-konstruktic-featured-image-large size-konstruktic-featured-image-large wp-post-image\" alt=\"\" decoding=\"async\" \/>                <\/a>\n                    <\/div><!-- .post-thumbnail -->\n\n\n        <div class=\"post-content\">\n            <div class=\"entry-header\">\n                <h4 class=\"entry-title\"><a href=\"https:\/\/alucenter.lu\/index.php\/2020\/07\/16\/les-differents-alliages-daluminium-et-leurs-proprietes\/\">Les diff\u00e9rents alliages d\u2019aluminium et leurs propri\u00e9t\u00e9s<\/a><\/h4>\n                <div class=\"entry-meta\">\n                    <div class=\"meta-inner\"><span class=\"posted-on\"><a href=\"https:\/\/alucenter.lu\/index.php\/2020\/07\/16\/les-differents-alliages-daluminium-et-leurs-proprietes\/\" rel=\"bookmark\"><time class=\"entry-date published\" datetime=\"2020-07-16T21:21:32+02:00\">16 juillet 2020<\/time><time class=\"updated\" datetime=\"2021-04-01T20:29:30+02:00\">1 avril 2021<\/time><\/a><\/span><\/div>                <\/div>\n            <\/div>\n        <\/div>\n    <\/div>\n<\/article>            <\/div>\n\n                    <\/div>\n        \t\t<\/div>\n\t\t\t\t<\/div>\n\t\t\t\t\t<\/div>\n\t\t<\/div>\n\t\t\t\t\t\t\t<\/div>\n\t\t<\/section>\n\t\t\t\t\t\t\t<\/div>\n\t\t","protected":false},"excerpt":{"rendered":"<p>Les tuyaux en aluminium 14 avril 202023 avril 2020 Une r\u00e9novation efficace avec l\u2019aluminium 17 mars 202023 avril 2020 Une construction moderne gr\u00e2ce aux menuiseries en aluminium 18 f\u00e9vrier 202023 avril 2020 Les diff\u00e9rents alliages d\u2019aluminium et leurs propri\u00e9t\u00e9s 16 janvier 202023 avril 2020 Le recyclage de l\u2019aluminium 17 d\u00e9cembre 201923 avril 2020 Les menuiseries &hellip; <\/p>\n<p class=\"link-more\"><a href=\"https:\/\/alucenter.lu\/index.php\/2020\/07\/16\/les-differents-alliages-daluminium-et-leurs-proprietes\/\" class=\"more-link\">Read More <i class=\"opal-icon-long-arrow-right\"><\/i><span class=\"screen-reader-text\"> \u00ab\u00a0Les diff\u00e9rents alliages d\u2019aluminium et leurs propri\u00e9t\u00e9s\u00a0\u00bb<\/span><\/a><\/p>\n","protected":false},"author":1,"featured_media":0,"parent":0,"menu_order":0,"comment_status":"closed","ping_status":"closed","template":"","meta":{"inline_featured_image":false,"footnotes":""},"aioseo_notices":[],"_links":{"self":[{"href":"https:\/\/alucenter.lu\/index.php\/wp-json\/wp\/v2\/pages\/4498"}],"collection":[{"href":"https:\/\/alucenter.lu\/index.php\/wp-json\/wp\/v2\/pages"}],"about":[{"href":"https:\/\/alucenter.lu\/index.php\/wp-json\/wp\/v2\/types\/page"}],"author":[{"embeddable":true,"href":"https:\/\/alucenter.lu\/index.php\/wp-json\/wp\/v2\/users\/1"}],"replies":[{"embeddable":true,"href":"https:\/\/alucenter.lu\/index.php\/wp-json\/wp\/v2\/comments?post=4498"}],"version-history":[{"count":15,"href":"https:\/\/alucenter.lu\/index.php\/wp-json\/wp\/v2\/pages\/4498\/revisions"}],"predecessor-version":[{"id":5215,"href":"https:\/\/alucenter.lu\/index.php\/wp-json\/wp\/v2\/pages\/4498\/revisions\/5215"}],"wp:attachment":[{"href":"https:\/\/alucenter.lu\/index.php\/wp-json\/wp\/v2\/media?parent=4498"}],"curies":[{"name":"wp","href":"https:\/\/api.w.org\/{rel}","templated":true}]}}