{"id":4338,"date":"2020-04-16T12:09:01","date_gmt":"2020-04-16T10:09:01","guid":{"rendered":"http:\/\/alucenter.lu\/?page_id=4338"},"modified":"2020-07-03T00:41:10","modified_gmt":"2020-07-02T22:41:10","slug":"les-techniques-de-pliage","status":"publish","type":"page","link":"https:\/\/alucenter.lu\/index.php\/les-techniques-de-pliage\/","title":{"rendered":"Les techniques de pliage"},"content":{"rendered":"\t\t<div data-elementor-type=\"wp-post\" data-elementor-id=\"4338\" class=\"elementor elementor-4338\">\n\t\t\t\t\t\t\t\t\t<section class=\"elementor-section elementor-top-section elementor-element elementor-element-e6811c5 elementor-section-boxed elementor-section-height-default elementor-section-height-default\" data-id=\"e6811c5\" data-element_type=\"section\">\n\t\t\t\t\t\t<div class=\"elementor-container elementor-column-gap-default\">\n\t\t\t\t\t<div class=\"elementor-column elementor-col-100 elementor-top-column elementor-element elementor-element-977aedd\" data-id=\"977aedd\" data-element_type=\"column\">\n\t\t\t<div class=\"elementor-widget-wrap elementor-element-populated\">\n\t\t\t\t\t\t\t\t<div class=\"elementor-element elementor-element-b63de5d elementor-tablet-align-center animated-fast elementor-invisible elementor-widget elementor-widget-heading\" data-id=\"b63de5d\" data-element_type=\"widget\" data-settings=\"{&quot;_animation&quot;:&quot;opal-move-up&quot;}\" data-widget_type=\"heading.default\">\n\t\t\t\t<div class=\"elementor-widget-container\">\n\t\t\t<span class=\"sub-title\">Le pliage de l\u2019aluminium et ses m\u00e9thodes<\/span><h2 class=\"elementor-heading-title elementor-size-default\">Qu\u2019est-ce que le pliage de l\u2019aluminium?<\/h2>\t\t<\/div>\n\t\t\t\t<\/div>\n\t\t\t\t<section class=\"elementor-section elementor-inner-section elementor-element elementor-element-213d0d0 elementor-section-boxed elementor-section-height-default elementor-section-height-default\" data-id=\"213d0d0\" data-element_type=\"section\">\n\t\t\t\t\t\t<div class=\"elementor-container elementor-column-gap-default\">\n\t\t\t\t\t<div class=\"elementor-column elementor-col-100 elementor-inner-column elementor-element elementor-element-8fe01b4\" data-id=\"8fe01b4\" data-element_type=\"column\">\n\t\t\t<div class=\"elementor-widget-wrap elementor-element-populated\">\n\t\t\t\t\t\t\t\t<div class=\"elementor-element elementor-element-eec65ad animated-fast elementor-invisible elementor-widget elementor-widget-text-editor\" data-id=\"eec65ad\" data-element_type=\"widget\" data-settings=\"{&quot;_animation&quot;:&quot;opal-move-up&quot;}\" data-widget_type=\"text-editor.default\">\n\t\t\t\t<div class=\"elementor-widget-container\">\n\t\t\t        <div class=\"elementor-text-editor elementor-clearfix\"><p>Le\u00a0pliage de l\u2019aluminium\u00a0est le proc\u00e9d\u00e9 permettant de mettre en forme l\u2019aluminium en feuille en y appliquant une force sup\u00e9rieure \u00e0 sa limite d\u2019\u00e9lasticit\u00e9 en respectant sa limite de r\u00e9sistance maximale. Cette op\u00e9ration a bien entendu pour but de donner \u00e0 l\u2019aluminium la forme d\u00e9sir\u00e9e selon l\u2019\u00e9l\u00e9ment dont on a besoin.<\/p><p>En ce qui concerne l\u2019aluminium,\u00a0le pliage\u00a0est une op\u00e9ration pr\u00e9sentant peu de contraintes \u00e9tant donn\u00e9 que ce mat\u00e9riau pr\u00e9sente la particularit\u00e9 d\u2019\u00eatre tr\u00e8s souple et r\u00e9sistant \u00e0 la fois. Mais cette technique n\u00e9cessite tout de m\u00eame un outillage adapt\u00e9 comme nous le verrons plus bas.<\/p><\/div>\n        \t\t<\/div>\n\t\t\t\t<\/div>\n\t\t\t\t\t<\/div>\n\t\t<\/div>\n\t\t\t\t\t\t\t<\/div>\n\t\t<\/section>\n\t\t\t\t<div class=\"elementor-element elementor-element-741356f elementor-tablet-align-center animated-fast elementor-invisible elementor-widget elementor-widget-heading\" data-id=\"741356f\" data-element_type=\"widget\" data-settings=\"{&quot;_animation&quot;:&quot;opal-move-up&quot;}\" data-widget_type=\"heading.default\">\n\t\t\t\t<div class=\"elementor-widget-container\">\n\t\t\t<h2 class=\"elementor-heading-title elementor-size-default\">Les deux principales techniques de pliage<\/h2>\t\t<\/div>\n\t\t\t\t<\/div>\n\t\t\t\t<div class=\"elementor-element elementor-element-1f74e71 animated-fast elementor-invisible elementor-widget elementor-widget-text-editor\" data-id=\"1f74e71\" data-element_type=\"widget\" data-settings=\"{&quot;_animation&quot;:&quot;opal-move-up&quot;}\" data-widget_type=\"text-editor.default\">\n\t\t\t\t<div class=\"elementor-widget-container\">\n\t\t\t        <div class=\"elementor-text-editor elementor-clearfix\"><p>Le\u00a0pliage de l\u2019aluminium\u00a0peut se faire de deux mani\u00e8res diff\u00e9rentes avec des techniques de pliage en l\u2019air ou de pliage \u00e0 fond.<\/p><p>\u00a0<\/p><\/div>\n        \t\t<\/div>\n\t\t\t\t<\/div>\n\t\t\t\t<section class=\"elementor-section elementor-inner-section elementor-element elementor-element-c338d24 elementor-section-full_width elementor-section-height-default elementor-section-height-default\" data-id=\"c338d24\" data-element_type=\"section\">\n\t\t\t\t\t\t<div class=\"elementor-container elementor-column-gap-no\">\n\t\t\t\t\t<div class=\"elementor-column elementor-col-50 elementor-inner-column elementor-element elementor-element-573448a animated-fast elementor-invisible\" data-id=\"573448a\" data-element_type=\"column\" data-settings=\"{&quot;animation&quot;:&quot;opal-move-up&quot;}\">\n\t\t\t<div class=\"elementor-widget-wrap elementor-element-populated\">\n\t\t\t\t\t\t\t\t<div class=\"elementor-element elementor-element-8253a02 elementor-position-left elementor-view-default elementor-vertical-align-top elementor-widget elementor-widget-icon-box\" data-id=\"8253a02\" data-element_type=\"widget\" data-widget_type=\"icon-box.default\">\n\t\t\t\t<div class=\"elementor-widget-container\">\n\t\t\t        <div class=\"elementor-icon-box-wrapper\">\n                            <div class=\"elementor-icon-box-icon\">\n                <span class=\"elementor-icon elementor-animation-\" >\n                <i class=\"fa fa-chevron-circle-right\" aria-hidden=\"true\"><\/i>\n                <\/span>\n                <\/div>\n                        <div class=\"elementor-icon-box-content\">\n            <h5 class=\"elementor-icon-box-subtitle\"><\/h5>\n            <h3 class=\"elementor-icon-box-title\">\n            <span >Pliage en l'air<\/span>\n            <\/h3>\n            <p class=\"elementor-icon-box-description\">Le pliage en l\u2019air permet des pliages d\u2019angles diff\u00e9rents avec un rayon de pliage minimal \u00e9gal \u00e0 l\u2019\u00e9paisseur de la feuille d\u2019aluminium \u00e0 plier. Cette technique de pliage en l\u2019air, \u00e9galement appel\u00e9e \u00ab&nbsp;pliage en trois points&nbsp;\u00bb pr\u00e9sente la particularit\u00e9 d\u2019un poin\u00e7on n\u2019allant pas \u00e0 fond de matrice.<\/p>\n            <\/div>\n        <\/div>\n        \t\t<\/div>\n\t\t\t\t<\/div>\n\t\t\t\t\t<\/div>\n\t\t<\/div>\n\t\t\t\t<div class=\"elementor-column elementor-col-50 elementor-inner-column elementor-element elementor-element-70f8a74 animated-fast elementor-invisible\" data-id=\"70f8a74\" data-element_type=\"column\" data-settings=\"{&quot;animation&quot;:&quot;opal-move-up&quot;,&quot;animation_delay&quot;:150}\">\n\t\t\t<div class=\"elementor-widget-wrap elementor-element-populated\">\n\t\t\t\t\t\t\t\t<div class=\"elementor-element elementor-element-9537f4c elementor-position-left elementor-view-default elementor-vertical-align-top elementor-widget elementor-widget-icon-box\" data-id=\"9537f4c\" data-element_type=\"widget\" data-widget_type=\"icon-box.default\">\n\t\t\t\t<div class=\"elementor-widget-container\">\n\t\t\t        <div class=\"elementor-icon-box-wrapper\">\n                            <div class=\"elementor-icon-box-icon\">\n                <span class=\"elementor-icon elementor-animation-\" >\n                <i class=\"fa fa-chevron-circle-right\" aria-hidden=\"true\"><\/i>\n                <\/span>\n                <\/div>\n                        <div class=\"elementor-icon-box-content\">\n            <h5 class=\"elementor-icon-box-subtitle\"><\/h5>\n            <h3 class=\"elementor-icon-box-title\">\n            <span >Pliage \u00e0 fond<\/span>\n            <\/h3>\n            <p class=\"elementor-icon-box-description\">Avec cette technique, le poin\u00e7on va cette fois au fond de la matrice, ce qui permet d\u2019obtenir un angle identique \u00e0 celui du poin\u00e7on. Ici, le rayon de pliage est \u00e9quivalent \u00e0 0.7 fois l\u2019\u00e9paisseur de la feuille d\u2019aluminium. Cette m\u00e9thode pr\u00e9sente par ailleurs l\u2019avantage d\u2019\u00e9liminer le retour \u00e9lastique. Il existe une m\u00e9thode d\u00e9riv\u00e9e de celle-ci utilisant un poin\u00e7on \u00e0 bord tranchant afin d\u2019obtenir un rayon int\u00e9rieur de pliage minimal.<\/p>\n            <\/div>\n        <\/div>\n        \t\t<\/div>\n\t\t\t\t<\/div>\n\t\t\t\t\t<\/div>\n\t\t<\/div>\n\t\t\t\t\t\t\t<\/div>\n\t\t<\/section>\n\t\t\t\t\t<\/div>\n\t\t<\/div>\n\t\t\t\t\t\t\t<\/div>\n\t\t<\/section>\n\t\t\t\t<section class=\"elementor-section elementor-top-section elementor-element elementor-element-ca12a22 elementor-section-boxed elementor-section-height-default elementor-section-height-default\" data-id=\"ca12a22\" data-element_type=\"section\">\n\t\t\t\t\t\t<div class=\"elementor-container elementor-column-gap-default\">\n\t\t\t\t\t<div class=\"elementor-column elementor-col-100 elementor-top-column elementor-element elementor-element-5c3188d\" data-id=\"5c3188d\" data-element_type=\"column\">\n\t\t\t<div class=\"elementor-widget-wrap elementor-element-populated\">\n\t\t\t\t\t\t\t\t<div class=\"elementor-element elementor-element-9d7cfde animated-fast elementor-widget-divider--separator-type-pattern elementor-widget-divider--view-line elementor-invisible elementor-widget elementor-widget-divider\" data-id=\"9d7cfde\" data-element_type=\"widget\" data-settings=\"{&quot;_animation&quot;:&quot;opal-move-up&quot;}\" data-widget_type=\"divider.default\">\n\t\t\t\t<div class=\"elementor-widget-container\">\n\t\t\t\t\t<div class=\"elementor-divider\" style=\"--divider-pattern-url: url(&quot;data:image\/svg+xml,%3Csvg xmlns=&#039;http:\/\/www.w3.org\/2000\/svg&#039; preserveAspectRatio=&#039;none&#039; overflow=&#039;visible&#039; height=&#039;100%&#039; viewBox=&#039;0 0 20 16&#039; fill=&#039;none&#039; stroke=&#039;black&#039; stroke-width=&#039;1.4&#039; stroke-linecap=&#039;square&#039; stroke-miterlimit=&#039;10&#039;%3E%3Cg transform=&#039;translate(-12.000000, 0)&#039;%3E%3Cpath d=&#039;M28,0L10,18&#039;\/%3E%3Cpath d=&#039;M18,0L0,18&#039;\/%3E%3Cpath d=&#039;M48,0L30,18&#039;\/%3E%3Cpath d=&#039;M38,0L20,18&#039;\/%3E%3C\/g%3E%3C\/svg%3E&quot;);\">\n\t\t\t<span class=\"elementor-divider-separator\">\n\t\t\t\t\t\t<\/span>\n\t\t<\/div>\n\t\t\t\t<\/div>\n\t\t\t\t<\/div>\n\t\t\t\t<div class=\"elementor-element elementor-element-1fdedb3 elementor-tablet-align-center animated-fast elementor-invisible elementor-widget elementor-widget-heading\" data-id=\"1fdedb3\" data-element_type=\"widget\" data-settings=\"{&quot;_animation&quot;:&quot;opal-move-up&quot;}\" data-widget_type=\"heading.default\">\n\t\t\t\t<div class=\"elementor-widget-container\">\n\t\t\t<span class=\"sub-title\">Les outils de pliage de l\u2019aluminium<\/span><h2 class=\"elementor-heading-title elementor-size-default\">Les principales caract\u00e9ristiques des outils de pliage\n<\/h2>\t\t<\/div>\n\t\t\t\t<\/div>\n\t\t\t\t<div class=\"elementor-element elementor-element-70c065e animated-fast elementor-invisible elementor-widget elementor-widget-text-editor\" data-id=\"70c065e\" data-element_type=\"widget\" data-settings=\"{&quot;_animation&quot;:&quot;opal-move-up&quot;}\" data-widget_type=\"text-editor.default\">\n\t\t\t\t<div class=\"elementor-widget-container\">\n\t\t\t        <div class=\"elementor-text-editor elementor-clearfix\"><p>Les outils utilis\u00e9s pour le pliage de l\u2019aluminium sont le plus souvent les m\u00eames que ceux utilis\u00e9s pour le pliage des aciers en g\u00e9n\u00e9ral et sont fabriqu\u00e9s avec des aciers \u00e0 outils pr\u00e9sentant \u00e0 la fois une tr\u00e8s forte r\u00e9sistance et une grande t\u00e9nacit\u00e9 et doivent bien entendu se montrer \u00e9galement r\u00e9sistants \u00e0 l\u2019usure.<\/p><p>Pour que ces outils soient r\u00e9sistants au temps, il est \u00e9galement souvent recommand\u00e9 de les concevoir avec des angles arrondis.<\/p><\/div>\n        \t\t<\/div>\n\t\t\t\t<\/div>\n\t\t\t\t\t<\/div>\n\t\t<\/div>\n\t\t\t\t\t\t\t<\/div>\n\t\t<\/section>\n\t\t\t\t<section class=\"elementor-section elementor-top-section elementor-element elementor-element-c34cb68 elementor-section-boxed elementor-section-height-default elementor-section-height-default\" data-id=\"c34cb68\" data-element_type=\"section\">\n\t\t\t\t\t\t<div class=\"elementor-container elementor-column-gap-default\">\n\t\t\t\t\t<div class=\"elementor-column elementor-col-100 elementor-top-column elementor-element elementor-element-31e8419 opal-box-clip\" data-id=\"31e8419\" data-element_type=\"column\" data-settings=\"{&quot;background_background&quot;:&quot;classic&quot;}\">\n\t\t\t<div class=\"elementor-widget-wrap elementor-element-populated\">\n\t\t\t\t\t<div class=\"elementor-background-overlay\"><\/div>\n\t\t\t\t\t\t\t\t<div class=\"elementor-element elementor-element-20d234f elementor-tablet-align-center animated-fast elementor-invisible elementor-widget elementor-widget-heading\" data-id=\"20d234f\" data-element_type=\"widget\" data-settings=\"{&quot;_animation&quot;:&quot;opal-move-up&quot;}\" data-widget_type=\"heading.default\">\n\t\t\t\t<div class=\"elementor-widget-container\">\n\t\t\t<span class=\"sub-title\">Alu Center Luxembourg<\/span><h2 class=\"elementor-heading-title elementor-size-default\">Nos services de pliage d\u2019aluminium<\/h2>\t\t<\/div>\n\t\t\t\t<\/div>\n\t\t\t\t<div class=\"elementor-element elementor-element-d71c439 animated-fast elementor-invisible elementor-widget elementor-widget-text-editor\" data-id=\"d71c439\" data-element_type=\"widget\" data-settings=\"{&quot;_animation&quot;:&quot;opal-move-up&quot;}\" data-widget_type=\"text-editor.default\">\n\t\t\t\t<div class=\"elementor-widget-container\">\n\t\t\t        <div class=\"elementor-text-editor elementor-clearfix\"><h5>D\u00e9couvrez nos prestations en pliage d\u2019aluminium :<\/h5><p>Pour vous procurer des \u00e9l\u00e9ments en aluminium de la bonne forme et aux bonnes dimensions,\u00a0Alu Center Luxembourg vous propose un service professionnel de pliage de cet alliage. Nous sommes capables de r\u00e9aliser vos demandes sur gabarit existant ou sur-mesure dans les meilleurs d\u00e9lais et au meilleur prix.<\/p><\/div>\n        \t\t<\/div>\n\t\t\t\t<\/div>\n\t\t\t\t\t<\/div>\n\t\t<\/div>\n\t\t\t\t\t\t\t<\/div>\n\t\t<\/section>\n\t\t\t\t<section class=\"elementor-section elementor-top-section elementor-element elementor-element-17a93015 elementor-section-stretched elementor-section-height-min-height osf-vertical-line-active elementor-section-boxed elementor-section-height-default elementor-section-items-middle\" data-id=\"17a93015\" data-element_type=\"section\" data-settings=\"{&quot;stretch_section&quot;:&quot;section-stretched&quot;,&quot;osf_section_vertical_line_switcher&quot;:&quot;active&quot;,&quot;background_background&quot;:&quot;classic&quot;}\">\n\t\t\t\t\t\t<div class=\"elementor-container elementor-column-gap-no\">\n\t\t\t\t\t<div class=\"elementor-column elementor-col-100 elementor-top-column elementor-element elementor-element-1908aeb6\" data-id=\"1908aeb6\" data-element_type=\"column\">\n\t\t\t<div class=\"elementor-widget-wrap elementor-element-populated\">\n\t\t\t\t\t\t\t\t<div class=\"elementor-element elementor-element-750d3b7d animated-fast elementor-invisible elementor-widget elementor-widget-heading\" data-id=\"750d3b7d\" data-element_type=\"widget\" data-settings=\"{&quot;_animation&quot;:&quot;opal-move-up&quot;}\" data-widget_type=\"heading.default\">\n\t\t\t\t<div class=\"elementor-widget-container\">\n\t\t\t<h2 class=\"elementor-heading-title elementor-size-default\">Contactez-nous<\/h2>\t\t<\/div>\n\t\t\t\t<\/div>\n\t\t\t\t<div class=\"elementor-element elementor-element-61f02fb7 animated-fast elementor-invisible elementor-widget elementor-widget-text-editor\" data-id=\"61f02fb7\" data-element_type=\"widget\" data-settings=\"{&quot;_animation&quot;:&quot;opal-move-up&quot;}\" data-widget_type=\"text-editor.default\">\n\t\t\t\t<div class=\"elementor-widget-container\">\n\t\t\t        <div class=\"elementor-text-editor elementor-clearfix\"><p>Si vous souhaitez recevoir\u00a0un devis d\u00e9taill\u00e9 pour une mission pr\u00e9cise <br \/>ou en savoir davantage \u00e0 propos de nos prestations.<br \/>Nous serons ravis de vous apporter notre expertise.<\/p><\/div>\n        \t\t<\/div>\n\t\t\t\t<\/div>\n\t\t\t\t<div class=\"elementor-element elementor-element-179f2f40 animated-fast elementor-button-primary elementor-invisible elementor-widget elementor-widget-button\" data-id=\"179f2f40\" data-element_type=\"widget\" data-settings=\"{&quot;_animation&quot;:&quot;opal-move-up&quot;}\" data-widget_type=\"button.default\">\n\t\t\t\t<div class=\"elementor-widget-container\">\n\t\t\t        <div class=\"elementor-button-wrapper\">\n            <a href=\"https:\/\/alucenter.lu\/index.php\/contact\/\" class=\"elementor-button-link elementor-button elementor-size-md\" role=\"button\">\n                \t\t<span class=\"elementor-button-content-wrapper\">\n\t\t\t\t\t\t<span class=\"elementor-button-icon elementor-align-icon-right\">\n\t\t\t\t\t\t\t\t\t<i class=\"opal-icon-long-arrow-right\" aria-hidden=\"true\"><\/i>\n\t\t\t\t\t\t\t<\/span>\n\t\t\t\t\t\t<span class=\"elementor-button-text\">Formulaire de contact<\/span>\n\t\t<\/span>\n\t\t            <\/a>\n        <\/div>\n        \t\t<\/div>\n\t\t\t\t<\/div>\n\t\t\t\t\t<\/div>\n\t\t<\/div>\n\t\t\t\t\t\t\t<\/div>\n\t\t<\/section>\n\t\t\t\t\t\t\t<\/div>\n\t\t","protected":false},"excerpt":{"rendered":"<p>Le pliage de l\u2019aluminium et ses m\u00e9thodes Qu\u2019est-ce que le pliage de l\u2019aluminium? Le\u00a0pliage de l\u2019aluminium\u00a0est le proc\u00e9d\u00e9 permettant de mettre en forme l\u2019aluminium en feuille en y appliquant une force sup\u00e9rieure \u00e0 sa limite d\u2019\u00e9lasticit\u00e9 en respectant sa limite de r\u00e9sistance maximale. Cette op\u00e9ration a bien entendu pour but de donner \u00e0 l\u2019aluminium la &hellip; <\/p>\n<p class=\"link-more\"><a href=\"https:\/\/alucenter.lu\/index.php\/les-techniques-de-pliage\/\" class=\"more-link\">Read More <i class=\"opal-icon-long-arrow-right\"><\/i><span class=\"screen-reader-text\"> \u00ab\u00a0Les techniques de pliage\u00a0\u00bb<\/span><\/a><\/p>\n","protected":false},"author":1,"featured_media":0,"parent":0,"menu_order":0,"comment_status":"closed","ping_status":"closed","template":"page-elementor.php","meta":{"inline_featured_image":false,"footnotes":""},"aioseo_notices":[],"_links":{"self":[{"href":"https:\/\/alucenter.lu\/index.php\/wp-json\/wp\/v2\/pages\/4338"}],"collection":[{"href":"https:\/\/alucenter.lu\/index.php\/wp-json\/wp\/v2\/pages"}],"about":[{"href":"https:\/\/alucenter.lu\/index.php\/wp-json\/wp\/v2\/types\/page"}],"author":[{"embeddable":true,"href":"https:\/\/alucenter.lu\/index.php\/wp-json\/wp\/v2\/users\/1"}],"replies":[{"embeddable":true,"href":"https:\/\/alucenter.lu\/index.php\/wp-json\/wp\/v2\/comments?post=4338"}],"version-history":[{"count":17,"href":"https:\/\/alucenter.lu\/index.php\/wp-json\/wp\/v2\/pages\/4338\/revisions"}],"predecessor-version":[{"id":5090,"href":"https:\/\/alucenter.lu\/index.php\/wp-json\/wp\/v2\/pages\/4338\/revisions\/5090"}],"wp:attachment":[{"href":"https:\/\/alucenter.lu\/index.php\/wp-json\/wp\/v2\/media?parent=4338"}],"curies":[{"name":"wp","href":"https:\/\/api.w.org\/{rel}","templated":true}]}}