{"id":4236,"date":"2020-04-15T17:22:33","date_gmt":"2020-04-15T15:22:33","guid":{"rendered":"http:\/\/alucenter.lu\/?page_id=4236"},"modified":"2020-07-03T00:36:26","modified_gmt":"2020-07-02T22:36:26","slug":"les-avantages-de-l-aluminium","status":"publish","type":"page","link":"https:\/\/alucenter.lu\/index.php\/les-avantages-de-l-aluminium\/","title":{"rendered":"Les avantages de l&rsquo;aluminium"},"content":{"rendered":"\t\t<div data-elementor-type=\"wp-post\" data-elementor-id=\"4236\" class=\"elementor elementor-4236\">\n\t\t\t\t\t\t\t\t\t<section class=\"elementor-section elementor-top-section elementor-element elementor-element-e6811c5 elementor-section-boxed elementor-section-height-default elementor-section-height-default\" data-id=\"e6811c5\" data-element_type=\"section\">\n\t\t\t\t\t\t<div class=\"elementor-container elementor-column-gap-default\">\n\t\t\t\t\t<div class=\"elementor-column elementor-col-100 elementor-top-column elementor-element elementor-element-977aedd\" data-id=\"977aedd\" data-element_type=\"column\">\n\t\t\t<div class=\"elementor-widget-wrap elementor-element-populated\">\n\t\t\t\t\t\t\t\t<div class=\"elementor-element elementor-element-b63de5d elementor-tablet-align-center animated-fast elementor-invisible elementor-widget elementor-widget-heading\" data-id=\"b63de5d\" data-element_type=\"widget\" data-settings=\"{&quot;_animation&quot;:&quot;opal-move-up&quot;}\" data-widget_type=\"heading.default\">\n\t\t\t\t<div class=\"elementor-widget-container\">\n\t\t\t<span class=\"sub-title\">Les principaux avantages<\/span><h2 class=\"elementor-heading-title elementor-size-default\">Un mat\u00e9riau esth\u00e9tique et \u00e9conomique<\/h2>\t\t<\/div>\n\t\t\t\t<\/div>\n\t\t\t\t<section class=\"elementor-section elementor-inner-section elementor-element elementor-element-213d0d0 elementor-section-boxed elementor-section-height-default elementor-section-height-default\" data-id=\"213d0d0\" data-element_type=\"section\">\n\t\t\t\t\t\t<div class=\"elementor-container elementor-column-gap-default\">\n\t\t\t\t\t<div class=\"elementor-column elementor-col-100 elementor-inner-column elementor-element elementor-element-8fe01b4\" data-id=\"8fe01b4\" data-element_type=\"column\">\n\t\t\t<div class=\"elementor-widget-wrap elementor-element-populated\">\n\t\t\t\t\t\t\t\t<div class=\"elementor-element elementor-element-eec65ad animated-fast elementor-invisible elementor-widget elementor-widget-text-editor\" data-id=\"eec65ad\" data-element_type=\"widget\" data-settings=\"{&quot;_animation&quot;:&quot;opal-move-up&quot;}\" data-widget_type=\"text-editor.default\">\n\t\t\t\t<div class=\"elementor-widget-container\">\n\t\t\t        <div class=\"elementor-text-editor elementor-clearfix\"><p>Parmi les principaux atouts de l\u2019aluminium dans la construction, on peut bien entendu citer son esth\u00e9tique indiscutable. Qu\u2019il soit de finition brillante ou color\u00e9e, l\u2019aluminium peut \u00eatre d\u00e9clin\u00e9 en diff\u00e9rents aspects avec principalement les \u00e9l\u00e9ments en aluminium anodis\u00e9 (incolore) ou en\u00a0aluminium peint\u00a0ou poudr\u00e9, thermolaqu\u00e9 (color\u00e9). On peut donc, selon le rendu d\u00e9sir\u00e9, opter pour des\u00a0produits en aluminium\u00a0mat ou brillant, lisse, textur\u00e9 ou m\u00e9tallis\u00e9.<\/p><p>L\u2019aluminium est \u00e9galement un mat\u00e9riau durable et offrant des \u00e9conomies d\u2019\u00e9nergie \u00e9tant donn\u00e9 qu\u2019il est recyclable. L\u2019aluminium est un excellent conducteur de chaleur ce qui est un avantage pour certains \u00e9l\u00e9ments de construction. Mais lorsque cette propri\u00e9t\u00e9 pose probl\u00e8me comme dans le cas de fen\u00eatres et de fa\u00e7ades, il est possible de contr\u00f4ler cette conductivit\u00e9 par de nouveaux profil\u00e9s int\u00e9grant des barrettes en mat\u00e9riau \u00e0 faible conductivit\u00e9 thermique. L\u2019aluminium est enfin imperm\u00e9able et ne laisse passer ni la lumi\u00e8re ni les micro-organismes.<\/p><\/div>\n        \t\t<\/div>\n\t\t\t\t<\/div>\n\t\t\t\t<div class=\"elementor-element elementor-element-e632eb7 gallery-spacing-custom elementor-invisible elementor-widget elementor-widget-image-gallery\" data-id=\"e632eb7\" data-element_type=\"widget\" data-settings=\"{&quot;_animation&quot;:&quot;fadeIn&quot;}\" data-widget_type=\"image-gallery.default\">\n\t\t\t\t<div class=\"elementor-widget-container\">\n\t\t\t\t\t<div class=\"elementor-image-gallery\">\n\t\t\t<div id='gallery-1' class='gallery galleryid-4236 gallery-columns-4 gallery-size-medium'><figure class='gallery-item'>\n\t\t\t<div class='gallery-icon landscape'>\n\t\t\t\t<img width=\"300\" height=\"200\" src=\"https:\/\/alucenter.lu\/wp-content\/uploads\/2020\/04\/plaque-aluminium-300x200.jpg\" class=\"attachment-medium size-medium\" alt=\"\" decoding=\"async\" loading=\"lazy\" srcset=\"https:\/\/alucenter.lu\/wp-content\/uploads\/2020\/04\/plaque-aluminium-300x200.jpg 300w, https:\/\/alucenter.lu\/wp-content\/uploads\/2020\/04\/plaque-aluminium.jpg 350w\" sizes=\"(max-width: 300px) 100vw, 300px\" \/>\n\t\t\t<\/div><\/figure><figure class='gallery-item'>\n\t\t\t<div class='gallery-icon landscape'>\n\t\t\t\t<img width=\"300\" height=\"200\" src=\"https:\/\/alucenter.lu\/wp-content\/uploads\/2020\/04\/Stock-aluminium2-300x200.jpg\" class=\"attachment-medium size-medium\" alt=\"\" decoding=\"async\" loading=\"lazy\" srcset=\"https:\/\/alucenter.lu\/wp-content\/uploads\/2020\/04\/Stock-aluminium2-300x200.jpg 300w, https:\/\/alucenter.lu\/wp-content\/uploads\/2020\/04\/Stock-aluminium2-768x512.jpg 768w, https:\/\/alucenter.lu\/wp-content\/uploads\/2020\/04\/Stock-aluminium2-700x467.jpg 700w, https:\/\/alucenter.lu\/wp-content\/uploads\/2020\/04\/Stock-aluminium2.jpg 1000w\" sizes=\"(max-width: 300px) 100vw, 300px\" \/>\n\t\t\t<\/div><\/figure><figure class='gallery-item'>\n\t\t\t<div class='gallery-icon landscape'>\n\t\t\t\t<img width=\"300\" height=\"200\" src=\"https:\/\/alucenter.lu\/wp-content\/uploads\/2020\/04\/Stock-aluminium4-300x200.jpg\" class=\"attachment-medium size-medium\" alt=\"\" decoding=\"async\" loading=\"lazy\" srcset=\"https:\/\/alucenter.lu\/wp-content\/uploads\/2020\/04\/Stock-aluminium4-300x200.jpg 300w, https:\/\/alucenter.lu\/wp-content\/uploads\/2020\/04\/Stock-aluminium4-768x512.jpg 768w, https:\/\/alucenter.lu\/wp-content\/uploads\/2020\/04\/Stock-aluminium4-700x467.jpg 700w, https:\/\/alucenter.lu\/wp-content\/uploads\/2020\/04\/Stock-aluminium4.jpg 1000w\" sizes=\"(max-width: 300px) 100vw, 300px\" \/>\n\t\t\t<\/div><\/figure><figure class='gallery-item'>\n\t\t\t<div class='gallery-icon landscape'>\n\t\t\t\t<img width=\"300\" height=\"200\" src=\"https:\/\/alucenter.lu\/wp-content\/uploads\/2020\/04\/stock-aluminium-300x200.jpg\" class=\"attachment-medium size-medium\" alt=\"\" decoding=\"async\" loading=\"lazy\" srcset=\"https:\/\/alucenter.lu\/wp-content\/uploads\/2020\/04\/stock-aluminium-300x200.jpg 300w, https:\/\/alucenter.lu\/wp-content\/uploads\/2020\/04\/stock-aluminium.jpg 350w\" sizes=\"(max-width: 300px) 100vw, 300px\" \/>\n\t\t\t<\/div><\/figure>\n\t\t<\/div>\n\t\t<\/div>\n\t\t\t\t<\/div>\n\t\t\t\t<\/div>\n\t\t\t\t\t<\/div>\n\t\t<\/div>\n\t\t\t\t\t\t\t<\/div>\n\t\t<\/section>\n\t\t\t\t<div class=\"elementor-element elementor-element-741356f elementor-tablet-align-center animated-fast elementor-invisible elementor-widget elementor-widget-heading\" data-id=\"741356f\" data-element_type=\"widget\" data-settings=\"{&quot;_animation&quot;:&quot;opal-move-up&quot;}\" data-widget_type=\"heading.default\">\n\t\t\t\t<div class=\"elementor-widget-container\">\n\t\t\t<h2 class=\"elementor-heading-title elementor-size-default\">Une durabilit\u00e9 exemplaire et un entretien simple de l\u2019aluminium<\/h2>\t\t<\/div>\n\t\t\t\t<\/div>\n\t\t\t\t<div class=\"elementor-element elementor-element-1f74e71 animated-fast elementor-invisible elementor-widget elementor-widget-text-editor\" data-id=\"1f74e71\" data-element_type=\"widget\" data-settings=\"{&quot;_animation&quot;:&quot;opal-move-up&quot;}\" data-widget_type=\"text-editor.default\">\n\t\t\t\t<div class=\"elementor-widget-container\">\n\t\t\t        <div class=\"elementor-text-editor elementor-clearfix\"><p>L\u2019entretien de l\u2019aluminium et sa simplicit\u00e9 est un autre avantage de ce mat\u00e9riau qui pr\u00e9sente par ailleurs la capacit\u00e9 de traverser les ann\u00e9es sans se d\u00e9grader. Il est prot\u00e9g\u00e9 de la corrosion par la production naturelle d\u2019une couche d\u2019oxyde.<\/p><p>La durabilit\u00e9 de l\u2019aluminium dans la construction est encore renforc\u00e9e par les traitements de surface effectu\u00e9s sur les\u00a0produits en aluminium\u00a0lors de leur\u00a0fabrication\u00a0avec l\u2019anodisation et le thermolaquage.<\/p><p>L\u2019aluminium est donc r\u00e9sistant et par cons\u00e9quent tr\u00e8s simple \u00e0 entretenir. Il ne n\u00e9cessite en effet qu\u2019un simple lavage \u00e0 l\u2019eau avec un d\u00e9tergent doux de temps en temps pour le conserver comme \u00e0 son \u00e9tat neuf.<\/p><\/div>\n        \t\t<\/div>\n\t\t\t\t<\/div>\n\t\t\t\t<div class=\"elementor-element elementor-element-9d7cfde animated-fast elementor-widget-divider--separator-type-pattern elementor-widget-divider--view-line elementor-invisible elementor-widget elementor-widget-divider\" data-id=\"9d7cfde\" data-element_type=\"widget\" data-settings=\"{&quot;_animation&quot;:&quot;opal-move-up&quot;}\" data-widget_type=\"divider.default\">\n\t\t\t\t<div class=\"elementor-widget-container\">\n\t\t\t\t\t<div class=\"elementor-divider\" style=\"--divider-pattern-url: url(&quot;data:image\/svg+xml,%3Csvg xmlns=&#039;http:\/\/www.w3.org\/2000\/svg&#039; preserveAspectRatio=&#039;none&#039; overflow=&#039;visible&#039; height=&#039;100%&#039; viewBox=&#039;0 0 20 16&#039; fill=&#039;none&#039; stroke=&#039;black&#039; stroke-width=&#039;1.4&#039; stroke-linecap=&#039;square&#039; stroke-miterlimit=&#039;10&#039;%3E%3Cg transform=&#039;translate(-12.000000, 0)&#039;%3E%3Cpath d=&#039;M28,0L10,18&#039;\/%3E%3Cpath d=&#039;M18,0L0,18&#039;\/%3E%3Cpath d=&#039;M48,0L30,18&#039;\/%3E%3Cpath d=&#039;M38,0L20,18&#039;\/%3E%3C\/g%3E%3C\/svg%3E&quot;);\">\n\t\t\t<span class=\"elementor-divider-separator\">\n\t\t\t\t\t\t<\/span>\n\t\t<\/div>\n\t\t\t\t<\/div>\n\t\t\t\t<\/div>\n\t\t\t\t<div class=\"elementor-element elementor-element-1fdedb3 elementor-tablet-align-center animated-fast elementor-invisible elementor-widget elementor-widget-heading\" data-id=\"1fdedb3\" data-element_type=\"widget\" data-settings=\"{&quot;_animation&quot;:&quot;opal-move-up&quot;}\" data-widget_type=\"heading.default\">\n\t\t\t\t<div class=\"elementor-widget-container\">\n\t\t\t<span class=\"sub-title\">Les Avantages de l\u2019aluminium pour la construction<\/span><h2 class=\"elementor-heading-title elementor-size-default\">L\u2019aluminium : Un mat\u00e9riau \u00e0 la mise en \u0153uvre facile<\/h2>\t\t<\/div>\n\t\t\t\t<\/div>\n\t\t\t\t<section class=\"elementor-section elementor-inner-section elementor-element elementor-element-3c3c0c1 elementor-section-boxed elementor-section-height-default elementor-section-height-default\" data-id=\"3c3c0c1\" data-element_type=\"section\">\n\t\t\t\t\t\t<div class=\"elementor-container elementor-column-gap-default\">\n\t\t\t\t\t<div class=\"elementor-column elementor-col-100 elementor-inner-column elementor-element elementor-element-779894a\" data-id=\"779894a\" data-element_type=\"column\">\n\t\t\t<div class=\"elementor-widget-wrap elementor-element-populated\">\n\t\t\t\t\t\t\t\t<div class=\"elementor-element elementor-element-70c065e animated-fast elementor-invisible elementor-widget elementor-widget-text-editor\" data-id=\"70c065e\" data-element_type=\"widget\" data-settings=\"{&quot;_animation&quot;:&quot;opal-move-up&quot;}\" data-widget_type=\"text-editor.default\">\n\t\t\t\t<div class=\"elementor-widget-container\">\n\t\t\t        <div class=\"elementor-text-editor elementor-clearfix\"><p>L\u2019une des principales sp\u00e9cificit\u00e9s de l\u2019aluminium est sa mall\u00e9abilit\u00e9. Ce mat\u00e9riau est ainsi plus simple \u00e0 travailler que d\u2019autres alliages m\u00eame \u00e0 basse temp\u00e9rature. Capable de se d\u00e9former sans se casser, l\u2019aluminium peut ainsi adopter toutes les formes souhait\u00e9es, ce qui est un r\u00e9el atout pour les chantiers, notamment en r\u00e9novation, et qui n\u00e9cessitent le remplacement de certains \u00e9l\u00e9ments aux dimensions tr\u00e8s sp\u00e9cifiques pouvant ainsi \u00eatre produits \u00e0 la demande et selon la forme et taille voulue.<\/p><p>Un autre avantage ind\u00e9niable de l\u2019aluminium pour les professionnels du b\u00e2timent concerne sa simplicit\u00e9 d\u2019assemblage. Ce mat\u00e9riaux peut en effet \u00eatre assembl\u00e9 par\u00a0soudage, vissage ou rivetage et est de plus tr\u00e8s facile \u00e0 manipuler de par sa grande l\u00e9g\u00e8ret\u00e9.<\/p><\/div>\n        \t\t<\/div>\n\t\t\t\t<\/div>\n\t\t\t\t\t<\/div>\n\t\t<\/div>\n\t\t\t\t\t\t\t<\/div>\n\t\t<\/section>\n\t\t\t\t\t<\/div>\n\t\t<\/div>\n\t\t\t\t\t\t\t<\/div>\n\t\t<\/section>\n\t\t\t\t<section class=\"elementor-section elementor-top-section elementor-element elementor-element-c34cb68 elementor-section-boxed elementor-section-height-default elementor-section-height-default\" data-id=\"c34cb68\" data-element_type=\"section\">\n\t\t\t\t\t\t<div class=\"elementor-container elementor-column-gap-default\">\n\t\t\t\t\t<div class=\"elementor-column elementor-col-100 elementor-top-column elementor-element elementor-element-31e8419 opal-box-clip\" data-id=\"31e8419\" data-element_type=\"column\" data-settings=\"{&quot;background_background&quot;:&quot;classic&quot;}\">\n\t\t\t<div class=\"elementor-widget-wrap elementor-element-populated\">\n\t\t\t\t\t<div class=\"elementor-background-overlay\"><\/div>\n\t\t\t\t\t\t\t\t<div class=\"elementor-element elementor-element-20d234f elementor-tablet-align-center animated-fast elementor-invisible elementor-widget elementor-widget-heading\" data-id=\"20d234f\" data-element_type=\"widget\" data-settings=\"{&quot;_animation&quot;:&quot;opal-move-up&quot;}\" data-widget_type=\"heading.default\">\n\t\t\t\t<div class=\"elementor-widget-container\">\n\t\t\t<span class=\"sub-title\">Alu center Luxembourg<\/span><h2 class=\"elementor-heading-title elementor-size-default\">De l\u2019aluminium de qualit\u00e9 pour vos chantiers<\/h2>\t\t<\/div>\n\t\t\t\t<\/div>\n\t\t\t\t<div class=\"elementor-element elementor-element-d71c439 animated-fast elementor-invisible elementor-widget elementor-widget-text-editor\" data-id=\"d71c439\" data-element_type=\"widget\" data-settings=\"{&quot;_animation&quot;:&quot;opal-move-up&quot;}\" data-widget_type=\"text-editor.default\">\n\t\t\t\t<div class=\"elementor-widget-container\">\n\t\t\t        <div class=\"elementor-text-editor elementor-clearfix\"><h5>B\u00e9n\u00e9ficiez des avantages de l\u2019aluminium en construction :<\/h5><p>Pour mener \u00e0 bien vos chantiers de construction ou de r\u00e9novation et profiter de tous les avantages de l\u2019aluminium en tant que mat\u00e9riau,\u00a0Alu Center Luxembourg vous propose un large choix de\u00a0produits\u00a0finis dans cet alliage et de nombreux services associ\u00e9s.<\/p><p>Obtenez ainsi des \u00e9l\u00e9ments solides, durables et faciles \u00e0 mettre en \u0153uvre parmi notre catalogue diversifi\u00e9 avec des produits r\u00e9alis\u00e9s en diff\u00e9rentes finitions selon vos besoins ou vos envies.<\/p><\/div>\n        \t\t<\/div>\n\t\t\t\t<\/div>\n\t\t\t\t\t<\/div>\n\t\t<\/div>\n\t\t\t\t\t\t\t<\/div>\n\t\t<\/section>\n\t\t\t\t<section class=\"elementor-section elementor-top-section elementor-element elementor-element-17a93015 elementor-section-stretched elementor-section-height-min-height osf-vertical-line-active elementor-section-boxed elementor-section-height-default elementor-section-items-middle\" data-id=\"17a93015\" data-element_type=\"section\" data-settings=\"{&quot;stretch_section&quot;:&quot;section-stretched&quot;,&quot;osf_section_vertical_line_switcher&quot;:&quot;active&quot;,&quot;background_background&quot;:&quot;classic&quot;}\">\n\t\t\t\t\t\t<div class=\"elementor-container elementor-column-gap-no\">\n\t\t\t\t\t<div class=\"elementor-column elementor-col-100 elementor-top-column elementor-element elementor-element-1908aeb6\" data-id=\"1908aeb6\" data-element_type=\"column\">\n\t\t\t<div class=\"elementor-widget-wrap elementor-element-populated\">\n\t\t\t\t\t\t\t\t<div class=\"elementor-element elementor-element-750d3b7d animated-fast elementor-invisible elementor-widget elementor-widget-heading\" data-id=\"750d3b7d\" data-element_type=\"widget\" data-settings=\"{&quot;_animation&quot;:&quot;opal-move-up&quot;}\" data-widget_type=\"heading.default\">\n\t\t\t\t<div class=\"elementor-widget-container\">\n\t\t\t<h2 class=\"elementor-heading-title elementor-size-default\">Contactez-nous<\/h2>\t\t<\/div>\n\t\t\t\t<\/div>\n\t\t\t\t<div class=\"elementor-element elementor-element-61f02fb7 animated-fast elementor-invisible elementor-widget elementor-widget-text-editor\" data-id=\"61f02fb7\" data-element_type=\"widget\" data-settings=\"{&quot;_animation&quot;:&quot;opal-move-up&quot;}\" data-widget_type=\"text-editor.default\">\n\t\t\t\t<div class=\"elementor-widget-container\">\n\t\t\t        <div class=\"elementor-text-editor elementor-clearfix\"><p>Si vous souhaitez recevoir\u00a0un devis d\u00e9taill\u00e9 pour une mission pr\u00e9cise <br \/>ou en savoir davantage \u00e0 propos de nos prestations.<br \/>Nous serons ravis de vous apporter notre expertise.<\/p><\/div>\n        \t\t<\/div>\n\t\t\t\t<\/div>\n\t\t\t\t<div class=\"elementor-element elementor-element-179f2f40 animated-fast elementor-button-primary elementor-invisible elementor-widget elementor-widget-button\" data-id=\"179f2f40\" data-element_type=\"widget\" data-settings=\"{&quot;_animation&quot;:&quot;opal-move-up&quot;}\" data-widget_type=\"button.default\">\n\t\t\t\t<div class=\"elementor-widget-container\">\n\t\t\t        <div class=\"elementor-button-wrapper\">\n            <a href=\"https:\/\/alucenter.lu\/index.php\/contact\/\" class=\"elementor-button-link elementor-button elementor-size-md\" role=\"button\">\n                \t\t<span class=\"elementor-button-content-wrapper\">\n\t\t\t\t\t\t<span class=\"elementor-button-icon elementor-align-icon-right\">\n\t\t\t\t\t\t\t\t\t<i class=\"opal-icon-long-arrow-right\" aria-hidden=\"true\"><\/i>\n\t\t\t\t\t\t\t<\/span>\n\t\t\t\t\t\t<span class=\"elementor-button-text\">Formulaire de contact<\/span>\n\t\t<\/span>\n\t\t            <\/a>\n        <\/div>\n        \t\t<\/div>\n\t\t\t\t<\/div>\n\t\t\t\t\t<\/div>\n\t\t<\/div>\n\t\t\t\t\t\t\t<\/div>\n\t\t<\/section>\n\t\t\t\t\t\t\t<\/div>\n\t\t","protected":false},"excerpt":{"rendered":"<p>Les principaux avantages Un mat\u00e9riau esth\u00e9tique et \u00e9conomique Parmi les principaux atouts de l\u2019aluminium dans la construction, on peut bien entendu citer son esth\u00e9tique indiscutable. Qu\u2019il soit de finition brillante ou color\u00e9e, l\u2019aluminium peut \u00eatre d\u00e9clin\u00e9 en diff\u00e9rents aspects avec principalement les \u00e9l\u00e9ments en aluminium anodis\u00e9 (incolore) ou en\u00a0aluminium peint\u00a0ou poudr\u00e9, thermolaqu\u00e9 (color\u00e9). On peut &hellip; <\/p>\n<p class=\"link-more\"><a href=\"https:\/\/alucenter.lu\/index.php\/les-avantages-de-l-aluminium\/\" class=\"more-link\">Read More <i class=\"opal-icon-long-arrow-right\"><\/i><span class=\"screen-reader-text\"> \u00ab\u00a0Les avantages de l&rsquo;aluminium\u00a0\u00bb<\/span><\/a><\/p>\n","protected":false},"author":1,"featured_media":0,"parent":0,"menu_order":0,"comment_status":"closed","ping_status":"closed","template":"page-elementor.php","meta":{"inline_featured_image":false,"footnotes":""},"aioseo_notices":[],"_links":{"self":[{"href":"https:\/\/alucenter.lu\/index.php\/wp-json\/wp\/v2\/pages\/4236"}],"collection":[{"href":"https:\/\/alucenter.lu\/index.php\/wp-json\/wp\/v2\/pages"}],"about":[{"href":"https:\/\/alucenter.lu\/index.php\/wp-json\/wp\/v2\/types\/page"}],"author":[{"embeddable":true,"href":"https:\/\/alucenter.lu\/index.php\/wp-json\/wp\/v2\/users\/1"}],"replies":[{"embeddable":true,"href":"https:\/\/alucenter.lu\/index.php\/wp-json\/wp\/v2\/comments?post=4236"}],"version-history":[{"count":26,"href":"https:\/\/alucenter.lu\/index.php\/wp-json\/wp\/v2\/pages\/4236\/revisions"}],"predecessor-version":[{"id":5084,"href":"https:\/\/alucenter.lu\/index.php\/wp-json\/wp\/v2\/pages\/4236\/revisions\/5084"}],"wp:attachment":[{"href":"https:\/\/alucenter.lu\/index.php\/wp-json\/wp\/v2\/media?parent=4236"}],"curies":[{"name":"wp","href":"https:\/\/api.w.org\/{rel}","templated":true}]}}