{"id":3135,"date":"2019-06-12T09:33:55","date_gmt":"2019-06-12T09:33:55","guid":{"rendered":"http:\/\/source.wpopal.com\/konstruktic\/?page_id=3135"},"modified":"2021-04-27T15:25:54","modified_gmt":"2021-04-27T13:25:54","slug":"contact","status":"publish","type":"page","link":"https:\/\/alucenter.lu\/index.php\/contact\/","title":{"rendered":"Contact"},"content":{"rendered":"\t\t<div data-elementor-type=\"wp-post\" data-elementor-id=\"3135\" class=\"elementor elementor-3135\">\n\t\t\t\t\t\t\t\t\t<section class=\"elementor-section elementor-top-section elementor-element elementor-element-4434d7a elementor-section-boxed elementor-section-height-default elementor-section-height-default\" data-id=\"4434d7a\" data-element_type=\"section\">\n\t\t\t\t\t\t<div class=\"elementor-container elementor-column-gap-no\">\n\t\t\t\t\t<div class=\"elementor-column elementor-col-66 elementor-top-column elementor-element elementor-element-673b43f opal-box-clip\" data-id=\"673b43f\" data-element_type=\"column\" data-settings=\"{&quot;background_background&quot;:&quot;classic&quot;}\">\n\t\t\t<div class=\"elementor-widget-wrap elementor-element-populated\">\n\t\t\t\t\t\t\t\t<div class=\"elementor-element elementor-element-3f752d1 elementor-widget elementor-widget-heading\" data-id=\"3f752d1\" data-element_type=\"widget\" data-widget_type=\"heading.default\">\n\t\t\t\t<div class=\"elementor-widget-container\">\n\t\t\t<h2 class=\"elementor-heading-title elementor-size-default\">Contactez-nous<\/h2>\t\t<\/div>\n\t\t\t\t<\/div>\n\t\t\t\t<div class=\"elementor-element elementor-element-73265a1 elementor-widget elementor-widget-text-editor\" data-id=\"73265a1\" data-element_type=\"widget\" data-widget_type=\"text-editor.default\">\n\t\t\t\t<div class=\"elementor-widget-container\">\n\t\t\t        <div class=\"elementor-text-editor elementor-clearfix\"><p>Une questions concernant nos prestations? Un devis d\u00e9taill\u00e9 pour une mission pr\u00e9cise?<br \/>Remplissez le formulaire ci-dessous, nous serons ravis de vous apporter notre expertise.<\/p><\/div>\n        \t\t<\/div>\n\t\t\t\t<\/div>\n\t\t\t\t\t<\/div>\n\t\t<\/div>\n\t\t\t\t<div class=\"elementor-column elementor-col-33 elementor-top-column elementor-element elementor-element-f586279\" data-id=\"f586279\" data-element_type=\"column\">\n\t\t\t<div class=\"elementor-widget-wrap elementor-element-populated\">\n\t\t\t\t\t\t\t\t<div class=\"elementor-element elementor-element-d06f56a elementor-widget elementor-widget-text-editor\" data-id=\"d06f56a\" data-element_type=\"widget\" data-widget_type=\"text-editor.default\">\n\t\t\t\t<div class=\"elementor-widget-container\">\n\t\t\t        <div class=\"elementor-text-editor elementor-clearfix\"><p><strong>Alu Center Luxembourg<\/strong><\/p><p><span style=\"color: black;\">Adresse <\/span><br \/>4, Chemin des Douaniers<br \/>L9647 Doncols<\/p><p><span style=\"color: black;\">T\u00e9l\u00e9phone<\/span><br \/>+352 691 30 32 31<\/p><p><span style=\"color: black;\">Email<\/span><br \/>info@alucenter.lu<\/p><p><span style=\"color: black;\">Horaires<\/span><br \/>Du lundi au vendredi<br \/>de 8h00 \u00e0 17h00<br \/>Ferm\u00e9 le samedi &amp; et le dimanche<\/p><\/div>\n        \t\t<\/div>\n\t\t\t\t<\/div>\n\t\t\t\t\t<\/div>\n\t\t<\/div>\n\t\t\t\t\t\t\t<\/div>\n\t\t<\/section>\n\t\t\t\t<section class=\"elementor-section elementor-top-section elementor-element elementor-element-c01d086 elementor-section-stretched elementor-section-full_width elementor-section-height-default elementor-section-height-default\" data-id=\"c01d086\" data-element_type=\"section\" data-settings=\"{&quot;stretch_section&quot;:&quot;section-stretched&quot;}\">\n\t\t\t\t\t\t<div class=\"elementor-container elementor-column-gap-no\">\n\t\t\t\t\t<div class=\"elementor-column elementor-col-100 elementor-top-column elementor-element elementor-element-b7588f6\" data-id=\"b7588f6\" data-element_type=\"column\">\n\t\t\t<div class=\"elementor-widget-wrap elementor-element-populated\">\n\t\t\t\t\t\t\t\t<div class=\"elementor-element elementor-element-5e1fa25 elementor-widget elementor-widget-google_maps\" data-id=\"5e1fa25\" data-element_type=\"widget\" data-widget_type=\"google_maps.default\">\n\t\t\t\t<div class=\"elementor-widget-container\">\n\t\t\t\t\t<div class=\"elementor-custom-embed\">\n\t\t\t<iframe loading=\"lazy\"\n\t\t\t\t\tsrc=\"https:\/\/maps.google.com\/maps?q=4%20chemin%20des%20douaniers%20doncols&#038;t=m&#038;z=10&#038;output=embed&#038;iwloc=near\"\n\t\t\t\t\ttitle=\"4 chemin des douaniers doncols\"\n\t\t\t\t\taria-label=\"4 chemin des douaniers doncols\"\n\t\t\t><\/iframe>\n\t\t<\/div>\n\t\t\t\t<\/div>\n\t\t\t\t<\/div>\n\t\t\t\t\t<\/div>\n\t\t<\/div>\n\t\t\t\t\t\t\t<\/div>\n\t\t<\/section>\n\t\t\t\t\t\t\t<\/div>\n\t\t","protected":false},"excerpt":{"rendered":"<p>Contactez-nous Une questions concernant nos prestations? Un devis d\u00e9taill\u00e9 pour une mission pr\u00e9cise?Remplissez le formulaire ci-dessous, nous serons ravis de vous apporter notre expertise. Envoyer Alu Center Luxembourg Adresse 4, Chemin des DouaniersL9647 Doncols T\u00e9l\u00e9phone+352 691 30 32 31 Emailinfo@alucenter.lu HorairesDu lundi au vendredide 8h00 \u00e0 17h00Ferm\u00e9 le samedi &amp; et le dimanche<\/p>\n","protected":false},"author":1,"featured_media":0,"parent":0,"menu_order":0,"comment_status":"closed","ping_status":"closed","template":"page-elementor.php","meta":{"inline_featured_image":false,"footnotes":""},"aioseo_notices":[],"_links":{"self":[{"href":"https:\/\/alucenter.lu\/index.php\/wp-json\/wp\/v2\/pages\/3135"}],"collection":[{"href":"https:\/\/alucenter.lu\/index.php\/wp-json\/wp\/v2\/pages"}],"about":[{"href":"https:\/\/alucenter.lu\/index.php\/wp-json\/wp\/v2\/types\/page"}],"author":[{"embeddable":true,"href":"https:\/\/alucenter.lu\/index.php\/wp-json\/wp\/v2\/users\/1"}],"replies":[{"embeddable":true,"href":"https:\/\/alucenter.lu\/index.php\/wp-json\/wp\/v2\/comments?post=3135"}],"version-history":[{"count":18,"href":"https:\/\/alucenter.lu\/index.php\/wp-json\/wp\/v2\/pages\/3135\/revisions"}],"predecessor-version":[{"id":5223,"href":"https:\/\/alucenter.lu\/index.php\/wp-json\/wp\/v2\/pages\/3135\/revisions\/5223"}],"wp:attachment":[{"href":"https:\/\/alucenter.lu\/index.php\/wp-json\/wp\/v2\/media?parent=3135"}],"curies":[{"name":"wp","href":"https:\/\/api.w.org\/{rel}","templated":true}]}}